{"id":1434,"date":"2025-11-27T10:04:31","date_gmt":"2025-11-27T10:04:31","guid":{"rendered":"https:\/\/magnetic-slots.net\/app-2\/"},"modified":"2026-04-01T10:23:11","modified_gmt":"2026-04-01T09:23:11","slug":"app","status":"publish","type":"page","link":"https:\/\/magnetic-slots.net\/de\/app\/","title":{"rendered":"App"},"content":{"rendered":"<h1>Magneticslots-App<\/h1>\n<p>Magneticslots App ist eine PWA-Version unseres Casinos. Du kannst sie im Browser \u00f6ffnen, sie zu deinem Startbildschirm hinzuf\u00fcgen und Magneticslots griffbereit halten, ohne einen App-Store zu nutzen. Das bedeutet auch, dass du keine separate Aktualisierung verwalten musst, weil \u00c4nderungen an der App direkt \u00fcber die Plattform kommen, w\u00e4hrend sich das Produkt weiterentwickelt. Das Ergebnis ist eine einfachere M\u00f6glichkeit, Magnetic Slots auf den Ger\u00e4ten griffbereit zu halten, die Spieler jeden Tag nutzen.<\/p>\n<div class=\"banner-wrap\" aria-label=\"Banner\"><img src=\"https:\/\/magnetic-slots.net\/wp-content\/uploads\/2025\/11\/header-bg-1.webp\" class=\"w-100 d-none d-lg-block img-pc main-banner-img\" alt=\"MagneticSlots banner desktop\" fetchpriority=\"high\" decoding=\"async\"><img src=\"https:\/\/magnetic-slots.net\/wp-content\/uploads\/2025\/11\/MagneticSlots-mobile-banner.webp\" class=\"w-100 d-none d-md-block d-lg-none main-banner-img\" alt=\"MagneticSlots mobile banner\" fetchpriority=\"high\" decoding=\"async\"><img src=\"https:\/\/magnetic-slots.net\/wp-content\/uploads\/2025\/11\/MagneticSlots-mobile-banner.webp\" class=\"w-100 d-md-none\" alt=\"MagneticSlots mobile banner\" fetchpriority=\"high\" decoding=\"async\"><div class=\"banner-description\">\n<div class=\"banner-title\">Willkommensboni<\/div>\n<p class=\"banner-header-title\">1500 \u20ac<\/p>\n<div class=\"banner-header-AdditionalText\">+ 250 Freispiele<\/div>\n<button data-item=\"homepage_banner_link\" class=\"goto m-button m-gradient-border m-button--primary m-button--large banner-button btn-orange\">\n            <div class=\"m-button-content\">\n                <span>Melden Sie sich jetzt an<\/span>\n                <span><\/span>\n            <\/div>\n        <\/button>\n<\/div>\n<div class=\"WelcomePack\">\n<p><img loading=\"lazy\" decoding=\"async\" class=\"alignnone size-full wp-image-1338\" src=\"https:\/\/magnetic-slots.net\/wp-content\/uploads\/2025\/11\/welcome-crown.svg\" alt=\"crown\" width=\"25\" height=\"26\" \/><\/p>\n<div class=\"WelcomePack-Info\">W\u00f6chentliches Cashback bis zu 25 %<\/div>\n<p><img loading=\"lazy\" decoding=\"async\" class=\"alignnone size-full wp-image-1338\" src=\"https:\/\/magnetic-slots.net\/wp-content\/uploads\/2025\/11\/welcome-crown.svg\" alt=\"crown\" width=\"25\" height=\"26\" \/><\/p>\n<\/div>\n<\/div>\n<h2>Die besten Funktionen der Magneticslots mobile App<\/h2>\n<p>Mehr als 80 % unserer Spieler bevorzugen es, Magneticslots Casino von ihren Smartphones und Tablets aus zu nutzen. Aus diesem Grund haben wir eine spezielle mobile Software entwickelt, die auf jedem Android- oder iOS-Ger\u00e4t reibungslos funktioniert. Jetzt sind Sie nicht mehr an Ihren Wohnort oder Ihren PC gebunden.<\/p>\n<p>In der Magneticslots-App finden Sie ein vertrautes Design und eine vertraute Navigation vor. Benutzer k\u00f6nnen die gleichen Schritte ganz einfach durchlaufen: Registrierung, Anmeldung und Zahlungen. Es spielt keine Rolle, ob Sie ein neuer Spieler oder ein Stammkunde sind \u2013 Sie k\u00f6nnen die mobile Software in jedem Fall nutzen. In der folgenden Tabelle k\u00f6nnen Sie sich mit den Funktionen der Magneticslots-App vertraut machen.<\/p>\n<table>\n<tbody>\n<tr>\n<td>Funktion<\/td>\n<td>Details<\/td>\n<\/tr>\n<tr>\n<td>Spielvielfalt<\/td>\n<td>Magnetic Slots bietet Zugang zur Casino-Bibliothek mit \u00fcber 6.000 Online-Slots, Tischspielen, Live-Dealer-Titeln und Sofortspielen.<\/td>\n<\/tr>\n<tr>\n<td>Mobile Leistung<\/td>\n<td>Es ist so konzipiert, dass es auf modernen Smartphones und Tablets reibungslos l\u00e4uft. Selbst bei langsameren Internetverbindungen bieten wir schnelle Ladezeiten und ein stabiles Spielerlebnis.<\/td>\n<\/tr>\n<tr>\n<td>Bonus-Zugang<\/td>\n<td>Benutzer k\u00f6nnen Willkommensboni, w\u00f6chentliche Aktionen, Cashback und Freispiele direkt \u00fcber die App beanspruchen, sodass die Desktop-Version nicht verwendet werden muss.<\/td>\n<\/tr>\n<tr>\n<td>Sicherheit<\/td>\n<td>In der mobilen Software verwenden wir SSL-Verschl\u00fcsselung f\u00fcr Ihre pers\u00f6nlichen Daten und Zahlungsinformationen sowie einen Verifizierungsprozess. Zus\u00e4tzlich k\u00f6nnen Sie die Zwei-Faktor-Verifizierung aktivieren, um Ihr Konto zus\u00e4tzlich zu sch\u00fctzen.<\/td>\n<\/tr>\n<tr>\n<td>Kontoverwaltung<\/td>\n<td>In der mobilen Software haben Spieler die M\u00f6glichkeit, ihre pers\u00f6nlichen Daten zu \u00e4ndern, ihre Aktivit\u00e4ten zu \u00fcberpr\u00fcfen, die Tools f\u00fcr verantwortungsbewusstes Spielen zu nutzen und 2FA einzurichten.<\/td>\n<\/tr>\n<tr>\n<td>Benachrichtigungen<\/td>\n<td>Sie erhalten Push-Benachrichtigungen auf Ihrem Mobilger\u00e4t \u00fcber alle Aktualisierungen, Fortschritte und Neuigkeiten.<\/td>\n<\/tr>\n<tr>\n<td>Plattform\u00fcbergreifende Synchronisierung<\/td>\n<td>Ihre Guthaben, Spielverlauf, Boni und Einstellungen werden automatisch auf allen Ihren Ger\u00e4ten synchronisiert, sodass Sie nahtlos zwischen Ihrem Smartphone, Tablet und Desktop wechseln k\u00f6nnen.<\/td>\n<\/tr>\n<\/tbody>\n<\/table>\n<p><div style=\"clear: both\"><\/div><div class=\"d-flex justify-content-center\"><button data-item=\"decouvrez_link\" data-group=\"website_links\" class=\"goto fw-bold rounded-pill btn btn-orange\" aria-label=\"Laden Sie die MagneticSlots-App herunter\" >Laden Sie die MagneticSlots-App herunter<\/button><\/div><div class=\"scrollable-content-wrap my-5\"><div class=\"scrollable-content-inner\"><h2>Magnetic Slots Anwendung f\u00fcr Ihr Android-Ger\u00e4t<\/h2>\n<p>Unabh\u00e4ngig davon, welches Android-Ger\u00e4t Sie genau haben, k\u00f6nnen Sie die Magneticslots-App ohne Probleme nutzen. Wir bieten Ihnen mehrere bequeme Optionen f\u00fcr die Nutzung unserer Plattform: Browser-Version, Shortcut-Symbol oder Progressive Web App. F\u00fcr keine dieser Optionen m\u00fcssen Sie unbekannte Magneticslots APK-Dateien herunterladen.<\/p>\n<p>Die Browser-Version ist in Google Chrome, Firefox und anderen Browsern verf\u00fcgbar. Um einen schnelleren Zugriff zu erhalten, k\u00f6nnen Sie zus\u00e4tzlich das Verkn\u00fcpfungssymbol installieren. Das bedeutet, dass Sie unsere Website aufrufen k\u00f6nnen, indem Sie auf das Symbol auf Ihrem Startbildschirm klicken.<\/p>\n<p>Sie k\u00f6nnen die Magneticslots-App f\u00fcr Android von unserer Website installieren. Aufgrund der Beschr\u00e4nkungen f\u00fcr Gl\u00fccksspielsoftware k\u00f6nnen Sie sie nicht aus dem Google Play Store herunterladen. Befolgen Sie unsere Anweisungen unten f\u00fcr eine schnelle Installation:<\/p>\n<ol>\n<li>Gehen Sie zum Ende der Seite der Website Magneticslots Casino.<\/li>\n<li>Klicken Sie auf die Schaltfl\u00e4che \u201eCasino-App\u201c in der Fu\u00dfzeile.<\/li>\n<li>Der Installationsvorgang startet automatisch und dauert bei einer stabilen Internetverbindung nicht l\u00e4nger als 2 Minuten.<\/li>\n<li>Nach erfolgreicher Installation erscheint das Symbol auf Ihrem Startbildschirm.<\/li>\n<\/ol>\n<p><img loading=\"lazy\" decoding=\"async\" src=\"https:\/\/magnetic-slots.net\/wp-content\/uploads\/2025\/11\/MagneticSlots-Android.webp\" alt=\"MagneticSlots Android\" width=\"1248\" height=\"536\" \/><\/p>\n<\/div><\/div><div style=\"clear: both\"><\/div><div class=\"d-flex justify-content-center\"><button data-item=\"decouvrez_link\" data-group=\"website_links\" class=\"goto fw-bold rounded-pill btn btn-orange\" aria-label=\"MagneticSlots herunterladen\" >MagneticSlots herunterladen<\/button><\/div><div class=\"scrollable-content-wrap my-5\"><div class=\"scrollable-content-inner\"><h2>App f\u00fcr iPhone und iPad<\/h2>\n<p>iOS-Nutzer k\u00f6nnen das gesamte Gl\u00fccksspielerlebnis auch auf ihren Mobilger\u00e4ten genie\u00dfen. In der mobilen Software von Magneticslots Casino stehen mehr als 6.000 Titel zur Verf\u00fcgung. Sie werden nichts verpassen, da das mobile Casino die vollst\u00e4ndige Desktop-Version widerspiegelt.<\/p>\n<p>Die App ist f\u00fcr die kleinen Bildschirme aller modernen iOS-Ger\u00e4te, einschlie\u00dflich iPhones und iPads, optimiert. Sie k\u00f6nnen die Magneticslots-App installieren, indem Sie dem Link in der Fu\u00dfzeile unserer Website folgen. Der Vorgang dauert nur wenige Minuten.<\/p>\n<p>Es besteht jederzeit die M\u00f6glichkeit, Magneticslots Casino in Safari oder einem anderen mobilen Browser zu nutzen. F\u00fcr einen noch schnelleren Zugriff k\u00f6nnen Sie ein Verkn\u00fcpfungssymbol installieren. Dies ist in jedem modernen Browser m\u00f6glich. Wir haben eine Schritt-f\u00fcr-Schritt-Anleitung f\u00fcr Safari erstellt:<\/p>\n<ol>\n<li>\u00d6ffnen Sie unsere Website in der Safari-App.<\/li>\n<li>Klicken Sie auf die Schaltfl\u00e4che \u201eTeilen\u201c am unteren Bildschirmrand.<\/li>\n<li>W\u00e4hlen Sie aus den verf\u00fcgbaren Optionen \u201eZum Startbildschirm hinzuf\u00fcgen\u201d.<\/li>\n<li>Best\u00e4tigen Sie Ihre Auswahl, indem Sie auf die Schaltfl\u00e4che \u201eHinzuf\u00fcgen\u201c klicken.<\/li>\n<\/ol>\n<p><img loading=\"lazy\" decoding=\"async\" src=\"https:\/\/magnetic-slots.net\/wp-content\/uploads\/2025\/11\/MagneticSlots-iOS.webp\" alt=\"MagneticSlots iOS\" width=\"1248\" height=\"536\" \/><\/p>\n<\/div><\/div><div style=\"clear: both\"><\/div><div class=\"d-flex justify-content-center\"><button data-item=\"decouvrez_link\" data-group=\"website_links\" class=\"goto fw-bold rounded-pill btn btn-orange\" aria-label=\"Laden Sie die MagneticSlots-App herunter\" >Laden Sie die MagneticSlots-App herunter<\/button><\/div><div class=\"scrollable-content-wrap my-5\"><div class=\"scrollable-content-inner\"><h2>Webanwendung f\u00fcr Windows oder Mac<\/h2>\n<p>F\u00fcr ein traditionelleres Erlebnis mit einem gro\u00dfen Bildschirm k\u00f6nnen Sie jederzeit auf Ihrem PC auf Magneticslots Casino zugreifen. Sie k\u00f6nnen unser Online-Casino in jedem bevorzugten Browser ohne zus\u00e4tzliche Software nutzen. Benutzer erhalten Zugriff auf die gesamte Spielbibliothek, Zahlungen, Boni, Kundensupport und vieles mehr.<\/p>\n<p>Die Benutzeroberfl\u00e4che passt sich automatisch an verschiedene Bildschirmgr\u00f6\u00dfen an, um eine einfache Navigation sowohl auf Laptops als auch auf Desktop-Computern zu gew\u00e4hrleisten. Sie k\u00f6nnen hier auch ein Symbol f\u00fcr Ihren Startbildschirm installieren.<\/p>\n<p><img loading=\"lazy\" decoding=\"async\" src=\"https:\/\/magnetic-slots.net\/wp-content\/uploads\/2025\/11\/MagneticSlots-Desktop.webp\" alt=\"MagneticSlots Desktop\" width=\"1248\" height=\"536\" \/><\/p>\n<\/div><\/div><div style=\"clear: both\"><\/div><div class=\"d-flex justify-content-center\"><button data-item=\"decouvrez_link\" data-group=\"website_links\" class=\"goto fw-bold rounded-pill btn btn-orange\" aria-label=\"MagneticSlots herunterladen\" >MagneticSlots herunterladen<\/button><\/div><div class=\"scrollable-content-wrap my-5\"><div class=\"scrollable-content-inner\"><h2>H\u00e4ufig gestellte Fragen<\/h2>\n<h3>Ist die Magnetic Slots App sowohl f\u00fcr Android als auch f\u00fcr iOS verf\u00fcgbar?<\/h3>\n<p>Die Magneticslots-App ist f\u00fcr alle modernen Android- und iOS-Ger\u00e4te verf\u00fcgbar. Sie k\u00f6nnen sie innerhalb weniger Minuten von unserer Website installieren.<\/p>\n<h3>Kann ich auf die App dieselben Spiele zugreifen wie auf der Desktop-Version?<\/h3>\n<p>Wir bieten dieselbe Spielesammlung sowohl in der Magneticslots-Mobilsoftware als auch in der Desktop-Version an. Sie erhalten Zugriff auf \u00fcber 6.000 Titel in verschiedenen Kategorien und Genres. Alle sind perfekt an Touchscreens angepasst und bieten ein wunderbares Spielerlebnis.<\/p>\n<h3>Wie aktualisiere ich die Magneticslots App auf die neueste Version?<\/h3>\n<p>Wir entwickeln unsere Magneticslots Casino Mobilsoftware als progressive Web-App. Sie wird automatisch aktualisiert, ohne dass Sie zus\u00e4tzliche Schritte unternehmen m\u00fcssen. Bei gr\u00f6\u00dferen Updates bitten wir Sie, die neue Version von unserer Magnetic Slots Casino Website zu installieren.<\/p>\n<h3>Was soll ich tun, wenn die Anwendung nicht geladen wird oder abst\u00fcrzt?<\/h3>\n<p>Wenn Sie Probleme mit der Magneticslots App haben, wenden Sie sich bitte an unser rund um die Uhr verf\u00fcgbares Support-Team. Unsere Mitarbeiter werden die Situation umgehend pr\u00fcfen und eine L\u00f6sung f\u00fcr Ihren speziellen Fall finden. Wir bieten zwei Kontaktm\u00f6glichkeiten: Live-Chat oder E-Mail.<\/p>\n<\/div><\/div><\/p>\n","protected":false},"excerpt":{"rendered":"<p>Magneticslots-App Magneticslots App ist eine PWA-Version unseres Casinos. Du kannst sie im Browser \u00f6ffnen, sie zu deinem Startbildschirm hinzuf\u00fcgen und Magneticslots griffbereit halten, ohne einen App-Store zu nutzen. Das bedeutet auch, dass du keine separate Aktualisierung verwalten musst, weil \u00c4nderungen an der App direkt \u00fcber die Plattform kommen, w\u00e4hrend sich das Produkt weiterentwickelt. Das Ergebnis [&hellip;]<\/p>\n","protected":false},"author":1,"featured_media":0,"parent":0,"menu_order":0,"comment_status":"closed","ping_status":"closed","template":"template-builder.php","meta":{"_acf_changed":false,"inline_featured_image":false,"footnotes":""},"class_list":["post-1434","page","type-page","status-publish","hentry"],"acf":[],"yoast_head":"<!-- This site is optimized with the Yoast SEO plugin v27.3 - https:\/\/yoast.com\/product\/yoast-seo-wordpress\/ -->\n<title>Magneticslots App | PWA f\u00fcr Android, iPhone, iPad und Desktop<\/title>\n<meta name=\"description\" content=\"Installieren Sie die Magnetic Slots App von unserer Website und behalten Sie die PWA f\u00fcr einen schnelleren Zugriff auf Ihrem Startbildschirm. Nutzen Sie sie auf Android, iPhone, iPad, Windows oder Mac, \u00fcberspringen Sie den App-Store, vermeiden Sie unbekannte APK-Dateien und erhalten Sie Updates automatisch.\" \/>\n<meta name=\"robots\" content=\"index, follow, max-snippet:-1, max-image-preview:large, max-video-preview:-1\" \/>\n<link rel=\"canonical\" href=\"https:\/\/magnetic-slots.net\/de\/app\/\" \/>\n<meta property=\"og:locale\" content=\"de_DE\" \/>\n<meta property=\"og:type\" content=\"article\" \/>\n<meta property=\"og:title\" content=\"Magneticslots App | PWA f\u00fcr Android, iPhone, iPad und Desktop\" \/>\n<meta property=\"og:description\" content=\"Installieren Sie die Magnetic Slots App von unserer Website und behalten Sie die PWA f\u00fcr einen schnelleren Zugriff auf Ihrem Startbildschirm. Nutzen Sie sie auf Android, iPhone, iPad, Windows oder Mac, \u00fcberspringen Sie den App-Store, vermeiden Sie unbekannte APK-Dateien und erhalten Sie Updates automatisch.\" \/>\n<meta property=\"og:url\" content=\"https:\/\/magnetic-slots.net\/de\/app\/\" \/>\n<meta property=\"og:site_name\" content=\"magneticslots\" \/>\n<meta property=\"article:modified_time\" content=\"2026-04-01T09:23:11+00:00\" \/>\n<meta name=\"twitter:card\" content=\"summary_large_image\" \/>\n<meta name=\"twitter:label1\" content=\"Gesch\u00e4tzte Lesezeit\" \/>\n\t<meta name=\"twitter:data1\" content=\"2\u00a0Minuten\" \/>\n<script type=\"application\/ld+json\" class=\"yoast-schema-graph\">{\"@context\":\"https:\\\/\\\/schema.org\",\"@graph\":[{\"@type\":\"WebPage\",\"@id\":\"https:\\\/\\\/magnetic-slots.net\\\/de\\\/app\\\/\",\"url\":\"https:\\\/\\\/magnetic-slots.net\\\/de\\\/app\\\/\",\"name\":\"Magneticslots App | PWA f\u00fcr Android, iPhone, iPad und Desktop\",\"isPartOf\":{\"@id\":\"https:\\\/\\\/magnetic-slots.net\\\/de\\\/#website\"},\"datePublished\":\"2025-11-27T10:04:31+00:00\",\"dateModified\":\"2026-04-01T09:23:11+00:00\",\"description\":\"Installieren Sie die Magnetic Slots App von unserer Website und behalten Sie die PWA f\u00fcr einen schnelleren Zugriff auf Ihrem Startbildschirm. Nutzen Sie sie auf Android, iPhone, iPad, Windows oder Mac, \u00fcberspringen Sie den App-Store, vermeiden Sie unbekannte APK-Dateien und erhalten Sie Updates automatisch.\",\"breadcrumb\":{\"@id\":\"https:\\\/\\\/magnetic-slots.net\\\/de\\\/app\\\/#breadcrumb\"},\"inLanguage\":\"de\",\"potentialAction\":[{\"@type\":\"ReadAction\",\"target\":[\"https:\\\/\\\/magnetic-slots.net\\\/de\\\/app\\\/\"]}]},{\"@type\":\"BreadcrumbList\",\"@id\":\"https:\\\/\\\/magnetic-slots.net\\\/de\\\/app\\\/#breadcrumb\",\"itemListElement\":[{\"@type\":\"ListItem\",\"position\":1,\"name\":\"Magneticslots\",\"item\":\"https:\\\/\\\/magnetic-slots.net\\\/de\\\/\"},{\"@type\":\"ListItem\",\"position\":2,\"name\":\"App\"}]},{\"@type\":\"WebSite\",\"@id\":\"https:\\\/\\\/magnetic-slots.net\\\/de\\\/#website\",\"url\":\"https:\\\/\\\/magnetic-slots.net\\\/de\\\/\",\"name\":\"Magneticslots\",\"description\":\"\",\"publisher\":{\"@id\":\"https:\\\/\\\/magnetic-slots.net\\\/de\\\/#organization\"},\"potentialAction\":[{\"@type\":\"SearchAction\",\"target\":{\"@type\":\"EntryPoint\",\"urlTemplate\":\"https:\\\/\\\/magnetic-slots.net\\\/de\\\/?s={search_term_string}\"},\"query-input\":{\"@type\":\"PropertyValueSpecification\",\"valueRequired\":true,\"valueName\":\"search_term_string\"}}],\"inLanguage\":\"de\"},{\"@type\":\"Organization\",\"@id\":\"https:\\\/\\\/magnetic-slots.net\\\/de\\\/#organization\",\"name\":\"Magneticslots\",\"url\":\"https:\\\/\\\/magnetic-slots.net\\\/de\\\/\",\"logo\":{\"@type\":\"ImageObject\",\"inLanguage\":\"de\",\"@id\":\"https:\\\/\\\/magnetic-slots.net\\\/de\\\/#\\\/schema\\\/logo\\\/image\\\/\",\"url\":\"https:\\\/\\\/magnetic-slots.net\\\/wp-content\\\/uploads\\\/2025\\\/11\\\/logo.svg\",\"contentUrl\":\"https:\\\/\\\/magnetic-slots.net\\\/wp-content\\\/uploads\\\/2025\\\/11\\\/logo.svg\",\"width\":160,\"height\":27,\"caption\":\"Magneticslots\"},\"image\":{\"@id\":\"https:\\\/\\\/magnetic-slots.net\\\/de\\\/#\\\/schema\\\/logo\\\/image\\\/\"}}]}<\/script>\n<!-- \/ Yoast SEO plugin. -->","yoast_head_json":{"title":"Magneticslots App | PWA f\u00fcr Android, iPhone, iPad und Desktop","description":"Installieren Sie die Magnetic Slots App von unserer Website und behalten Sie die PWA f\u00fcr einen schnelleren Zugriff auf Ihrem Startbildschirm. Nutzen Sie sie auf Android, iPhone, iPad, Windows oder Mac, \u00fcberspringen Sie den App-Store, vermeiden Sie unbekannte APK-Dateien und erhalten Sie Updates automatisch.","robots":{"index":"index","follow":"follow","max-snippet":"max-snippet:-1","max-image-preview":"max-image-preview:large","max-video-preview":"max-video-preview:-1"},"canonical":"https:\/\/magnetic-slots.net\/de\/app\/","og_locale":"de_DE","og_type":"article","og_title":"Magneticslots App | PWA f\u00fcr Android, iPhone, iPad und Desktop","og_description":"Installieren Sie die Magnetic Slots App von unserer Website und behalten Sie die PWA f\u00fcr einen schnelleren Zugriff auf Ihrem Startbildschirm. Nutzen Sie sie auf Android, iPhone, iPad, Windows oder Mac, \u00fcberspringen Sie den App-Store, vermeiden Sie unbekannte APK-Dateien und erhalten Sie Updates automatisch.","og_url":"https:\/\/magnetic-slots.net\/de\/app\/","og_site_name":"magneticslots","article_modified_time":"2026-04-01T09:23:11+00:00","twitter_card":"summary_large_image","twitter_misc":{"Gesch\u00e4tzte Lesezeit":"2\u00a0Minuten"},"schema":{"@context":"https:\/\/schema.org","@graph":[{"@type":"WebPage","@id":"https:\/\/magnetic-slots.net\/de\/app\/","url":"https:\/\/magnetic-slots.net\/de\/app\/","name":"Magneticslots App | PWA f\u00fcr Android, iPhone, iPad und Desktop","isPartOf":{"@id":"https:\/\/magnetic-slots.net\/de\/#website"},"datePublished":"2025-11-27T10:04:31+00:00","dateModified":"2026-04-01T09:23:11+00:00","description":"Installieren Sie die Magnetic Slots App von unserer Website und behalten Sie die PWA f\u00fcr einen schnelleren Zugriff auf Ihrem Startbildschirm. Nutzen Sie sie auf Android, iPhone, iPad, Windows oder Mac, \u00fcberspringen Sie den App-Store, vermeiden Sie unbekannte APK-Dateien und erhalten Sie Updates automatisch.","breadcrumb":{"@id":"https:\/\/magnetic-slots.net\/de\/app\/#breadcrumb"},"inLanguage":"de","potentialAction":[{"@type":"ReadAction","target":["https:\/\/magnetic-slots.net\/de\/app\/"]}]},{"@type":"BreadcrumbList","@id":"https:\/\/magnetic-slots.net\/de\/app\/#breadcrumb","itemListElement":[{"@type":"ListItem","position":1,"name":"Magneticslots","item":"https:\/\/magnetic-slots.net\/de\/"},{"@type":"ListItem","position":2,"name":"App"}]},{"@type":"WebSite","@id":"https:\/\/magnetic-slots.net\/de\/#website","url":"https:\/\/magnetic-slots.net\/de\/","name":"Magneticslots","description":"","publisher":{"@id":"https:\/\/magnetic-slots.net\/de\/#organization"},"potentialAction":[{"@type":"SearchAction","target":{"@type":"EntryPoint","urlTemplate":"https:\/\/magnetic-slots.net\/de\/?s={search_term_string}"},"query-input":{"@type":"PropertyValueSpecification","valueRequired":true,"valueName":"search_term_string"}}],"inLanguage":"de"},{"@type":"Organization","@id":"https:\/\/magnetic-slots.net\/de\/#organization","name":"Magneticslots","url":"https:\/\/magnetic-slots.net\/de\/","logo":{"@type":"ImageObject","inLanguage":"de","@id":"https:\/\/magnetic-slots.net\/de\/#\/schema\/logo\/image\/","url":"https:\/\/magnetic-slots.net\/wp-content\/uploads\/2025\/11\/logo.svg","contentUrl":"https:\/\/magnetic-slots.net\/wp-content\/uploads\/2025\/11\/logo.svg","width":160,"height":27,"caption":"Magneticslots"},"image":{"@id":"https:\/\/magnetic-slots.net\/de\/#\/schema\/logo\/image\/"}}]}},"_links":{"self":[{"href":"https:\/\/magnetic-slots.net\/de\/wp-json\/wp\/v2\/pages\/1434","targetHints":{"allow":["GET"]}}],"collection":[{"href":"https:\/\/magnetic-slots.net\/de\/wp-json\/wp\/v2\/pages"}],"about":[{"href":"https:\/\/magnetic-slots.net\/de\/wp-json\/wp\/v2\/types\/page"}],"author":[{"embeddable":true,"href":"https:\/\/magnetic-slots.net\/de\/wp-json\/wp\/v2\/users\/1"}],"replies":[{"embeddable":true,"href":"https:\/\/magnetic-slots.net\/de\/wp-json\/wp\/v2\/comments?post=1434"}],"version-history":[{"count":3,"href":"https:\/\/magnetic-slots.net\/de\/wp-json\/wp\/v2\/pages\/1434\/revisions"}],"predecessor-version":[{"id":2058,"href":"https:\/\/magnetic-slots.net\/de\/wp-json\/wp\/v2\/pages\/1434\/revisions\/2058"}],"wp:attachment":[{"href":"https:\/\/magnetic-slots.net\/de\/wp-json\/wp\/v2\/media?parent=1434"}],"curies":[{"name":"wp","href":"https:\/\/api.w.org\/{rel}","templated":true}]}}