{"id":1475,"date":"2025-11-27T10:12:04","date_gmt":"2025-11-27T10:12:04","guid":{"rendered":"https:\/\/magnetic-slots.net\/login-and-registration\/"},"modified":"2026-04-01T10:24:23","modified_gmt":"2026-04-01T09:24:23","slug":"anmeldung-und-registrierung","status":"publish","type":"page","link":"https:\/\/magnetic-slots.net\/de\/anmeldung-und-registrierung\/","title":{"rendered":"Anmeldung und Registrierung"},"content":{"rendered":"<h1>Magneticslots Anmeldung und Kontoerstellung<\/h1>\n<p>Die Magneticslots Login ist der Punkt, an dem du vom \u00f6ffentlichen Bereich unseres Casinos in deinen eigenen Kontobereich auf der Plattform wechselst. Sobald du dich anmeldest, f\u00fchlt sich Magneticslots pers\u00f6nlicher an. Wir halten diesen Schritt klar und vertraut, damit du ohne zus\u00e4tzlichen Aufwand zu deinem Profil zur\u00fcckkehren kannst.<\/p>\n<p>Vom t\u00e4glichen Zugang bis zu den Konto\u00fcberpr\u00fcfungen, die sp\u00e4ter folgen, unterst\u00fctzt der Anmeldebereich den Teil von Magnetic Slots, der dir geh\u00f6rt. Es ist der Schritt, der dich immer dann zur\u00fcck zu deinem Konto bringt, wenn du spielen, deine Angaben pr\u00fcfen oder die Plattform weiter nutzen m\u00f6chtest.<\/p>\n<p><div class=\"banner-wrap\" aria-label=\"Banner\"><img src=\"https:\/\/magnetic-slots.net\/wp-content\/uploads\/2025\/11\/header-bg-1.webp\" class=\"w-100 d-none d-lg-block img-pc main-banner-img\" alt=\"MagneticSlots banner desktop\" fetchpriority=\"high\" decoding=\"async\"><img src=\"https:\/\/magnetic-slots.net\/wp-content\/uploads\/2025\/11\/MagneticSlots-mobile-banner.webp\" class=\"w-100 d-none d-md-block d-lg-none main-banner-img\" alt=\"MagneticSlots mobile banner\" fetchpriority=\"high\" decoding=\"async\"><img src=\"https:\/\/magnetic-slots.net\/wp-content\/uploads\/2025\/11\/MagneticSlots-mobile-banner.webp\" class=\"w-100 d-md-none\" alt=\"MagneticSlots mobile banner\" fetchpriority=\"high\" decoding=\"async\"><div class=\"banner-description\">\n<div class=\"banner-title\">Willkommensboni<\/div>\n<p class=\"banner-header-title\">1500 \u20ac<\/p>\n<div class=\"banner-header-AdditionalText\">+ 250 Freispiele<\/div>\n<button data-item=\"homepage_banner_link\" class=\"goto m-button m-gradient-border m-button--primary m-button--large banner-button btn-orange\">\n            <div class=\"m-button-content\">\n                <span>Melden Sie sich jetzt an<\/span>\n                <span><\/span>\n            <\/div>\n        <\/button>\n<\/div>\n<div class=\"WelcomePack\">\n<p><img loading=\"lazy\" decoding=\"async\" class=\"alignnone size-full wp-image-1338\" src=\"https:\/\/magnetic-slots.net\/wp-content\/uploads\/2025\/11\/welcome-crown.svg\" alt=\"crown\" width=\"25\" height=\"26\" \/><\/p>\n<div class=\"WelcomePack-Info\">W\u00f6chentliches Cashback bis zu 25 %<\/div>\n<p><img loading=\"lazy\" decoding=\"async\" class=\"alignnone size-full wp-image-1338\" src=\"https:\/\/magnetic-slots.net\/wp-content\/uploads\/2025\/11\/welcome-crown.svg\" alt=\"crown\" width=\"25\" height=\"26\" \/><\/p>\n<\/div>\n<\/div><div class=\"scrollable-content-wrap my-5\"><div class=\"scrollable-content-inner\"><h2>Verwendung von Magneticslots Anmeldung<\/h2>\n<p>Wenn Sie die Welt der Online-Spiele mit \u00fcber 6.000 Titeln, spannenden Boni und sicheren Zahlungen entdecken m\u00f6chten, m\u00fcssen Sie nur den Magneticslots-Anmeldeprozess durchlaufen. Dazu klicken Sie auf der Hauptseite auf die Schaltfl\u00e4che \u201eAnmelden\u201c und geben die bei der Registrierung angegebenen pers\u00f6nlichen Daten ein.<\/p>\n<p>Es kann immer etwas passieren, beispielsweise dass Sie Ihr Passwort vergessen. Auf unserer Plattform haben wir eine L\u00f6sung f\u00fcr solche F\u00e4lle. Im Formular Magneticslots-Anmeldung haben Sie die M\u00f6glichkeit, Ihr Passwort zur\u00fcckzusetzen und ein neues zu erstellen, indem Sie auf den Link \u201ePasswort vergessen?\u201c klicken.<\/p>\n<p>Wenn Sie nicht auf Ihr Konto bei Magneticslots Casino zugreifen k\u00f6nnen, wenden Sie sich bitte \u00fcber den Live-Chat oder per E-Mail an unser Support-Team. Unsere Manager werden Ihr Konto \u00fcberpr\u00fcfen und Ihnen eine L\u00f6sung anbieten.<\/p>\n<h2>Magnetic Slots Registrierung und Kontoerstellung<\/h2>\n<p>Wir bedanken uns bei allen neuen Kunden, die sich f\u00fcr Magneticslots Casino als ihre Gaming-Plattform entschieden haben. In der App oder auf der Website k\u00f6nnen Sie die Registrierung innerhalb von 3 Minuten abschlie\u00dfen. Wir fragen Sie nur nach den wichtigsten Informationen: Ihrer E-Mail-Adresse und Ihrem Passwort. Achten Sie darauf, dass Ihr Passwort sicher ist, damit niemand anderes auf Ihr Magneticslots-Konto zugreifen kann.<\/p>\n<p>Befolgen Sie unsere Anweisungen f\u00fcr einen unkomplizierten Registrierungsprozess:<\/p>\n<ol>\n<li>Gehen Sie zum Registrierungsbereich, indem Sie auf die Schaltfl\u00e4che \u201eAnmelden\u201c in der oberen rechten Ecke klicken.<\/li>\n<li>Geben Sie Ihre E-Mail-Adresse ein und erstellen Sie ein Passwort, das l\u00e4nger als 6 Zeichen ist.<\/li>\n<li>Best\u00e4tigen Sie Ihr Alter. Gem\u00e4\u00df den Regeln von Magneticslots Casino k\u00f6nnen Sie sich nur registrieren, wenn Sie mindestens 18 Jahre alt sind.<\/li>\n<li>Akzeptieren Sie die Regeln unserer Website. Die \u201eAllgemeinen Gesch\u00e4ftsbedingungen\u201c finden Sie in der Fu\u00dfzeile der Website.<\/li>\n<li>Klicken Sie auf die Schaltfl\u00e4che \u201eAnmelden\u201c, um Ihre Registrierung zu best\u00e4tigen.<\/li>\n<\/ol>\n<h3>Kontoeinstellungen und Funktionen<\/h3>\n<p>Die Erstellung eines Kontos bei Magneticslots ist nicht erforderlich, bietet Ihnen jedoch zahlreiche Vorteile. Ohne Registrierung k\u00f6nnen Sie nur einige Spiele im Demo-Modus spielen. Wenn Sie jedoch ein Konto erstellen, erhalten Sie viele zus\u00e4tzliche Funktionen und Tools.<\/p>\n<p>Im Magneticslots Casino-Konto k\u00f6nnen Sie jederzeit Ihre pers\u00f6nlichen Daten oder Zahlungsinformationen \u00e4ndern. Dort finden Sie auch die Tools f\u00fcr verantwortungsbewusstes Spielen. Au\u00dferdem k\u00f6nnen Sie jederzeit Ihre Spiel-, Bonus- und Finanzhistorie einsehen und analysieren.<\/p>\n<p><img loading=\"lazy\" decoding=\"async\" class=\"alignnone size-full wp-image-2033\" src=\"https:\/\/magnetic-slots.net\/wp-content\/uploads\/2026\/04\/Nyxbets-Login.webp\" alt=\"Login\" width=\"1248\" height=\"536\" srcset=\"https:\/\/magnetic-slots.net\/wp-content\/uploads\/2026\/04\/Nyxbets-Login.webp 1248w, https:\/\/magnetic-slots.net\/wp-content\/uploads\/2026\/04\/Nyxbets-Login-300x129.webp 300w, https:\/\/magnetic-slots.net\/wp-content\/uploads\/2026\/04\/Nyxbets-Login-1024x440.webp 1024w, https:\/\/magnetic-slots.net\/wp-content\/uploads\/2026\/04\/Nyxbets-Login-768x330.webp 768w\" sizes=\"auto, (max-width: 1248px) 100vw, 1248px\" \/><\/p>\n<h2>Warum Sie Ihr Konto verifizieren m\u00fcssen<\/h2>\n<p>Bei Magneticslots Casino ist der Verifizierungsprozess ein wichtiger Schritt, um eine sichere Plattform zu gew\u00e4hrleisten und Betrug zu vermeiden. Wir bitten alle unsere Kunden, unabh\u00e4ngig von ihrer Region, ihre Identit\u00e4t, ihr Alter, ihre Wohnadresse und die Inhaberschaft ihres Zahlungskontos zu verifizieren. Aus diesem Grund ist es unerl\u00e4sslich, dass Sie bei der Registrierung Ihre echten pers\u00f6nlichen Daten und Zahlungsinformationen angeben.<\/p>\n<p>Der Verifizierungsprozess findet vor der ersten Auszahlung statt. Sie m\u00fcssen Kopien oder Fotos Ihrer Dokumente auf die Plattform Magneticslots hochladen, und unsere Manager werden diese innerhalb von 48 Stunden \u00fcberpr\u00fcfen. Nachdem Sie gr\u00fcnes Licht erhalten haben, k\u00f6nnen Sie Ihre Gewinne ohne weitere Verz\u00f6gerungen auszahlen lassen. Nachfolgend finden Sie die wichtigsten Informationen zu den Dokumenten.<\/p>\n<table>\n<tbody>\n<tr>\n<td>Was es beweist<\/td>\n<td>Erforderliche Unterlagen<\/td>\n<\/tr>\n<tr>\n<td>Identit\u00e4ts- und Alters\u00fcberpr\u00fcfung<\/td>\n<td>Von einer Beh\u00f6rde ausgestellter Ausweis (Reisepass, Personalausweis, F\u00fchrerschein)<\/td>\n<\/tr>\n<tr>\n<td>Adressnachweis<\/td>\n<td>Stromrechnung, Kontoauszug, Steuerbescheid oder offizielles Schreiben (nicht \u00e4lter als 3 Monate)<\/td>\n<\/tr>\n<tr>\n<td>Eigentumsrechte an der Zahlungsmethode<\/td>\n<td>Screenshot oder Erkl\u00e4rung der verwendeten Zahlungsmethode (Bankkarte, E-Wallet, Krypto-Wallet-Best\u00e4tigung)<\/td>\n<\/tr>\n<\/tbody>\n<\/table>\n<h2>H\u00e4ufig gestellte Fragen<\/h2>\n<h3>Wie melde ich mich bei meinem Magneticslots Casino Konto an?<\/h3>\n<p>Um den Anmeldevorgang bei Magnetic Slots durchzuf\u00fchren, m\u00fcssen Sie die E-Mail-Adresse und das Passwort eingeben, die Sie bei der Registrierung verwendet haben. W\u00e4hrend dieses Vorgangs ist keine zus\u00e4tzliche \u00dcberpr\u00fcfung erforderlich.<\/p>\n<h3>Was soll ich tun, wenn ich mein Passwort vergessen habe?<\/h3>\n<p>Im Schritt Magneticslots-Anmeldung m\u00fcssen Sie den Link \u201ePasswort vergessen?\u201c ausw\u00e4hlen. Wir senden Ihnen dann per E-Mail einen Link zum Zur\u00fccksetzen Ihres Passworts, damit Sie es aktualisieren k\u00f6nnen. Wenn Sie unsere E-Mail nicht erhalten haben, wenden Sie sich bitte an das mehrsprachige Support-Team.<\/p>\n<h3>Kann ich meine Kontodaten nach der Anmeldung \u00e4ndern?<\/h3>\n<p>In Ihren Kontoeinstellungen k\u00f6nnen Sie alle Ihre pers\u00f6nlichen Daten oder Zahlungsinformationen \u00e4ndern. Der Vorgang ist ganz einfach und dauert nur wenige Minuten.<\/p>\n<h3>Sind meine pers\u00f6nlichen Daten sicher, wenn ich mich bei Magnetic Slots anmelde?<\/h3>\n<p>Als lizenziertes Online-Casino legen wir bei Magneticslots gr\u00f6\u00dften Wert auf die Sicherheit unserer Kunden. Deshalb werden alle Ihre Daten und Transaktionen durch innovative SSL-Verschl\u00fcsselung gesch\u00fctzt. Jedes Detail unserer Website wurde unter Ber\u00fccksichtigung der DSGVO-Konformit\u00e4t gestaltet.<\/p>\n<\/div><\/div><\/p>\n","protected":false},"excerpt":{"rendered":"<p>Magneticslots Anmeldung und Kontoerstellung Die Magneticslots Login ist der Punkt, an dem du vom \u00f6ffentlichen Bereich unseres Casinos in deinen eigenen Kontobereich auf der Plattform wechselst. Sobald du dich anmeldest, f\u00fchlt sich Magneticslots pers\u00f6nlicher an. Wir halten diesen Schritt klar und vertraut, damit du ohne zus\u00e4tzlichen Aufwand zu deinem Profil zur\u00fcckkehren kannst. Vom t\u00e4glichen Zugang [&hellip;]<\/p>\n","protected":false},"author":1,"featured_media":0,"parent":0,"menu_order":0,"comment_status":"closed","ping_status":"closed","template":"template-builder.php","meta":{"_acf_changed":false,"inline_featured_image":false,"footnotes":""},"class_list":["post-1475","page","type-page","status-publish","hentry"],"acf":[],"yoast_head":"<!-- This site is optimized with the Yoast SEO plugin v27.3 - https:\/\/yoast.com\/product\/yoast-seo-wordpress\/ -->\n<title>Magneticslots Login | Passwort zur\u00fccksetzen und Kontozugang<\/title>\n<meta name=\"description\" content=\"Nutzen Sie Magnetic Slots Login, um auf Ihr Konto zuzugreifen, Ihr Passwort zur\u00fcckzusetzen und zu Ihrem Profil zur\u00fcckzukehren. Registrieren Sie sich mit Ihrer E-Mail-Adresse und Ihrem Passwort, schlie\u00dfen Sie den Anmeldeprozess ab und verwalten Sie Ihre pers\u00f6nlichen und Zahlungsdaten auf der Plattform.\" \/>\n<meta name=\"robots\" content=\"index, follow, max-snippet:-1, max-image-preview:large, max-video-preview:-1\" \/>\n<link rel=\"canonical\" href=\"https:\/\/magnetic-slots.net\/de\/anmeldung-und-registrierung\/\" \/>\n<meta property=\"og:locale\" content=\"de_DE\" \/>\n<meta property=\"og:type\" content=\"article\" \/>\n<meta property=\"og:title\" content=\"Magneticslots Login | Passwort zur\u00fccksetzen und Kontozugang\" \/>\n<meta property=\"og:description\" content=\"Nutzen Sie Magnetic Slots Login, um auf Ihr Konto zuzugreifen, Ihr Passwort zur\u00fcckzusetzen und zu Ihrem Profil zur\u00fcckzukehren. Registrieren Sie sich mit Ihrer E-Mail-Adresse und Ihrem Passwort, schlie\u00dfen Sie den Anmeldeprozess ab und verwalten Sie Ihre pers\u00f6nlichen und Zahlungsdaten auf der Plattform.\" \/>\n<meta property=\"og:url\" content=\"https:\/\/magnetic-slots.net\/de\/anmeldung-und-registrierung\/\" \/>\n<meta property=\"og:site_name\" content=\"magneticslots\" \/>\n<meta property=\"article:modified_time\" content=\"2026-04-01T09:24:23+00:00\" \/>\n<meta name=\"twitter:card\" content=\"summary_large_image\" \/>\n<meta name=\"twitter:label1\" content=\"Gesch\u00e4tzte Lesezeit\" \/>\n\t<meta name=\"twitter:data1\" content=\"1\u00a0Minute\" \/>\n<script type=\"application\/ld+json\" class=\"yoast-schema-graph\">{\"@context\":\"https:\\\/\\\/schema.org\",\"@graph\":[{\"@type\":\"WebPage\",\"@id\":\"https:\\\/\\\/magnetic-slots.net\\\/de\\\/anmeldung-und-registrierung\\\/\",\"url\":\"https:\\\/\\\/magnetic-slots.net\\\/de\\\/anmeldung-und-registrierung\\\/\",\"name\":\"Magneticslots Login | Passwort zur\u00fccksetzen und Kontozugang\",\"isPartOf\":{\"@id\":\"https:\\\/\\\/magnetic-slots.net\\\/de\\\/#website\"},\"datePublished\":\"2025-11-27T10:12:04+00:00\",\"dateModified\":\"2026-04-01T09:24:23+00:00\",\"description\":\"Nutzen Sie Magnetic Slots Login, um auf Ihr Konto zuzugreifen, Ihr Passwort zur\u00fcckzusetzen und zu Ihrem Profil zur\u00fcckzukehren. Registrieren Sie sich mit Ihrer E-Mail-Adresse und Ihrem Passwort, schlie\u00dfen Sie den Anmeldeprozess ab und verwalten Sie Ihre pers\u00f6nlichen und Zahlungsdaten auf der Plattform.\",\"breadcrumb\":{\"@id\":\"https:\\\/\\\/magnetic-slots.net\\\/de\\\/anmeldung-und-registrierung\\\/#breadcrumb\"},\"inLanguage\":\"de\",\"potentialAction\":[{\"@type\":\"ReadAction\",\"target\":[\"https:\\\/\\\/magnetic-slots.net\\\/de\\\/anmeldung-und-registrierung\\\/\"]}]},{\"@type\":\"BreadcrumbList\",\"@id\":\"https:\\\/\\\/magnetic-slots.net\\\/de\\\/anmeldung-und-registrierung\\\/#breadcrumb\",\"itemListElement\":[{\"@type\":\"ListItem\",\"position\":1,\"name\":\"Magneticslots\",\"item\":\"https:\\\/\\\/magnetic-slots.net\\\/de\\\/\"},{\"@type\":\"ListItem\",\"position\":2,\"name\":\"Anmeldung und Registrierung\"}]},{\"@type\":\"WebSite\",\"@id\":\"https:\\\/\\\/magnetic-slots.net\\\/de\\\/#website\",\"url\":\"https:\\\/\\\/magnetic-slots.net\\\/de\\\/\",\"name\":\"Magneticslots\",\"description\":\"\",\"publisher\":{\"@id\":\"https:\\\/\\\/magnetic-slots.net\\\/de\\\/#organization\"},\"potentialAction\":[{\"@type\":\"SearchAction\",\"target\":{\"@type\":\"EntryPoint\",\"urlTemplate\":\"https:\\\/\\\/magnetic-slots.net\\\/de\\\/?s={search_term_string}\"},\"query-input\":{\"@type\":\"PropertyValueSpecification\",\"valueRequired\":true,\"valueName\":\"search_term_string\"}}],\"inLanguage\":\"de\"},{\"@type\":\"Organization\",\"@id\":\"https:\\\/\\\/magnetic-slots.net\\\/de\\\/#organization\",\"name\":\"Magneticslots\",\"url\":\"https:\\\/\\\/magnetic-slots.net\\\/de\\\/\",\"logo\":{\"@type\":\"ImageObject\",\"inLanguage\":\"de\",\"@id\":\"https:\\\/\\\/magnetic-slots.net\\\/de\\\/#\\\/schema\\\/logo\\\/image\\\/\",\"url\":\"https:\\\/\\\/magnetic-slots.net\\\/wp-content\\\/uploads\\\/2025\\\/11\\\/logo.svg\",\"contentUrl\":\"https:\\\/\\\/magnetic-slots.net\\\/wp-content\\\/uploads\\\/2025\\\/11\\\/logo.svg\",\"width\":160,\"height\":27,\"caption\":\"Magneticslots\"},\"image\":{\"@id\":\"https:\\\/\\\/magnetic-slots.net\\\/de\\\/#\\\/schema\\\/logo\\\/image\\\/\"}}]}<\/script>\n<!-- \/ Yoast SEO plugin. -->","yoast_head_json":{"title":"Magneticslots Login | Passwort zur\u00fccksetzen und Kontozugang","description":"Nutzen Sie Magnetic Slots Login, um auf Ihr Konto zuzugreifen, Ihr Passwort zur\u00fcckzusetzen und zu Ihrem Profil zur\u00fcckzukehren. Registrieren Sie sich mit Ihrer E-Mail-Adresse und Ihrem Passwort, schlie\u00dfen Sie den Anmeldeprozess ab und verwalten Sie Ihre pers\u00f6nlichen und Zahlungsdaten auf der Plattform.","robots":{"index":"index","follow":"follow","max-snippet":"max-snippet:-1","max-image-preview":"max-image-preview:large","max-video-preview":"max-video-preview:-1"},"canonical":"https:\/\/magnetic-slots.net\/de\/anmeldung-und-registrierung\/","og_locale":"de_DE","og_type":"article","og_title":"Magneticslots Login | Passwort zur\u00fccksetzen und Kontozugang","og_description":"Nutzen Sie Magnetic Slots Login, um auf Ihr Konto zuzugreifen, Ihr Passwort zur\u00fcckzusetzen und zu Ihrem Profil zur\u00fcckzukehren. Registrieren Sie sich mit Ihrer E-Mail-Adresse und Ihrem Passwort, schlie\u00dfen Sie den Anmeldeprozess ab und verwalten Sie Ihre pers\u00f6nlichen und Zahlungsdaten auf der Plattform.","og_url":"https:\/\/magnetic-slots.net\/de\/anmeldung-und-registrierung\/","og_site_name":"magneticslots","article_modified_time":"2026-04-01T09:24:23+00:00","twitter_card":"summary_large_image","twitter_misc":{"Gesch\u00e4tzte Lesezeit":"1\u00a0Minute"},"schema":{"@context":"https:\/\/schema.org","@graph":[{"@type":"WebPage","@id":"https:\/\/magnetic-slots.net\/de\/anmeldung-und-registrierung\/","url":"https:\/\/magnetic-slots.net\/de\/anmeldung-und-registrierung\/","name":"Magneticslots Login | Passwort zur\u00fccksetzen und Kontozugang","isPartOf":{"@id":"https:\/\/magnetic-slots.net\/de\/#website"},"datePublished":"2025-11-27T10:12:04+00:00","dateModified":"2026-04-01T09:24:23+00:00","description":"Nutzen Sie Magnetic Slots Login, um auf Ihr Konto zuzugreifen, Ihr Passwort zur\u00fcckzusetzen und zu Ihrem Profil zur\u00fcckzukehren. Registrieren Sie sich mit Ihrer E-Mail-Adresse und Ihrem Passwort, schlie\u00dfen Sie den Anmeldeprozess ab und verwalten Sie Ihre pers\u00f6nlichen und Zahlungsdaten auf der Plattform.","breadcrumb":{"@id":"https:\/\/magnetic-slots.net\/de\/anmeldung-und-registrierung\/#breadcrumb"},"inLanguage":"de","potentialAction":[{"@type":"ReadAction","target":["https:\/\/magnetic-slots.net\/de\/anmeldung-und-registrierung\/"]}]},{"@type":"BreadcrumbList","@id":"https:\/\/magnetic-slots.net\/de\/anmeldung-und-registrierung\/#breadcrumb","itemListElement":[{"@type":"ListItem","position":1,"name":"Magneticslots","item":"https:\/\/magnetic-slots.net\/de\/"},{"@type":"ListItem","position":2,"name":"Anmeldung und Registrierung"}]},{"@type":"WebSite","@id":"https:\/\/magnetic-slots.net\/de\/#website","url":"https:\/\/magnetic-slots.net\/de\/","name":"Magneticslots","description":"","publisher":{"@id":"https:\/\/magnetic-slots.net\/de\/#organization"},"potentialAction":[{"@type":"SearchAction","target":{"@type":"EntryPoint","urlTemplate":"https:\/\/magnetic-slots.net\/de\/?s={search_term_string}"},"query-input":{"@type":"PropertyValueSpecification","valueRequired":true,"valueName":"search_term_string"}}],"inLanguage":"de"},{"@type":"Organization","@id":"https:\/\/magnetic-slots.net\/de\/#organization","name":"Magneticslots","url":"https:\/\/magnetic-slots.net\/de\/","logo":{"@type":"ImageObject","inLanguage":"de","@id":"https:\/\/magnetic-slots.net\/de\/#\/schema\/logo\/image\/","url":"https:\/\/magnetic-slots.net\/wp-content\/uploads\/2025\/11\/logo.svg","contentUrl":"https:\/\/magnetic-slots.net\/wp-content\/uploads\/2025\/11\/logo.svg","width":160,"height":27,"caption":"Magneticslots"},"image":{"@id":"https:\/\/magnetic-slots.net\/de\/#\/schema\/logo\/image\/"}}]}},"_links":{"self":[{"href":"https:\/\/magnetic-slots.net\/de\/wp-json\/wp\/v2\/pages\/1475","targetHints":{"allow":["GET"]}}],"collection":[{"href":"https:\/\/magnetic-slots.net\/de\/wp-json\/wp\/v2\/pages"}],"about":[{"href":"https:\/\/magnetic-slots.net\/de\/wp-json\/wp\/v2\/types\/page"}],"author":[{"embeddable":true,"href":"https:\/\/magnetic-slots.net\/de\/wp-json\/wp\/v2\/users\/1"}],"replies":[{"embeddable":true,"href":"https:\/\/magnetic-slots.net\/de\/wp-json\/wp\/v2\/comments?post=1475"}],"version-history":[{"count":4,"href":"https:\/\/magnetic-slots.net\/de\/wp-json\/wp\/v2\/pages\/1475\/revisions"}],"predecessor-version":[{"id":2059,"href":"https:\/\/magnetic-slots.net\/de\/wp-json\/wp\/v2\/pages\/1475\/revisions\/2059"}],"wp:attachment":[{"href":"https:\/\/magnetic-slots.net\/de\/wp-json\/wp\/v2\/media?parent=1475"}],"curies":[{"name":"wp","href":"https:\/\/api.w.org\/{rel}","templated":true}]}}