{"id":1441,"date":"2025-11-27T10:04:31","date_gmt":"2025-11-27T10:04:31","guid":{"rendered":"https:\/\/magnetic-slots.net\/app-2\/"},"modified":"2026-04-03T14:49:17","modified_gmt":"2026-04-03T13:49:17","slug":"aplicacion","status":"publish","type":"page","link":"https:\/\/magnetic-slots.net\/es\/aplicacion\/","title":{"rendered":"Aplicaci\u00f3n"},"content":{"rendered":"<h1>Aplicaci\u00f3n Magneticslots<\/h1>\n<p>Magneticslots app es una versi\u00f3n PWA de nuestro casino. Puedes abrirla en el navegador, a\u00f1adirla a tu pantalla de inicio y tener Magneticslots a mano sin pasar por una tienda de aplicaciones. Eso tambi\u00e9n significa que no hay un proceso de actualizaci\u00f3n independiente que tengas que gestionar, porque los cambios en la app llegan a trav\u00e9s de la propia plataforma a medida que el producto evoluciona. El resultado es una forma m\u00e1s simple de mantener Magnetic Slots al alcance en los dispositivos que los jugadores usan cada d\u00eda.<\/p>\n<div class=\"banner-wrap\" aria-label=\"Banner\"><img src=\"https:\/\/magnetic-slots.net\/wp-content\/uploads\/2025\/11\/header-bg-1.webp\" class=\"w-100 d-none d-lg-block img-pc main-banner-img\" alt=\"MagneticSlots banner desktop\" fetchpriority=\"high\" decoding=\"async\"><img src=\"https:\/\/magnetic-slots.net\/wp-content\/uploads\/2025\/11\/MagneticSlots-mobile-banner.webp\" class=\"w-100 d-none d-md-block d-lg-none main-banner-img\" alt=\"MagneticSlots mobile banner\" fetchpriority=\"high\" decoding=\"async\"><img src=\"https:\/\/magnetic-slots.net\/wp-content\/uploads\/2025\/11\/MagneticSlots-mobile-banner.webp\" class=\"w-100 d-md-none\" alt=\"MagneticSlots mobile banner\" fetchpriority=\"high\" decoding=\"async\"><div class=\"banner-description\">\n<div class=\"banner-title\">Bonos de bienvenida<\/div>\n<p class=\"banner-header-title\">\u20ac1500<\/p>\n<div class=\"banner-header-AdditionalText\">+ 250 tiradas gratis<\/div>\n<p>&nbsp;<\/p>\n<div class=\"m-button-content\"><button data-item=\"homepage_banner_link\" class=\"goto m-button m-gradient-border m-button--primary m-button--large banner-button btn-orange\">\n            <div class=\"m-button-content\">\n                <span>Reg\u00edstrate gratis ahora<\/span>\n                <span><\/span>\n            <\/div>\n        <\/button><\/div>\n<p>&nbsp;<\/p>\n<\/div>\n<div class=\"WelcomePack\">\n<p><img loading=\"lazy\" decoding=\"async\" class=\"alignnone size-full wp-image-1339\" src=\"https:\/\/magnetic-slots.net\/wp-content\/uploads\/2025\/11\/welcome-crown.svg\" alt=\"crown\" width=\"25\" height=\"26\" \/><\/p>\n<div class=\"WelcomePack-Info\">\n<p>Cashback semanal de hasta el 25%<\/p>\n<\/div>\n<p><img loading=\"lazy\" decoding=\"async\" class=\"alignnone size-full wp-image-1339\" src=\"https:\/\/magnetic-slots.net\/wp-content\/uploads\/2025\/11\/welcome-crown.svg\" alt=\"crown\" width=\"25\" height=\"26\" \/><\/p>\n<\/div>\n<\/div>\n<h2>Las mejores caracter\u00edsticas de la aplicaci\u00f3n m\u00f3vil Magneticslots<\/h2>\n<p>M\u00e1s del 80 % de nuestros jugadores prefieren utilizar Magneticslots Casino desde sus tel\u00e9fonos inteligentes y tabletas. Por eso hemos desarrollado un software m\u00f3vil espec\u00edfico que funciona a la perfecci\u00f3n en cualquier dispositivo Android o iOS. Ahora, la ubicaci\u00f3n de tu hogar o tu ordenador ya no te limitar\u00e1.<\/p>\n<p>Ver\u00e1s un dise\u00f1o y una navegaci\u00f3n familiares en la aplicaci\u00f3n Magneticslots. Los usuarios pueden seguir los mismos procedimientos de forma sencilla: registro, inicio de sesi\u00f3n y pagos. Puedes ser un jugador nuevo o habitual, eso no importa a la hora de utilizar el software m\u00f3vil. En la tabla siguiente, puedes familiarizarte con las funciones que encontrar\u00e1s en la aplicaci\u00f3n Magneticslots.<\/p>\n<table>\n<tbody>\n<tr>\n<td>Caracter\u00edstica<\/td>\n<td>Detalles<\/td>\n<\/tr>\n<tr>\n<td>Variedad de juegos<\/td>\n<td>Magnetic Slots da acceso a la biblioteca del casino, que incluye m\u00e1s de 6.000 tragamonedas en l\u00ednea, juegos de mesa, t\u00edtulos con crupier en vivo y juegos instant\u00e1neos.<\/td>\n<\/tr>\n<tr>\n<td>Rendimiento m\u00f3vil<\/td>\n<td>Est\u00e1 dise\u00f1ado para funcionar sin problemas en los smartphones y tabletas modernos. Incluso con conexiones a Internet m\u00e1s lentas, ofrecemos tiempos de carga r\u00e1pidos y una experiencia de juego estable.<\/td>\n<\/tr>\n<tr>\n<td>Acceso a bonificaciones<\/td>\n<td>Los usuarios pueden reclamar bonos de bienvenida, promociones semanales, reembolsos y giros gratis directamente a trav\u00e9s de la aplicaci\u00f3n, por lo que no es necesario utilizar la versi\u00f3n de escritorio.<\/td>\n<\/tr>\n<tr>\n<td>Seguridad<\/td>\n<td>En el software m\u00f3vil, utilizamos cifrado SSL para tu informaci\u00f3n personal y de pago, as\u00ed como un proceso de verificaci\u00f3n. Adem\u00e1s, puedes habilitar la verificaci\u00f3n de dos factores para proteger a\u00fan m\u00e1s tu cuenta.<\/td>\n<\/tr>\n<tr>\n<td>Gesti\u00f3n de cuentas<\/td>\n<td>En el software m\u00f3vil, los jugadores tienen la oportunidad de cambiar sus datos personales, consultar su actividad, utilizar las herramientas de juego responsable y configurar la autenticaci\u00f3n de dos factores (2FA).<\/td>\n<\/tr>\n<tr>\n<td>Notificaciones<\/td>\n<td>Recibir\u00e1s notificaciones push en tu dispositivo m\u00f3vil sobre todas las actualizaciones, avances y novedades.<\/td>\n<\/tr>\n<tr>\n<td>Sincronizaci\u00f3n entre plataformas<\/td>\n<td>Tus saldos, historial de juego, bonificaciones y preferencias se sincronizan autom\u00e1ticamente en todos tus dispositivos, lo que te permite cambiar f\u00e1cilmente entre tu tel\u00e9fono, tableta y ordenador.<\/td>\n<\/tr>\n<\/tbody>\n<\/table>\n<p><div style=\"clear: both\"><\/div><div class=\"d-flex justify-content-center\"><button data-item=\"decouvrez_link\" data-group=\"website_links\" class=\"goto fw-bold rounded-pill btn btn-orange\" aria-label=\"Descarga la aplicaci\u00f3n MagneticSlots\" >Descarga la aplicaci\u00f3n MagneticSlots<\/button><\/div><div class=\"scrollable-content-wrap my-5\"><div class=\"scrollable-content-inner\"><h2>App Magnetic Slots para tu Android<\/h2>\n<p>Independientemente del dispositivo Android que tengas, puedes utilizar la aplicaci\u00f3n Magneticslots sin ning\u00fan problema. Ofrecemos varias opciones pr\u00e1cticas para utilizar nuestra plataforma: versi\u00f3n para navegador, icono de acceso directo o aplicaci\u00f3n web progresiva. Para cualquiera de ellas, no es necesario descargar ning\u00fan archivo Magneticslots APK desconocido.<\/p>\n<p>La versi\u00f3n para navegador est\u00e1 disponible en Google Chrome, Firefox y cualquier otra opci\u00f3n. Para acceder m\u00e1s r\u00e1pidamente, tambi\u00e9n puede instalar el icono de acceso directo. Esto significa que puede ir a nuestro sitio web haciendo clic en el icono de su pantalla de inicio.<\/p>\n<p>Puede instalar la aplicaci\u00f3n Magneticslots para Android desde nuestro sitio web. Debido a las restricciones sobre el software de apuestas, no puede descargarla desde Google Play Store. Siga nuestras instrucciones a continuaci\u00f3n para un proceso de instalaci\u00f3n r\u00e1pido:<\/p>\n<ol>\n<li>Ve al final de la p\u00e1gina del sitio web Magneticslots Casino.<\/li>\n<li>Haga clic en el bot\u00f3n \u00abAplicaci\u00f3n del casino\u00bb en el pie de p\u00e1gina.<\/li>\n<li>El proceso de instalaci\u00f3n se iniciar\u00e1 autom\u00e1ticamente y no tardar\u00e1 m\u00e1s de 2 minutos con una conexi\u00f3n a Internet estable.<\/li>\n<li>Despu\u00e9s de una instalaci\u00f3n exitosa, el icono aparecer\u00e1 en tu pantalla de inicio.<\/li>\n<\/ol>\n<p><img loading=\"lazy\" decoding=\"async\" src=\"https:\/\/magnetic-slots.net\/wp-content\/uploads\/2025\/11\/MagneticSlots-Android.webp\" alt=\"MagneticSlots Android\" width=\"1248\" height=\"536\" \/><\/p>\n<\/div><\/div><div style=\"clear: both\"><\/div><div class=\"d-flex justify-content-center\"><button data-item=\"decouvrez_link\" data-group=\"website_links\" class=\"goto fw-bold rounded-pill btn btn-orange\" aria-label=\"Descargar MagneticSlots\" >Descargar MagneticSlots<\/button><\/div><div class=\"scrollable-content-wrap my-5\"><div class=\"scrollable-content-inner\"><h2>Aplicaci\u00f3n para iPhone y iPad<\/h2>\n<p>Los usuarios de iOS tambi\u00e9n pueden disfrutar de toda la experiencia de juego en sus dispositivos m\u00f3viles. Hay m\u00e1s de 6.000 t\u00edtulos disponibles en el software m\u00f3vil Magneticslots Casino. No perder\u00e1s nada, ya que el casino m\u00f3vil es un reflejo exacto de la versi\u00f3n completa para ordenador.<\/p>\n<p>La aplicaci\u00f3n est\u00e1 optimizada para las pantallas peque\u00f1as de todos los dispositivos iOS modernos, incluidos los iPhone y los iPad. Puede instalar la aplicaci\u00f3n Magneticslots siguiendo el enlace que aparece en el pie de p\u00e1gina de nuestro sitio web. El proceso solo lleva unos minutos.<\/p>\n<p>Siempre existe la posibilidad de utilizar Magneticslots Casino en Safari o cualquier otro navegador m\u00f3vil. Para un acceso a\u00fan m\u00e1s r\u00e1pido, puede instalar un icono de acceso directo. Se puede hacer en cualquier navegador moderno. Hemos creado instrucciones paso a paso sobre c\u00f3mo hacerlo en Safari:<\/p>\n<ol>\n<li>Abre nuestro sitio web en la aplicaci\u00f3n Safari.<\/li>\n<li>Haga clic en el bot\u00f3n \u00abCompartir\u00bb situado en la parte inferior de la pantalla.<\/li>\n<li>De entre las opciones disponibles, selecciona \u00abA\u00f1adir a la pantalla de inicio\u00bb.<\/li>\n<li>Confirma tu elecci\u00f3n haciendo clic en el bot\u00f3n \u00abA\u00f1adir\u00bb.<\/li>\n<\/ol>\n<p><img loading=\"lazy\" decoding=\"async\" src=\"https:\/\/magnetic-slots.net\/wp-content\/uploads\/2025\/11\/MagneticSlots-iOS.webp\" alt=\"MagneticSlots iOS\" width=\"1248\" height=\"536\" \/><\/p>\n<\/div><\/div><div style=\"clear: both\"><\/div><div class=\"d-flex justify-content-center\"><button data-item=\"decouvrez_link\" data-group=\"website_links\" class=\"goto fw-bold rounded-pill btn btn-orange\" aria-label=\"Descarga la aplicaci\u00f3n MagneticSlots\" >Descarga la aplicaci\u00f3n MagneticSlots<\/button><\/div><div class=\"scrollable-content-wrap my-5\"><div class=\"scrollable-content-inner\"><h2>App web para Windows o Mac<\/h2>\n<p>Si prefieres una experiencia m\u00e1s tradicional con una pantalla grande, siempre puedes acceder a Magneticslots Casino desde tu PC. Puedes utilizar nuestro casino online en cualquier navegador que prefieras sin necesidad de instalar ning\u00fan software adicional. Los usuarios tienen acceso a toda la biblioteca de juegos, pagos, bonificaciones, atenci\u00f3n al cliente y mucho m\u00e1s.<\/p>\n<p>La interfaz se adapta autom\u00e1ticamente a diferentes tama\u00f1os de pantalla para garantizar una navegaci\u00f3n sencilla tanto en ordenadores port\u00e1tiles como de sobremesa. Tambi\u00e9n puede instalar aqu\u00ed un icono para su pantalla de inicio.<\/p>\n<p><img loading=\"lazy\" decoding=\"async\" src=\"https:\/\/magnetic-slots.net\/wp-content\/uploads\/2025\/11\/MagneticSlots-Desktop.webp\" alt=\"MagneticSlots Desktop\" width=\"1248\" height=\"536\" \/><\/p>\n<\/div><\/div><div style=\"clear: both\"><\/div><div class=\"d-flex justify-content-center\"><button data-item=\"decouvrez_link\" data-group=\"website_links\" class=\"goto fw-bold rounded-pill btn btn-orange\" aria-label=\"Descargar MagneticSlots\" >Descargar MagneticSlots<\/button><\/div><div class=\"scrollable-content-wrap my-5\"><div class=\"scrollable-content-inner\"><h2>Preguntas frecuentes<\/h2>\n<h3>\u00bfLa aplicaci\u00f3n Magnetic Slots App est\u00e1 disponible tanto para Android como para iOS?<\/h3>\n<p>La aplicaci\u00f3n Magneticslots est\u00e1 disponible para todos los dispositivos Android e iOS modernos. Puede instalarla desde nuestro sitio web en pocos minutos.<\/p>\n<h3>\u00bfPuedo acceder a los mismos juegos en la aplicaci\u00f3n que en la versi\u00f3n de escritorio?<\/h3>\n<p>Ofrecemos la misma colecci\u00f3n de juegos tanto en el software m\u00f3vil Magneticslots como en la versi\u00f3n de escritorio. Tendr\u00e1s acceso a m\u00e1s de 6.000 t\u00edtulos de diferentes categor\u00edas y g\u00e9neros. Todos ellos se adaptan perfectamente a las pantallas t\u00e1ctiles, ofreciendo una maravillosa experiencia de juego.<\/p>\n<h3>\u00bfC\u00f3mo actualizo la aplicaci\u00f3n Magneticslots a la \u00faltima versi\u00f3n?<\/h3>\n<p>Creamos nuestro software m\u00f3vil Magneticslots Casino como una aplicaci\u00f3n web progresiva. Se actualiza autom\u00e1ticamente, sin necesidad de realizar ning\u00fan paso adicional por su parte. Si hay actualizaciones importantes, le pediremos que instale la nueva versi\u00f3n desde nuestro sitio web Magnetic Slots Casino.<\/p>\n<h3>\u00bfQu\u00e9 debo hacer si la aplicaci\u00f3n no se carga o se bloquea?<\/h3>\n<p>Si tiene alg\u00fan problema con la aplicaci\u00f3n Magneticslots, p\u00f3ngase en contacto con nuestro equipo de asistencia, disponible las 24 horas del d\u00eda, los 7 d\u00edas de la semana. Nuestros responsables comprobar\u00e1n r\u00e1pidamente la situaci\u00f3n y encontrar\u00e1n una soluci\u00f3n para su caso concreto. Disponemos de dos canales de contacto: chat en vivo o correo electr\u00f3nico.<\/p>\n<\/div><\/div><\/p>\n","protected":false},"excerpt":{"rendered":"<p>Aplicaci\u00f3n Magneticslots Magneticslots app es una versi\u00f3n PWA de nuestro casino. Puedes abrirla en el navegador, a\u00f1adirla a tu pantalla de inicio y tener Magneticslots a mano sin pasar por una tienda de aplicaciones. Eso tambi\u00e9n significa que no hay un proceso de actualizaci\u00f3n independiente que tengas que gestionar, porque los cambios en la app [&hellip;]<\/p>\n","protected":false},"author":1,"featured_media":0,"parent":0,"menu_order":0,"comment_status":"closed","ping_status":"closed","template":"template-builder.php","meta":{"_acf_changed":false,"inline_featured_image":false,"footnotes":""},"class_list":["post-1441","page","type-page","status-publish","hentry"],"acf":[],"yoast_head":"<!-- This site is optimized with the Yoast SEO plugin v27.3 - https:\/\/yoast.com\/product\/yoast-seo-wordpress\/ -->\n<title>Magneticslots App | PWA para Android, iPhone, iPad y ordenador<\/title>\n<meta name=\"description\" content=\"Instala Magnetic Slots App desde nuestro sitio web y mant\u00e9n la PWA en tu pantalla de inicio para un acceso m\u00e1s r\u00e1pido. \u00dasala en Android, iPhone, iPad, Windows o Mac, evita la tienda de aplicaciones, los archivos APK desconocidos y recibe actualizaciones autom\u00e1ticamente.\" \/>\n<meta name=\"robots\" content=\"index, follow, max-snippet:-1, max-image-preview:large, max-video-preview:-1\" \/>\n<link rel=\"canonical\" href=\"https:\/\/magnetic-slots.net\/es\/aplicacion\/\" \/>\n<meta property=\"og:locale\" content=\"es_ES\" \/>\n<meta property=\"og:type\" content=\"article\" \/>\n<meta property=\"og:title\" content=\"Magneticslots App | PWA para Android, iPhone, iPad y ordenador\" \/>\n<meta property=\"og:description\" content=\"Instala Magnetic Slots App desde nuestro sitio web y mant\u00e9n la PWA en tu pantalla de inicio para un acceso m\u00e1s r\u00e1pido. \u00dasala en Android, iPhone, iPad, Windows o Mac, evita la tienda de aplicaciones, los archivos APK desconocidos y recibe actualizaciones autom\u00e1ticamente.\" \/>\n<meta property=\"og:url\" content=\"https:\/\/magnetic-slots.net\/es\/aplicacion\/\" \/>\n<meta property=\"og:site_name\" content=\"magneticslots\" \/>\n<meta property=\"article:modified_time\" content=\"2026-04-03T13:49:17+00:00\" \/>\n<meta name=\"twitter:card\" content=\"summary_large_image\" \/>\n<meta name=\"twitter:label1\" content=\"Est. reading time\" \/>\n\t<meta name=\"twitter:data1\" content=\"2 minutes\" \/>\n<script type=\"application\/ld+json\" class=\"yoast-schema-graph\">{\"@context\":\"https:\\\/\\\/schema.org\",\"@graph\":[{\"@type\":\"WebPage\",\"@id\":\"https:\\\/\\\/magnetic-slots.net\\\/es\\\/aplicacion\\\/\",\"url\":\"https:\\\/\\\/magnetic-slots.net\\\/es\\\/aplicacion\\\/\",\"name\":\"Magneticslots App | PWA para Android, iPhone, iPad y ordenador\",\"isPartOf\":{\"@id\":\"https:\\\/\\\/magnetic-slots.net\\\/es\\\/#website\"},\"datePublished\":\"2025-11-27T10:04:31+00:00\",\"dateModified\":\"2026-04-03T13:49:17+00:00\",\"description\":\"Instala Magnetic Slots App desde nuestro sitio web y mant\u00e9n la PWA en tu pantalla de inicio para un acceso m\u00e1s r\u00e1pido. \u00dasala en Android, iPhone, iPad, Windows o Mac, evita la tienda de aplicaciones, los archivos APK desconocidos y recibe actualizaciones autom\u00e1ticamente.\",\"breadcrumb\":{\"@id\":\"https:\\\/\\\/magnetic-slots.net\\\/es\\\/aplicacion\\\/#breadcrumb\"},\"inLanguage\":\"es-ES\",\"potentialAction\":[{\"@type\":\"ReadAction\",\"target\":[\"https:\\\/\\\/magnetic-slots.net\\\/es\\\/aplicacion\\\/\"]}]},{\"@type\":\"BreadcrumbList\",\"@id\":\"https:\\\/\\\/magnetic-slots.net\\\/es\\\/aplicacion\\\/#breadcrumb\",\"itemListElement\":[{\"@type\":\"ListItem\",\"position\":1,\"name\":\"Magneticslots\",\"item\":\"https:\\\/\\\/magnetic-slots.net\\\/es\\\/\"},{\"@type\":\"ListItem\",\"position\":2,\"name\":\"Aplicaci\u00f3n\"}]},{\"@type\":\"WebSite\",\"@id\":\"https:\\\/\\\/magnetic-slots.net\\\/es\\\/#website\",\"url\":\"https:\\\/\\\/magnetic-slots.net\\\/es\\\/\",\"name\":\"Magneticslots\",\"description\":\"\",\"publisher\":{\"@id\":\"https:\\\/\\\/magnetic-slots.net\\\/es\\\/#organization\"},\"potentialAction\":[{\"@type\":\"SearchAction\",\"target\":{\"@type\":\"EntryPoint\",\"urlTemplate\":\"https:\\\/\\\/magnetic-slots.net\\\/es\\\/?s={search_term_string}\"},\"query-input\":{\"@type\":\"PropertyValueSpecification\",\"valueRequired\":true,\"valueName\":\"search_term_string\"}}],\"inLanguage\":\"es-ES\"},{\"@type\":\"Organization\",\"@id\":\"https:\\\/\\\/magnetic-slots.net\\\/es\\\/#organization\",\"name\":\"Magneticslots\",\"url\":\"https:\\\/\\\/magnetic-slots.net\\\/es\\\/\",\"logo\":{\"@type\":\"ImageObject\",\"inLanguage\":\"es-ES\",\"@id\":\"https:\\\/\\\/magnetic-slots.net\\\/es\\\/#\\\/schema\\\/logo\\\/image\\\/\",\"url\":\"https:\\\/\\\/magnetic-slots.net\\\/wp-content\\\/uploads\\\/2025\\\/11\\\/logo.svg\",\"contentUrl\":\"https:\\\/\\\/magnetic-slots.net\\\/wp-content\\\/uploads\\\/2025\\\/11\\\/logo.svg\",\"width\":160,\"height\":27,\"caption\":\"Magneticslots\"},\"image\":{\"@id\":\"https:\\\/\\\/magnetic-slots.net\\\/es\\\/#\\\/schema\\\/logo\\\/image\\\/\"}}]}<\/script>\n<!-- \/ Yoast SEO plugin. -->","yoast_head_json":{"title":"Magneticslots App | PWA para Android, iPhone, iPad y ordenador","description":"Instala Magnetic Slots App desde nuestro sitio web y mant\u00e9n la PWA en tu pantalla de inicio para un acceso m\u00e1s r\u00e1pido. \u00dasala en Android, iPhone, iPad, Windows o Mac, evita la tienda de aplicaciones, los archivos APK desconocidos y recibe actualizaciones autom\u00e1ticamente.","robots":{"index":"index","follow":"follow","max-snippet":"max-snippet:-1","max-image-preview":"max-image-preview:large","max-video-preview":"max-video-preview:-1"},"canonical":"https:\/\/magnetic-slots.net\/es\/aplicacion\/","og_locale":"es_ES","og_type":"article","og_title":"Magneticslots App | PWA para Android, iPhone, iPad y ordenador","og_description":"Instala Magnetic Slots App desde nuestro sitio web y mant\u00e9n la PWA en tu pantalla de inicio para un acceso m\u00e1s r\u00e1pido. \u00dasala en Android, iPhone, iPad, Windows o Mac, evita la tienda de aplicaciones, los archivos APK desconocidos y recibe actualizaciones autom\u00e1ticamente.","og_url":"https:\/\/magnetic-slots.net\/es\/aplicacion\/","og_site_name":"magneticslots","article_modified_time":"2026-04-03T13:49:17+00:00","twitter_card":"summary_large_image","twitter_misc":{"Est. reading time":"2 minutes"},"schema":{"@context":"https:\/\/schema.org","@graph":[{"@type":"WebPage","@id":"https:\/\/magnetic-slots.net\/es\/aplicacion\/","url":"https:\/\/magnetic-slots.net\/es\/aplicacion\/","name":"Magneticslots App | PWA para Android, iPhone, iPad y ordenador","isPartOf":{"@id":"https:\/\/magnetic-slots.net\/es\/#website"},"datePublished":"2025-11-27T10:04:31+00:00","dateModified":"2026-04-03T13:49:17+00:00","description":"Instala Magnetic Slots App desde nuestro sitio web y mant\u00e9n la PWA en tu pantalla de inicio para un acceso m\u00e1s r\u00e1pido. \u00dasala en Android, iPhone, iPad, Windows o Mac, evita la tienda de aplicaciones, los archivos APK desconocidos y recibe actualizaciones autom\u00e1ticamente.","breadcrumb":{"@id":"https:\/\/magnetic-slots.net\/es\/aplicacion\/#breadcrumb"},"inLanguage":"es-ES","potentialAction":[{"@type":"ReadAction","target":["https:\/\/magnetic-slots.net\/es\/aplicacion\/"]}]},{"@type":"BreadcrumbList","@id":"https:\/\/magnetic-slots.net\/es\/aplicacion\/#breadcrumb","itemListElement":[{"@type":"ListItem","position":1,"name":"Magneticslots","item":"https:\/\/magnetic-slots.net\/es\/"},{"@type":"ListItem","position":2,"name":"Aplicaci\u00f3n"}]},{"@type":"WebSite","@id":"https:\/\/magnetic-slots.net\/es\/#website","url":"https:\/\/magnetic-slots.net\/es\/","name":"Magneticslots","description":"","publisher":{"@id":"https:\/\/magnetic-slots.net\/es\/#organization"},"potentialAction":[{"@type":"SearchAction","target":{"@type":"EntryPoint","urlTemplate":"https:\/\/magnetic-slots.net\/es\/?s={search_term_string}"},"query-input":{"@type":"PropertyValueSpecification","valueRequired":true,"valueName":"search_term_string"}}],"inLanguage":"es-ES"},{"@type":"Organization","@id":"https:\/\/magnetic-slots.net\/es\/#organization","name":"Magneticslots","url":"https:\/\/magnetic-slots.net\/es\/","logo":{"@type":"ImageObject","inLanguage":"es-ES","@id":"https:\/\/magnetic-slots.net\/es\/#\/schema\/logo\/image\/","url":"https:\/\/magnetic-slots.net\/wp-content\/uploads\/2025\/11\/logo.svg","contentUrl":"https:\/\/magnetic-slots.net\/wp-content\/uploads\/2025\/11\/logo.svg","width":160,"height":27,"caption":"Magneticslots"},"image":{"@id":"https:\/\/magnetic-slots.net\/es\/#\/schema\/logo\/image\/"}}]}},"_links":{"self":[{"href":"https:\/\/magnetic-slots.net\/es\/wp-json\/wp\/v2\/pages\/1441","targetHints":{"allow":["GET"]}}],"collection":[{"href":"https:\/\/magnetic-slots.net\/es\/wp-json\/wp\/v2\/pages"}],"about":[{"href":"https:\/\/magnetic-slots.net\/es\/wp-json\/wp\/v2\/types\/page"}],"author":[{"embeddable":true,"href":"https:\/\/magnetic-slots.net\/es\/wp-json\/wp\/v2\/users\/1"}],"replies":[{"embeddable":true,"href":"https:\/\/magnetic-slots.net\/es\/wp-json\/wp\/v2\/comments?post=1441"}],"version-history":[{"count":6,"href":"https:\/\/magnetic-slots.net\/es\/wp-json\/wp\/v2\/pages\/1441\/revisions"}],"predecessor-version":[{"id":2098,"href":"https:\/\/magnetic-slots.net\/es\/wp-json\/wp\/v2\/pages\/1441\/revisions\/2098"}],"wp:attachment":[{"href":"https:\/\/magnetic-slots.net\/es\/wp-json\/wp\/v2\/media?parent=1441"}],"curies":[{"name":"wp","href":"https:\/\/api.w.org\/{rel}","templated":true}]}}