{"id":1479,"date":"2025-11-27T10:12:04","date_gmt":"2025-11-27T10:12:04","guid":{"rendered":"https:\/\/magnetic-slots.net\/login-and-registration\/"},"modified":"2026-04-03T14:48:47","modified_gmt":"2026-04-03T13:48:47","slug":"inicio-de-sesion-y-registro","status":"publish","type":"page","link":"https:\/\/magnetic-slots.net\/es\/inicio-de-sesion-y-registro\/","title":{"rendered":"Inicio de sesi\u00f3n y registro"},"content":{"rendered":"<h1>Magneticslots inicio de sesi\u00f3n y registro de cuenta<\/h1>\n<p>Magneticslots login es el punto en el que pasas de la parte p\u00fablica de nuestro casino a tu propio espacio personal en la plataforma. Una vez que inicias sesi\u00f3n, Magneticslots se siente m\u00e1s personal. Mantenemos ese paso claro y familiar, para que puedas volver a tu perfil sin esfuerzo adicional.<\/p>\n<p>Desde el acceso diario hasta las comprobaciones de cuenta que llegan despu\u00e9s, la zona de acceso acompa\u00f1a la parte de Magnetic Slots que te corresponde. Es el paso que te devuelve a tu cuenta cada vez que quieres jugar, revisar tus datos o seguir usando la plataforma.<\/p>\n<p><div class=\"banner-wrap\" aria-label=\"Banner\"><img src=\"https:\/\/magnetic-slots.net\/wp-content\/uploads\/2025\/11\/header-bg-1.webp\" class=\"w-100 d-none d-lg-block img-pc main-banner-img\" alt=\"MagneticSlots banner desktop\" fetchpriority=\"high\" decoding=\"async\"><img src=\"https:\/\/magnetic-slots.net\/wp-content\/uploads\/2025\/11\/MagneticSlots-mobile-banner.webp\" class=\"w-100 d-none d-md-block d-lg-none main-banner-img\" alt=\"MagneticSlots mobile banner\" fetchpriority=\"high\" decoding=\"async\"><img src=\"https:\/\/magnetic-slots.net\/wp-content\/uploads\/2025\/11\/MagneticSlots-mobile-banner.webp\" class=\"w-100 d-md-none\" alt=\"MagneticSlots mobile banner\" fetchpriority=\"high\" decoding=\"async\"><div class=\"banner-description\">\n<div class=\"banner-title\">Bonos de bienvenida<\/div>\n<p class=\"banner-header-title\">\u20ac1500<\/p>\n<div class=\"banner-header-AdditionalText\">+ 250 tiradas gratis<\/div>\n<p>&nbsp;<\/p>\n<div class=\"m-button-content\"><button data-item=\"homepage_banner_link\" class=\"goto m-button m-gradient-border m-button--primary m-button--large banner-button btn-orange\">\n            <div class=\"m-button-content\">\n                <span>Reg\u00edstrate gratis ahora<\/span>\n                <span><\/span>\n            <\/div>\n        <\/button><\/div>\n<p>&nbsp;<\/p>\n<\/div>\n<div class=\"WelcomePack\">\n<p><img loading=\"lazy\" decoding=\"async\" class=\"alignnone size-full wp-image-1339\" src=\"https:\/\/magnetic-slots.net\/wp-content\/uploads\/2025\/11\/welcome-crown.svg\" alt=\"crown\" width=\"25\" height=\"26\" \/><\/p>\n<div class=\"WelcomePack-Info\">\n<p>Cashback semanal de hasta el 25%<\/p>\n<\/div>\n<p><img loading=\"lazy\" decoding=\"async\" class=\"alignnone size-full wp-image-1339\" src=\"https:\/\/magnetic-slots.net\/wp-content\/uploads\/2025\/11\/welcome-crown.svg\" alt=\"crown\" width=\"25\" height=\"26\" \/><\/p>\n<\/div>\n<\/div><div class=\"scrollable-content-wrap my-5\"><div class=\"scrollable-content-inner\"><h2>C\u00f3mo utilizar Magneticslots iniciar sesi\u00f3n<\/h2>\n<p>Si desea acceder al mundo de los juegos en l\u00ednea con m\u00e1s de 6.000 t\u00edtulos, bonificaciones emocionantes y pagos seguros, solo tiene que completar el proceso de inicio de sesi\u00f3n en Magneticslots. Los usuarios pueden hacerlo haciendo clic en el bot\u00f3n \u00abIniciar sesi\u00f3n\u00bb de la p\u00e1gina principal e introduciendo la informaci\u00f3n personal que proporcionaron al registrarse.<\/p>\n<p>Puede ocurrir cualquier situaci\u00f3n, incluso olvidar la contrase\u00f1a. En nuestra plataforma, tenemos una soluci\u00f3n para este tipo de situaciones. En el formulario Magneticslots login, tienes la opci\u00f3n de restablecer la contrase\u00f1a y crear una nueva haciendo clic en el enlace \u00ab\u00bfHas olvidado tu contrase\u00f1a?\u00bb.<\/p>\n<p>Si no puede acceder a su cuenta en Magneticslots Casino, p\u00f3ngase en contacto con nuestro equipo de asistencia a trav\u00e9s del chat en vivo o por correo electr\u00f3nico. Nuestros gestores revisar\u00e1n su cuenta y le proporcionar\u00e1n una soluci\u00f3n.<\/p>\n<h2>Registro en Magnetic Slots y proceso de creaci\u00f3n de cuenta<\/h2>\n<p>Agradecemos a todos nuestros nuevos clientes por elegir Magneticslots Casino como su plataforma de juego. En la aplicaci\u00f3n o en el sitio web, puede completar el proceso de registro en 3 minutos. Solo le pediremos la informaci\u00f3n m\u00e1s importante: su direcci\u00f3n de correo electr\u00f3nico y contrase\u00f1a. Aseg\u00farese de que su contrase\u00f1a sea segura para que nadie m\u00e1s pueda acceder a su cuenta de Magneticslots.<\/p>\n<p>Siga nuestras instrucciones para realizar un proceso de registro sencillo:<\/p>\n<ol>\n<li>Ve a la secci\u00f3n de registro haciendo clic en el bot\u00f3n \u00abRegistrarse\u00bb situado en la esquina superior derecha.<\/li>\n<li>Introduzca su direcci\u00f3n de correo electr\u00f3nico y cree una contrase\u00f1a de m\u00e1s de 6 caracteres.<\/li>\n<li>Confirma tu edad. Las normas de Magneticslots Casino solo permiten registrarse a mayores de 18 a\u00f1os.<\/li>\n<li>Acepta las normas de nuestro sitio web. Puedes encontrar los \u00abT\u00e9rminos y condiciones\u00bb en el pie de p\u00e1gina del sitio web.<\/li>\n<li>Haga clic en el bot\u00f3n \u00abRegistrarse\u00bb para confirmar su inscripci\u00f3n.<\/li>\n<\/ol>\n<h3>Configuraci\u00f3n y funciones de la cuenta<\/h3>\n<p>No es necesario crear una cuenta en Magneticslots, pero hacerlo te ofrece muchas ventajas. Sin registrarte, solo podr\u00e1s jugar a algunos juegos en modo demo. Sin embargo, si creas una cuenta, obtendr\u00e1s muchas funciones y herramientas adicionales.<\/p>\n<p>En la cuenta de Magneticslots Casino, puedes cambiar tu informaci\u00f3n personal o de pago en cualquier momento. All\u00ed tambi\u00e9n encontrar\u00e1s las herramientas para jugar de forma responsable. Adem\u00e1s, siempre podr\u00e1s ver y analizar tu historial de juego, bonificaciones y finanzas.<\/p>\n<p><img loading=\"lazy\" decoding=\"async\" class=\"alignnone size-full wp-image-2037\" src=\"https:\/\/magnetic-slots.net\/wp-content\/uploads\/2026\/04\/Nyxbets-Login.webp\" alt=\"Login\" width=\"1248\" height=\"536\" srcset=\"https:\/\/magnetic-slots.net\/wp-content\/uploads\/2026\/04\/Nyxbets-Login.webp 1248w, https:\/\/magnetic-slots.net\/wp-content\/uploads\/2026\/04\/Nyxbets-Login-300x129.webp 300w, https:\/\/magnetic-slots.net\/wp-content\/uploads\/2026\/04\/Nyxbets-Login-1024x440.webp 1024w, https:\/\/magnetic-slots.net\/wp-content\/uploads\/2026\/04\/Nyxbets-Login-768x330.webp 768w\" sizes=\"auto, (max-width: 1248px) 100vw, 1248px\" \/><\/p>\n<h2>Por qu\u00e9 necesitas verificar tu cuenta<\/h2>\n<p>En Magneticslots Casino, el proceso de verificaci\u00f3n es un paso importante para mantener una plataforma segura y evitar fraudes. Pedimos a todos nuestros clientes, independientemente de su regi\u00f3n, que verifiquen su identidad, edad, domicilio y titularidad de la cuenta de pago. Por eso es esencial introducir su informaci\u00f3n personal y de pago real durante el proceso de registro.<\/p>\n<p>El proceso de verificaci\u00f3n se lleva a cabo antes de la primera retirada de fondos. Debe subir copias o fotos de sus documentos a la plataforma Magneticslots y nuestros gestores los comprobar\u00e1n en un plazo de 48 horas. Una vez que reciba la luz verde, podr\u00e1 retirar sus ganancias sin m\u00e1s demoras. A continuaci\u00f3n, encontrar\u00e1 la informaci\u00f3n principal sobre los documentos.<\/p>\n<table>\n<tbody>\n<tr>\n<td>Lo que demuestra<\/td>\n<td>Documentos necesarios<\/td>\n<\/tr>\n<tr>\n<td>Verificaci\u00f3n de identidad y edad<\/td>\n<td>Documento de identidad expedido por el gobierno (pasaporte, documento nacional de identidad, permiso de conducir)<\/td>\n<\/tr>\n<tr>\n<td>Prueba de domicilio<\/td>\n<td>Factura de servicios p\u00fablicos, extracto bancario, carta de impuestos o correspondencia oficial (con fecha de los \u00faltimos 3 meses).<\/td>\n<\/tr>\n<tr>\n<td>Titularidad del m\u00e9todo de pago<\/td>\n<td>Captura de pantalla o declaraci\u00f3n del m\u00e9todo de pago utilizado (tarjeta bancaria, monedero electr\u00f3nico, confirmaci\u00f3n de monedero criptogr\u00e1fico).<\/td>\n<\/tr>\n<\/tbody>\n<\/table>\n<h2>Preguntas frecuentes<\/h2>\n<h3>\u00bfC\u00f3mo inicio sesi\u00f3n en mi cuenta de Magneticslots Casino?<\/h3>\n<p>Para completar el proceso de inicio de sesi\u00f3n en Magnetic Slots, debes introducir la direcci\u00f3n de correo electr\u00f3nico y la contrase\u00f1a que utilizaste al registrarte. No se requiere ninguna verificaci\u00f3n adicional durante este proceso.<\/p>\n<h3>\u00bfQu\u00e9 debo hacer si olvido mi contrase\u00f1a?<\/h3>\n<p>En el paso Inicio de sesi\u00f3n en Magneticslots, debe seleccionar el enlace \u00ab\u00bfHa olvidado su contrase\u00f1a?\u00bb. Le enviaremos un enlace de restablecimiento por correo electr\u00f3nico para que pueda actualizarla. Si no ha recibido nuestro correo electr\u00f3nico, p\u00f3ngase en contacto con el equipo de asistencia multiling\u00fce.<\/p>\n<h3>\u00bfPuedo cambiar los datos de mi cuenta despu\u00e9s de registrarme?<\/h3>\n<p>En la configuraci\u00f3n de tu cuenta, puedes cambiar cualquier dato personal o de pago. El proceso es muy sencillo y no lleva m\u00e1s de unos minutos.<\/p>\n<h3>\u00bfMi informaci\u00f3n personal est\u00e1 segura cuando inicio sesi\u00f3n en Magnetic Slots?<\/h3>\n<p>Como casino online con licencia, en Magneticslots damos prioridad a la seguridad de nuestros clientes. Por eso, todos sus datos y transacciones est\u00e1n protegidos mediante un innovador cifrado SSL. Cada detalle de nuestro sitio web ha sido dise\u00f1ado teniendo en cuenta el cumplimiento del RGPD.<\/p>\n<\/div><\/div><\/p>\n","protected":false},"excerpt":{"rendered":"<p>Magneticslots inicio de sesi\u00f3n y registro de cuenta Magneticslots login es el punto en el que pasas de la parte p\u00fablica de nuestro casino a tu propio espacio personal en la plataforma. Una vez que inicias sesi\u00f3n, Magneticslots se siente m\u00e1s personal. Mantenemos ese paso claro y familiar, para que puedas volver a tu perfil [&hellip;]<\/p>\n","protected":false},"author":1,"featured_media":0,"parent":0,"menu_order":0,"comment_status":"closed","ping_status":"closed","template":"template-builder.php","meta":{"_acf_changed":false,"inline_featured_image":false,"footnotes":""},"class_list":["post-1479","page","type-page","status-publish","hentry"],"acf":[],"yoast_head":"<!-- This site is optimized with the Yoast SEO plugin v27.3 - https:\/\/yoast.com\/product\/yoast-seo-wordpress\/ -->\n<title>Magneticslots Login | Restablecer contrase\u00f1a y acceso a la cuenta<\/title>\n<meta name=\"description\" content=\"Usa Magnetic Slots Login para acceder a tu cuenta, restablecer tu contrase\u00f1a y volver a tu perfil. Reg\u00edstrate con tu correo electr\u00f3nico y contrase\u00f1a, completa el proceso de registro y gestiona tus datos personales y de pago en la plataforma.\" \/>\n<meta name=\"robots\" content=\"index, follow, max-snippet:-1, max-image-preview:large, max-video-preview:-1\" \/>\n<link rel=\"canonical\" href=\"https:\/\/magnetic-slots.net\/es\/inicio-de-sesion-y-registro\/\" \/>\n<meta property=\"og:locale\" content=\"es_ES\" \/>\n<meta property=\"og:type\" content=\"article\" \/>\n<meta property=\"og:title\" content=\"Magneticslots Login | Restablecer contrase\u00f1a y acceso a la cuenta\" \/>\n<meta property=\"og:description\" content=\"Usa Magnetic Slots Login para acceder a tu cuenta, restablecer tu contrase\u00f1a y volver a tu perfil. Reg\u00edstrate con tu correo electr\u00f3nico y contrase\u00f1a, completa el proceso de registro y gestiona tus datos personales y de pago en la plataforma.\" \/>\n<meta property=\"og:url\" content=\"https:\/\/magnetic-slots.net\/es\/inicio-de-sesion-y-registro\/\" \/>\n<meta property=\"og:site_name\" content=\"magneticslots\" \/>\n<meta property=\"article:modified_time\" content=\"2026-04-03T13:48:47+00:00\" \/>\n<meta name=\"twitter:card\" content=\"summary_large_image\" \/>\n<meta name=\"twitter:label1\" content=\"Est. reading time\" \/>\n\t<meta name=\"twitter:data1\" content=\"1 minute\" \/>\n<script type=\"application\/ld+json\" class=\"yoast-schema-graph\">{\"@context\":\"https:\\\/\\\/schema.org\",\"@graph\":[{\"@type\":\"WebPage\",\"@id\":\"https:\\\/\\\/magnetic-slots.net\\\/es\\\/inicio-de-sesion-y-registro\\\/\",\"url\":\"https:\\\/\\\/magnetic-slots.net\\\/es\\\/inicio-de-sesion-y-registro\\\/\",\"name\":\"Magneticslots Login | Restablecer contrase\u00f1a y acceso a la cuenta\",\"isPartOf\":{\"@id\":\"https:\\\/\\\/magnetic-slots.net\\\/es\\\/#website\"},\"datePublished\":\"2025-11-27T10:12:04+00:00\",\"dateModified\":\"2026-04-03T13:48:47+00:00\",\"description\":\"Usa Magnetic Slots Login para acceder a tu cuenta, restablecer tu contrase\u00f1a y volver a tu perfil. Reg\u00edstrate con tu correo electr\u00f3nico y contrase\u00f1a, completa el proceso de registro y gestiona tus datos personales y de pago en la plataforma.\",\"breadcrumb\":{\"@id\":\"https:\\\/\\\/magnetic-slots.net\\\/es\\\/inicio-de-sesion-y-registro\\\/#breadcrumb\"},\"inLanguage\":\"es-ES\",\"potentialAction\":[{\"@type\":\"ReadAction\",\"target\":[\"https:\\\/\\\/magnetic-slots.net\\\/es\\\/inicio-de-sesion-y-registro\\\/\"]}]},{\"@type\":\"BreadcrumbList\",\"@id\":\"https:\\\/\\\/magnetic-slots.net\\\/es\\\/inicio-de-sesion-y-registro\\\/#breadcrumb\",\"itemListElement\":[{\"@type\":\"ListItem\",\"position\":1,\"name\":\"Magneticslots\",\"item\":\"https:\\\/\\\/magnetic-slots.net\\\/es\\\/\"},{\"@type\":\"ListItem\",\"position\":2,\"name\":\"Inicio de sesi\u00f3n y registro\"}]},{\"@type\":\"WebSite\",\"@id\":\"https:\\\/\\\/magnetic-slots.net\\\/es\\\/#website\",\"url\":\"https:\\\/\\\/magnetic-slots.net\\\/es\\\/\",\"name\":\"Magneticslots\",\"description\":\"\",\"publisher\":{\"@id\":\"https:\\\/\\\/magnetic-slots.net\\\/es\\\/#organization\"},\"potentialAction\":[{\"@type\":\"SearchAction\",\"target\":{\"@type\":\"EntryPoint\",\"urlTemplate\":\"https:\\\/\\\/magnetic-slots.net\\\/es\\\/?s={search_term_string}\"},\"query-input\":{\"@type\":\"PropertyValueSpecification\",\"valueRequired\":true,\"valueName\":\"search_term_string\"}}],\"inLanguage\":\"es-ES\"},{\"@type\":\"Organization\",\"@id\":\"https:\\\/\\\/magnetic-slots.net\\\/es\\\/#organization\",\"name\":\"Magneticslots\",\"url\":\"https:\\\/\\\/magnetic-slots.net\\\/es\\\/\",\"logo\":{\"@type\":\"ImageObject\",\"inLanguage\":\"es-ES\",\"@id\":\"https:\\\/\\\/magnetic-slots.net\\\/es\\\/#\\\/schema\\\/logo\\\/image\\\/\",\"url\":\"https:\\\/\\\/magnetic-slots.net\\\/wp-content\\\/uploads\\\/2025\\\/11\\\/logo.svg\",\"contentUrl\":\"https:\\\/\\\/magnetic-slots.net\\\/wp-content\\\/uploads\\\/2025\\\/11\\\/logo.svg\",\"width\":160,\"height\":27,\"caption\":\"Magneticslots\"},\"image\":{\"@id\":\"https:\\\/\\\/magnetic-slots.net\\\/es\\\/#\\\/schema\\\/logo\\\/image\\\/\"}}]}<\/script>\n<!-- \/ Yoast SEO plugin. -->","yoast_head_json":{"title":"Magneticslots Login | Restablecer contrase\u00f1a y acceso a la cuenta","description":"Usa Magnetic Slots Login para acceder a tu cuenta, restablecer tu contrase\u00f1a y volver a tu perfil. Reg\u00edstrate con tu correo electr\u00f3nico y contrase\u00f1a, completa el proceso de registro y gestiona tus datos personales y de pago en la plataforma.","robots":{"index":"index","follow":"follow","max-snippet":"max-snippet:-1","max-image-preview":"max-image-preview:large","max-video-preview":"max-video-preview:-1"},"canonical":"https:\/\/magnetic-slots.net\/es\/inicio-de-sesion-y-registro\/","og_locale":"es_ES","og_type":"article","og_title":"Magneticslots Login | Restablecer contrase\u00f1a y acceso a la cuenta","og_description":"Usa Magnetic Slots Login para acceder a tu cuenta, restablecer tu contrase\u00f1a y volver a tu perfil. Reg\u00edstrate con tu correo electr\u00f3nico y contrase\u00f1a, completa el proceso de registro y gestiona tus datos personales y de pago en la plataforma.","og_url":"https:\/\/magnetic-slots.net\/es\/inicio-de-sesion-y-registro\/","og_site_name":"magneticslots","article_modified_time":"2026-04-03T13:48:47+00:00","twitter_card":"summary_large_image","twitter_misc":{"Est. reading time":"1 minute"},"schema":{"@context":"https:\/\/schema.org","@graph":[{"@type":"WebPage","@id":"https:\/\/magnetic-slots.net\/es\/inicio-de-sesion-y-registro\/","url":"https:\/\/magnetic-slots.net\/es\/inicio-de-sesion-y-registro\/","name":"Magneticslots Login | Restablecer contrase\u00f1a y acceso a la cuenta","isPartOf":{"@id":"https:\/\/magnetic-slots.net\/es\/#website"},"datePublished":"2025-11-27T10:12:04+00:00","dateModified":"2026-04-03T13:48:47+00:00","description":"Usa Magnetic Slots Login para acceder a tu cuenta, restablecer tu contrase\u00f1a y volver a tu perfil. Reg\u00edstrate con tu correo electr\u00f3nico y contrase\u00f1a, completa el proceso de registro y gestiona tus datos personales y de pago en la plataforma.","breadcrumb":{"@id":"https:\/\/magnetic-slots.net\/es\/inicio-de-sesion-y-registro\/#breadcrumb"},"inLanguage":"es-ES","potentialAction":[{"@type":"ReadAction","target":["https:\/\/magnetic-slots.net\/es\/inicio-de-sesion-y-registro\/"]}]},{"@type":"BreadcrumbList","@id":"https:\/\/magnetic-slots.net\/es\/inicio-de-sesion-y-registro\/#breadcrumb","itemListElement":[{"@type":"ListItem","position":1,"name":"Magneticslots","item":"https:\/\/magnetic-slots.net\/es\/"},{"@type":"ListItem","position":2,"name":"Inicio de sesi\u00f3n y registro"}]},{"@type":"WebSite","@id":"https:\/\/magnetic-slots.net\/es\/#website","url":"https:\/\/magnetic-slots.net\/es\/","name":"Magneticslots","description":"","publisher":{"@id":"https:\/\/magnetic-slots.net\/es\/#organization"},"potentialAction":[{"@type":"SearchAction","target":{"@type":"EntryPoint","urlTemplate":"https:\/\/magnetic-slots.net\/es\/?s={search_term_string}"},"query-input":{"@type":"PropertyValueSpecification","valueRequired":true,"valueName":"search_term_string"}}],"inLanguage":"es-ES"},{"@type":"Organization","@id":"https:\/\/magnetic-slots.net\/es\/#organization","name":"Magneticslots","url":"https:\/\/magnetic-slots.net\/es\/","logo":{"@type":"ImageObject","inLanguage":"es-ES","@id":"https:\/\/magnetic-slots.net\/es\/#\/schema\/logo\/image\/","url":"https:\/\/magnetic-slots.net\/wp-content\/uploads\/2025\/11\/logo.svg","contentUrl":"https:\/\/magnetic-slots.net\/wp-content\/uploads\/2025\/11\/logo.svg","width":160,"height":27,"caption":"Magneticslots"},"image":{"@id":"https:\/\/magnetic-slots.net\/es\/#\/schema\/logo\/image\/"}}]}},"_links":{"self":[{"href":"https:\/\/magnetic-slots.net\/es\/wp-json\/wp\/v2\/pages\/1479","targetHints":{"allow":["GET"]}}],"collection":[{"href":"https:\/\/magnetic-slots.net\/es\/wp-json\/wp\/v2\/pages"}],"about":[{"href":"https:\/\/magnetic-slots.net\/es\/wp-json\/wp\/v2\/types\/page"}],"author":[{"embeddable":true,"href":"https:\/\/magnetic-slots.net\/es\/wp-json\/wp\/v2\/users\/1"}],"replies":[{"embeddable":true,"href":"https:\/\/magnetic-slots.net\/es\/wp-json\/wp\/v2\/comments?post=1479"}],"version-history":[{"count":5,"href":"https:\/\/magnetic-slots.net\/es\/wp-json\/wp\/v2\/pages\/1479\/revisions"}],"predecessor-version":[{"id":2097,"href":"https:\/\/magnetic-slots.net\/es\/wp-json\/wp\/v2\/pages\/1479\/revisions\/2097"}],"wp:attachment":[{"href":"https:\/\/magnetic-slots.net\/es\/wp-json\/wp\/v2\/media?parent=1479"}],"curies":[{"name":"wp","href":"https:\/\/api.w.org\/{rel}","templated":true}]}}