{"id":1432,"date":"2025-11-27T10:04:31","date_gmt":"2025-11-27T10:04:31","guid":{"rendered":"https:\/\/magnetic-slots.net\/app\/"},"modified":"2026-04-01T10:13:27","modified_gmt":"2026-04-01T09:13:27","slug":"app","status":"publish","type":"page","link":"https:\/\/magnetic-slots.net\/fr\/app\/","title":{"rendered":"App"},"content":{"rendered":"<h1>Application de casino Magneticslots<\/h1>\n<p>Magneticslots app est une version PWA de notre casino. Vous pouvez l\u2019ouvrir dans le navigateur, l\u2019ajouter \u00e0 votre \u00e9cran d\u2019accueil et garder Magneticslots \u00e0 port\u00e9e de main sans passer par une boutique d\u2019applications. Cela signifie aussi qu\u2019il n\u2019y a pas de proc\u00e9dure de mise \u00e0 jour distincte \u00e0 g\u00e9rer, parce que les changements apport\u00e9s \u00e0 l\u2019application passent par la plateforme elle-m\u00eame \u00e0 mesure que le produit \u00e9volue. Le r\u00e9sultat est une mani\u00e8re plus simple de garder Magnetic Slots \u00e0 port\u00e9e de main sur les appareils que les joueurs utilisent chaque jour.<\/p>\n<div class=\"banner-wrap\" aria-label=\"Banner\"><img src=\"https:\/\/magnetic-slots.net\/wp-content\/uploads\/2025\/11\/header-bg-1.webp\" class=\"w-100 d-none d-lg-block img-pc main-banner-img\" alt=\"MagneticSlots banner desktop\" fetchpriority=\"high\" decoding=\"async\"><img src=\"https:\/\/magnetic-slots.net\/wp-content\/uploads\/2025\/11\/MagneticSlots-mobile-banner.webp\" class=\"w-100 d-none d-md-block d-lg-none main-banner-img\" alt=\"MagneticSlots mobile banner\" fetchpriority=\"high\" decoding=\"async\"><img src=\"https:\/\/magnetic-slots.net\/wp-content\/uploads\/2025\/11\/MagneticSlots-mobile-banner.webp\" class=\"w-100 d-md-none\" alt=\"MagneticSlots mobile banner\" fetchpriority=\"high\" decoding=\"async\"><div class=\"banner-description\">\n<div class=\"banner-title\">Bonus de bienvenue<\/div>\n<p class=\"banner-header-title\">1500 \u20ac<\/p>\n<div class=\"banner-header-AdditionalText\">+ 250 Tours gratuits<\/div>\n<button data-item=\"homepage_banner_link\" class=\"goto m-button m-gradient-border m-button--primary m-button--large banner-button btn-orange\">\n            <div class=\"m-button-content\">\n                <span>Inscrivez-vous d\u00e8s maintenant<\/span>\n                <span><\/span>\n            <\/div>\n        <\/button>\n<\/div>\n<div class=\"WelcomePack\">\n<p><img loading=\"lazy\" decoding=\"async\" class=\"alignnone size-full wp-image-1337\" src=\"https:\/\/magnetic-slots.net\/wp-content\/uploads\/2025\/11\/welcome-crown.svg\" alt=\"crown\" width=\"25\" height=\"26\" \/><\/p>\n<div class=\"WelcomePack-Info\">Cashback hebdomadaire jusqu&rsquo;\u00e0 25 %<\/div>\n<p><img loading=\"lazy\" decoding=\"async\" class=\"alignnone size-full wp-image-1337\" src=\"https:\/\/magnetic-slots.net\/wp-content\/uploads\/2025\/11\/welcome-crown.svg\" alt=\"crown\" width=\"25\" height=\"26\" \/><\/p>\n<\/div>\n<\/div>\n<h2>Les meilleures fonctionnalit\u00e9s de l&rsquo;app mobile Magneticslots<\/h2>\n<p>Plus de 80 % de nos joueurs pr\u00e9f\u00e8rent utiliser Magneticslots Casino depuis leur smartphone ou leur tablette. C&rsquo;est pourquoi nous avons d\u00e9velopp\u00e9 un logiciel mobile d\u00e9di\u00e9 qui fonctionne parfaitement sur tous les appareils Android ou iOS. D\u00e9sormais, vous n&rsquo;\u00eates plus limit\u00e9 par l&#8217;emplacement de votre domicile ou de votre PC.<\/p>\n<p>Vous retrouverez une conception et une navigation famili\u00e8res dans l&rsquo;application Magneticslots. Les utilisateurs peuvent suivre les m\u00eames proc\u00e9dures de mani\u00e8re simple : inscription, connexion et paiements. Que vous soyez un nouveau joueur ou un habitu\u00e9, cela n&rsquo;a aucune importance pour l&rsquo;utilisation du logiciel mobile. Dans le tableau ci-dessous, vous pouvez vous familiariser avec les fonctionnalit\u00e9s que vous trouverez dans l&rsquo;application Magneticslots.<\/p>\n<table>\n<tbody>\n<tr>\n<td>Fonctionnalit\u00e9<\/td>\n<td>D\u00e9tails<\/td>\n<\/tr>\n<tr>\n<td>Vari\u00e9t\u00e9 des jeux<\/td>\n<td>Magnetic Slots donne acc\u00e8s \u00e0 la biblioth\u00e8que du casino, qui comprend plus de 6 000 machines \u00e0 sous en ligne, des jeux de table, des titres avec croupiers en direct et des jeux instantan\u00e9s.<\/td>\n<\/tr>\n<tr>\n<td>Performances mobiles<\/td>\n<td>Il est con\u00e7u pour fonctionner parfaitement sur les smartphones et tablettes modernes. M\u00eame avec des connexions Internet plus lentes, nous offrons des temps de chargement rapides et une exp\u00e9rience de jeu stable.<\/td>\n<\/tr>\n<tr>\n<td>Acc\u00e8s bonus<\/td>\n<td>Les utilisateurs peuvent r\u00e9clamer des bonus de bienvenue, des promotions hebdomadaires, des remises en argent et des tours gratuits directement via l&rsquo;application, il n&rsquo;est donc pas n\u00e9cessaire d&rsquo;utiliser la version pour ordinateur.<\/td>\n<\/tr>\n<tr>\n<td>S\u00e9curit\u00e9<\/td>\n<td>Dans le logiciel mobile, nous utilisons le cryptage SSL pour vos informations personnelles et bancaires, ainsi qu&rsquo;un processus de v\u00e9rification. De plus, vous pouvez activer la v\u00e9rification \u00e0 deux facteurs pour prot\u00e9ger davantage votre compte.<\/td>\n<\/tr>\n<tr>\n<td>Gestion des comptes<\/td>\n<td>Dans le logiciel mobile, les joueurs ont la possibilit\u00e9 de modifier leurs informations personnelles, de consulter leur activit\u00e9, d&rsquo;utiliser les outils de jeu responsable et de configurer l&rsquo;authentification \u00e0 deux facteurs (2FA).<\/td>\n<\/tr>\n<tr>\n<td>Notifications<\/td>\n<td>Vous recevrez des notifications push sur votre appareil mobile concernant toutes les mises \u00e0 jour, les progr\u00e8s et les actualit\u00e9s.<\/td>\n<\/tr>\n<tr>\n<td>Synchronisation multiplateforme<\/td>\n<td>Vos soldes, votre historique de jeu, vos bonus et vos pr\u00e9f\u00e9rences sont automatiquement synchronis\u00e9s sur tous vos appareils, ce qui vous permet de passer facilement de votre t\u00e9l\u00e9phone \u00e0 votre tablette ou \u00e0 votre ordinateur de bureau.<\/td>\n<\/tr>\n<\/tbody>\n<\/table>\n<p><div style=\"clear: both\"><\/div><div class=\"d-flex justify-content-center\"><button data-item=\"decouvrez_link\" data-group=\"website_links\" class=\"goto fw-bold rounded-pill btn btn-orange\" aria-label=\"T\u00e9l\u00e9chargez l&#039;application MagneticSlots\" >T\u00e9l\u00e9chargez l&#039;application MagneticSlots<\/button><\/div><div class=\"scrollable-content-wrap my-5\"><div class=\"scrollable-content-inner\"><h2>Application Magnetic Slots pour votre Android<\/h2>\n<p>Quel que soit le mod\u00e8le d&rsquo;appareil Android que vous poss\u00e9dez, vous pouvez utiliser l&rsquo;application Magneticslots sans aucun probl\u00e8me. Nous proposons plusieurs options pratiques pour utiliser notre plateforme : version navigateur, ic\u00f4ne de raccourci ou application web progressive. Pour chacune d&rsquo;entre elles, vous n&rsquo;avez pas besoin de t\u00e9l\u00e9charger de fichiers APK Magneticslots inconnus.<\/p>\n<p>La version navigateur est disponible dans Google Chrome, Firefox et toutes les autres options. Pour un acc\u00e8s plus rapide, vous pouvez \u00e9galement installer l&rsquo;ic\u00f4ne de raccourci. Cela signifie que vous pouvez acc\u00e9der \u00e0 notre site web en cliquant sur l&rsquo;ic\u00f4ne sur votre \u00e9cran d&rsquo;accueil.<\/p>\n<p>Vous pouvez installer l&rsquo;application Magneticslots pour Android depuis notre site Web. En raison des restrictions applicables aux logiciels de jeux d&rsquo;argent, vous ne pouvez pas la t\u00e9l\u00e9charger depuis le Google Play Store. Suivez nos instructions ci-dessous pour une installation rapide :<\/p>\n<ol>\n<li>Allez \u00e0 la fin de la page du site web Magneticslots Casino.<\/li>\n<li>Cliquez sur le bouton \u00ab Application Casino \u00bb en bas de page.<\/li>\n<li>Le processus d&rsquo;installation d\u00e9marre automatiquement et ne prend pas plus de 2 minutes avec une connexion Internet stable.<\/li>\n<li>Une fois l&rsquo;installation termin\u00e9e, l&rsquo;ic\u00f4ne appara\u00eetra sur votre \u00e9cran d&rsquo;accueil.<\/li>\n<\/ol>\n<p><img loading=\"lazy\" decoding=\"async\" src=\"https:\/\/magnetic-slots.net\/wp-content\/uploads\/2025\/11\/MagneticSlots-Android.webp\" alt=\"MagneticSlots Android\" width=\"1248\" height=\"536\" \/><\/p>\n<\/div><\/div><div style=\"clear: both\"><\/div><div class=\"d-flex justify-content-center\"><button data-item=\"decouvrez_link\" data-group=\"website_links\" class=\"goto fw-bold rounded-pill btn btn-orange\" aria-label=\"T\u00e9l\u00e9charger MagneticSlots\" >T\u00e9l\u00e9charger MagneticSlots<\/button><\/div><div class=\"scrollable-content-wrap my-5\"><div class=\"scrollable-content-inner\"><h2>Application pour iPhone et iPad<\/h2>\n<p>Les utilisateurs iOS peuvent \u00e9galement profiter pleinement de l&rsquo;exp\u00e9rience de jeu sur leurs appareils mobiles. Plus de 6 000 titres sont disponibles dans le logiciel mobile Magneticslots Casino. Vous ne perdrez rien, car le casino mobile est le reflet exact de la version compl\u00e8te pour ordinateur.<\/p>\n<p>L&rsquo;application est optimis\u00e9e pour les petits \u00e9crans de tous les appareils iOS modernes, y compris les iPhone et les iPad. Vous pouvez installer l&rsquo;application Magneticslots en suivant le lien situ\u00e9 en bas de page de notre site web. Le processus ne prend que quelques minutes.<\/p>\n<p>Vous pouvez toujours utiliser Magneticslots Casino dans Safari ou tout autre navigateur mobile. Pour un acc\u00e8s encore plus rapide, vous pouvez installer une ic\u00f4ne de raccourci. Cela peut \u00eatre fait dans n&rsquo;importe quel navigateur moderne. Nous avons cr\u00e9\u00e9 des instructions \u00e9tape par \u00e9tape pour vous expliquer comment proc\u00e9der dans Safari :<\/p>\n<ol>\n<li>Ouvrez notre site Web dans l&rsquo;application Safari.<\/li>\n<li>Cliquez sur le bouton \u00ab Partager \u00bb en bas de l&rsquo;\u00e9cran.<\/li>\n<li>Parmi les options disponibles, s\u00e9lectionnez \u00ab Ajouter \u00e0 l&rsquo;\u00e9cran d&rsquo;accueil \u00bb.<\/li>\n<li>Confirmez votre choix en cliquant sur le bouton \u00ab Ajouter \u00bb.<\/li>\n<\/ol>\n<p><img loading=\"lazy\" decoding=\"async\" src=\"https:\/\/magnetic-slots.net\/wp-content\/uploads\/2025\/11\/MagneticSlots-iOS.webp\" alt=\"MagneticSlots iOS\" width=\"1248\" height=\"536\" \/><\/p>\n<\/div><\/div><div style=\"clear: both\"><\/div><div class=\"d-flex justify-content-center\"><button data-item=\"decouvrez_link\" data-group=\"website_links\" class=\"goto fw-bold rounded-pill btn btn-orange\" aria-label=\"T\u00e9l\u00e9chargez l&#039;application MagneticSlots\" >T\u00e9l\u00e9chargez l&#039;application MagneticSlots<\/button><\/div><div class=\"scrollable-content-wrap my-5\"><div class=\"scrollable-content-inner\"><h2>Application Web pour Windows ou Mac<\/h2>\n<p>Pour une exp\u00e9rience plus traditionnelle sur grand \u00e9cran, vous pouvez toujours acc\u00e9der \u00e0 Magneticslots Casino depuis votre PC. Vous pouvez utiliser notre casino en ligne dans n&rsquo;importe quel navigateur sans avoir besoin d&rsquo;installer de logiciel suppl\u00e9mentaire. Les utilisateurs ont acc\u00e8s \u00e0 l&rsquo;int\u00e9gralit\u00e9 de la biblioth\u00e8que de jeux, aux paiements, aux bonus, au service client et bien plus encore.<\/p>\n<p>L&rsquo;interface s&rsquo;adapte automatiquement aux diff\u00e9rentes tailles d&rsquo;\u00e9cran afin de garantir une navigation simple aussi bien sur les ordinateurs portables que sur les ordinateurs de bureau. Vous pouvez \u00e9galement installer ici une ic\u00f4ne pour votre \u00e9cran d&rsquo;accueil.<\/p>\n<p><img loading=\"lazy\" decoding=\"async\" src=\"https:\/\/magnetic-slots.net\/wp-content\/uploads\/2025\/11\/MagneticSlots-Desktop.webp\" alt=\"MagneticSlots Desktop\" width=\"1248\" height=\"536\" \/><\/p>\n<\/div><\/div><div style=\"clear: both\"><\/div><div class=\"d-flex justify-content-center\"><button data-item=\"decouvrez_link\" data-group=\"website_links\" class=\"goto fw-bold rounded-pill btn btn-orange\" aria-label=\"T\u00e9l\u00e9charger MagneticSlots\" >T\u00e9l\u00e9charger MagneticSlots<\/button><\/div><div class=\"scrollable-content-wrap my-5\"><div class=\"scrollable-content-inner\"><h2>FAQ<\/h2>\n<h3>L&rsquo;application Magnetic Slots est-elle disponible \u00e0 la fois sur Android et iOS ?<\/h3>\n<p>L&rsquo;application Magneticslots est disponible pour tous les appareils Android et iOS modernes. Vous pouvez l&rsquo;installer depuis notre site web en quelques minutes.<\/p>\n<h3>Puis-je acc\u00e9der aux m\u00eames jeux sur l&rsquo;application que sur la version bureau ?<\/h3>\n<p>Nous proposons la m\u00eame collection de jeux dans le logiciel mobile Magneticslots et dans la version pour ordinateur de bureau. Vous avez acc\u00e8s \u00e0 plus de 6 000 titres dans diff\u00e9rentes cat\u00e9gories et diff\u00e9rents genres. Ils s&rsquo;adaptent tous parfaitement aux \u00e9crans tactiles, offrant une merveilleuse exp\u00e9rience de jeu.<\/p>\n<h3>Comment mettre \u00e0 jour l&rsquo;application Magneticslots vers la derni\u00e8re version ?<\/h3>\n<p>Nous avons cr\u00e9\u00e9 notre logiciel mobile Magneticslots Casino sous forme d&rsquo;application web progressive. Il se met \u00e0 jour automatiquement, sans aucune intervention de votre part. En cas de mises \u00e0 jour importantes, nous vous demanderons d&rsquo;installer la nouvelle version \u00e0 partir de notre site web Magnetic Slots Casino.<\/p>\n<h3>Que faire si l&rsquo;application ne se charge pas ou plante ?<\/h3>\n<p>Si vous rencontrez des probl\u00e8mes avec l&rsquo;application Magneticslots, veuillez contacter notre \u00e9quipe d&rsquo;assistance disponible 24h\/24 et 7j\/7. Nos responsables examineront rapidement la situation et trouveront une solution adapt\u00e9e \u00e0 votre cas particulier. Nous disposons de deux canaux de contact : le chat en direct ou l&rsquo;e-mail.<\/p>\n<\/div><\/div><\/p>\n","protected":false},"excerpt":{"rendered":"<p>Application de casino Magneticslots Magneticslots app est une version PWA de notre casino. Vous pouvez l\u2019ouvrir dans le navigateur, l\u2019ajouter \u00e0 votre \u00e9cran d\u2019accueil et garder Magneticslots \u00e0 port\u00e9e de main sans passer par une boutique d\u2019applications. Cela signifie aussi qu\u2019il n\u2019y a pas de proc\u00e9dure de mise \u00e0 jour distincte \u00e0 g\u00e9rer, parce que [&hellip;]<\/p>\n","protected":false},"author":1,"featured_media":0,"parent":0,"menu_order":0,"comment_status":"closed","ping_status":"closed","template":"template-builder.php","meta":{"_acf_changed":false,"inline_featured_image":false,"footnotes":""},"class_list":["post-1432","page","type-page","status-publish","hentry"],"acf":[],"yoast_head":"<!-- This site is optimized with the Yoast SEO plugin v27.3 - https:\/\/yoast.com\/product\/yoast-seo-wordpress\/ -->\n<title>Magneticslots App | PWA pour Android, iPhone, iPad et ordinateur<\/title>\n<meta name=\"description\" content=\"Installez Magnetic Slots App depuis notre site et gardez la PWA sur votre \u00e9cran d\u2019accueil pour un acc\u00e8s plus rapide. Utilisez-la sur Android, iPhone, iPad, Windows ou Mac, \u00e9vitez la boutique d\u2019applications, les fichiers APK inconnus, et recevez les mises \u00e0 jour automatiquement.\" \/>\n<meta name=\"robots\" content=\"index, follow, max-snippet:-1, max-image-preview:large, max-video-preview:-1\" \/>\n<link rel=\"canonical\" href=\"https:\/\/magnetic-slots.net\/fr\/app\/\" \/>\n<meta property=\"og:locale\" content=\"fr_FR\" \/>\n<meta property=\"og:type\" content=\"article\" \/>\n<meta property=\"og:title\" content=\"Magneticslots App | PWA pour Android, iPhone, iPad et ordinateur\" \/>\n<meta property=\"og:description\" content=\"Installez Magnetic Slots App depuis notre site et gardez la PWA sur votre \u00e9cran d\u2019accueil pour un acc\u00e8s plus rapide. Utilisez-la sur Android, iPhone, iPad, Windows ou Mac, \u00e9vitez la boutique d\u2019applications, les fichiers APK inconnus, et recevez les mises \u00e0 jour automatiquement.\" \/>\n<meta property=\"og:url\" content=\"https:\/\/magnetic-slots.net\/fr\/app\/\" \/>\n<meta property=\"og:site_name\" content=\"magneticslots\" \/>\n<meta property=\"article:modified_time\" content=\"2026-04-01T09:13:27+00:00\" \/>\n<meta name=\"twitter:card\" content=\"summary_large_image\" \/>\n<meta name=\"twitter:label1\" content=\"Dur\u00e9e de lecture estim\u00e9e\" \/>\n\t<meta name=\"twitter:data1\" content=\"3 minutes\" \/>\n<script type=\"application\/ld+json\" class=\"yoast-schema-graph\">{\"@context\":\"https:\\\/\\\/schema.org\",\"@graph\":[{\"@type\":\"WebPage\",\"@id\":\"https:\\\/\\\/magnetic-slots.net\\\/fr\\\/app\\\/\",\"url\":\"https:\\\/\\\/magnetic-slots.net\\\/fr\\\/app\\\/\",\"name\":\"Magneticslots App | PWA pour Android, iPhone, iPad et ordinateur\",\"isPartOf\":{\"@id\":\"https:\\\/\\\/magnetic-slots.net\\\/fr\\\/#website\"},\"datePublished\":\"2025-11-27T10:04:31+00:00\",\"dateModified\":\"2026-04-01T09:13:27+00:00\",\"description\":\"Installez Magnetic Slots App depuis notre site et gardez la PWA sur votre \u00e9cran d\u2019accueil pour un acc\u00e8s plus rapide. Utilisez-la sur Android, iPhone, iPad, Windows ou Mac, \u00e9vitez la boutique d\u2019applications, les fichiers APK inconnus, et recevez les mises \u00e0 jour automatiquement.\",\"breadcrumb\":{\"@id\":\"https:\\\/\\\/magnetic-slots.net\\\/fr\\\/app\\\/#breadcrumb\"},\"inLanguage\":\"fr-FR\",\"potentialAction\":[{\"@type\":\"ReadAction\",\"target\":[\"https:\\\/\\\/magnetic-slots.net\\\/fr\\\/app\\\/\"]}]},{\"@type\":\"BreadcrumbList\",\"@id\":\"https:\\\/\\\/magnetic-slots.net\\\/fr\\\/app\\\/#breadcrumb\",\"itemListElement\":[{\"@type\":\"ListItem\",\"position\":1,\"name\":\"Magneticslots\",\"item\":\"https:\\\/\\\/magnetic-slots.net\\\/fr\\\/\"},{\"@type\":\"ListItem\",\"position\":2,\"name\":\"App\"}]},{\"@type\":\"WebSite\",\"@id\":\"https:\\\/\\\/magnetic-slots.net\\\/fr\\\/#website\",\"url\":\"https:\\\/\\\/magnetic-slots.net\\\/fr\\\/\",\"name\":\"Magneticslots\",\"description\":\"\",\"publisher\":{\"@id\":\"https:\\\/\\\/magnetic-slots.net\\\/fr\\\/#organization\"},\"potentialAction\":[{\"@type\":\"SearchAction\",\"target\":{\"@type\":\"EntryPoint\",\"urlTemplate\":\"https:\\\/\\\/magnetic-slots.net\\\/fr\\\/?s={search_term_string}\"},\"query-input\":{\"@type\":\"PropertyValueSpecification\",\"valueRequired\":true,\"valueName\":\"search_term_string\"}}],\"inLanguage\":\"fr-FR\"},{\"@type\":\"Organization\",\"@id\":\"https:\\\/\\\/magnetic-slots.net\\\/fr\\\/#organization\",\"name\":\"Magneticslots\",\"url\":\"https:\\\/\\\/magnetic-slots.net\\\/fr\\\/\",\"logo\":{\"@type\":\"ImageObject\",\"inLanguage\":\"fr-FR\",\"@id\":\"https:\\\/\\\/magnetic-slots.net\\\/fr\\\/#\\\/schema\\\/logo\\\/image\\\/\",\"url\":\"https:\\\/\\\/magnetic-slots.net\\\/wp-content\\\/uploads\\\/2025\\\/11\\\/logo.svg\",\"contentUrl\":\"https:\\\/\\\/magnetic-slots.net\\\/wp-content\\\/uploads\\\/2025\\\/11\\\/logo.svg\",\"width\":160,\"height\":27,\"caption\":\"Magneticslots\"},\"image\":{\"@id\":\"https:\\\/\\\/magnetic-slots.net\\\/fr\\\/#\\\/schema\\\/logo\\\/image\\\/\"}}]}<\/script>\n<!-- \/ Yoast SEO plugin. -->","yoast_head_json":{"title":"Magneticslots App | PWA pour Android, iPhone, iPad et ordinateur","description":"Installez Magnetic Slots App depuis notre site et gardez la PWA sur votre \u00e9cran d\u2019accueil pour un acc\u00e8s plus rapide. Utilisez-la sur Android, iPhone, iPad, Windows ou Mac, \u00e9vitez la boutique d\u2019applications, les fichiers APK inconnus, et recevez les mises \u00e0 jour automatiquement.","robots":{"index":"index","follow":"follow","max-snippet":"max-snippet:-1","max-image-preview":"max-image-preview:large","max-video-preview":"max-video-preview:-1"},"canonical":"https:\/\/magnetic-slots.net\/fr\/app\/","og_locale":"fr_FR","og_type":"article","og_title":"Magneticslots App | PWA pour Android, iPhone, iPad et ordinateur","og_description":"Installez Magnetic Slots App depuis notre site et gardez la PWA sur votre \u00e9cran d\u2019accueil pour un acc\u00e8s plus rapide. Utilisez-la sur Android, iPhone, iPad, Windows ou Mac, \u00e9vitez la boutique d\u2019applications, les fichiers APK inconnus, et recevez les mises \u00e0 jour automatiquement.","og_url":"https:\/\/magnetic-slots.net\/fr\/app\/","og_site_name":"magneticslots","article_modified_time":"2026-04-01T09:13:27+00:00","twitter_card":"summary_large_image","twitter_misc":{"Dur\u00e9e de lecture estim\u00e9e":"3 minutes"},"schema":{"@context":"https:\/\/schema.org","@graph":[{"@type":"WebPage","@id":"https:\/\/magnetic-slots.net\/fr\/app\/","url":"https:\/\/magnetic-slots.net\/fr\/app\/","name":"Magneticslots App | PWA pour Android, iPhone, iPad et ordinateur","isPartOf":{"@id":"https:\/\/magnetic-slots.net\/fr\/#website"},"datePublished":"2025-11-27T10:04:31+00:00","dateModified":"2026-04-01T09:13:27+00:00","description":"Installez Magnetic Slots App depuis notre site et gardez la PWA sur votre \u00e9cran d\u2019accueil pour un acc\u00e8s plus rapide. Utilisez-la sur Android, iPhone, iPad, Windows ou Mac, \u00e9vitez la boutique d\u2019applications, les fichiers APK inconnus, et recevez les mises \u00e0 jour automatiquement.","breadcrumb":{"@id":"https:\/\/magnetic-slots.net\/fr\/app\/#breadcrumb"},"inLanguage":"fr-FR","potentialAction":[{"@type":"ReadAction","target":["https:\/\/magnetic-slots.net\/fr\/app\/"]}]},{"@type":"BreadcrumbList","@id":"https:\/\/magnetic-slots.net\/fr\/app\/#breadcrumb","itemListElement":[{"@type":"ListItem","position":1,"name":"Magneticslots","item":"https:\/\/magnetic-slots.net\/fr\/"},{"@type":"ListItem","position":2,"name":"App"}]},{"@type":"WebSite","@id":"https:\/\/magnetic-slots.net\/fr\/#website","url":"https:\/\/magnetic-slots.net\/fr\/","name":"Magneticslots","description":"","publisher":{"@id":"https:\/\/magnetic-slots.net\/fr\/#organization"},"potentialAction":[{"@type":"SearchAction","target":{"@type":"EntryPoint","urlTemplate":"https:\/\/magnetic-slots.net\/fr\/?s={search_term_string}"},"query-input":{"@type":"PropertyValueSpecification","valueRequired":true,"valueName":"search_term_string"}}],"inLanguage":"fr-FR"},{"@type":"Organization","@id":"https:\/\/magnetic-slots.net\/fr\/#organization","name":"Magneticslots","url":"https:\/\/magnetic-slots.net\/fr\/","logo":{"@type":"ImageObject","inLanguage":"fr-FR","@id":"https:\/\/magnetic-slots.net\/fr\/#\/schema\/logo\/image\/","url":"https:\/\/magnetic-slots.net\/wp-content\/uploads\/2025\/11\/logo.svg","contentUrl":"https:\/\/magnetic-slots.net\/wp-content\/uploads\/2025\/11\/logo.svg","width":160,"height":27,"caption":"Magneticslots"},"image":{"@id":"https:\/\/magnetic-slots.net\/fr\/#\/schema\/logo\/image\/"}}]}},"_links":{"self":[{"href":"https:\/\/magnetic-slots.net\/fr\/wp-json\/wp\/v2\/pages\/1432","targetHints":{"allow":["GET"]}}],"collection":[{"href":"https:\/\/magnetic-slots.net\/fr\/wp-json\/wp\/v2\/pages"}],"about":[{"href":"https:\/\/magnetic-slots.net\/fr\/wp-json\/wp\/v2\/types\/page"}],"author":[{"embeddable":true,"href":"https:\/\/magnetic-slots.net\/fr\/wp-json\/wp\/v2\/users\/1"}],"replies":[{"embeddable":true,"href":"https:\/\/magnetic-slots.net\/fr\/wp-json\/wp\/v2\/comments?post=1432"}],"version-history":[{"count":3,"href":"https:\/\/magnetic-slots.net\/fr\/wp-json\/wp\/v2\/pages\/1432\/revisions"}],"predecessor-version":[{"id":2049,"href":"https:\/\/magnetic-slots.net\/fr\/wp-json\/wp\/v2\/pages\/1432\/revisions\/2049"}],"wp:attachment":[{"href":"https:\/\/magnetic-slots.net\/fr\/wp-json\/wp\/v2\/media?parent=1432"}],"curies":[{"name":"wp","href":"https:\/\/api.w.org\/{rel}","templated":true}]}}