{"id":1474,"date":"2025-11-27T10:12:04","date_gmt":"2025-11-27T10:12:04","guid":{"rendered":"https:\/\/magnetic-slots.net\/login-and-registration\/"},"modified":"2026-04-01T10:14:52","modified_gmt":"2026-04-01T09:14:52","slug":"connexion-et-inscription","status":"publish","type":"page","link":"https:\/\/magnetic-slots.net\/fr\/connexion-et-inscription\/","title":{"rendered":"Connexion et inscription"},"content":{"rendered":"<h1>Magneticslots connexion et cr\u00e9ation de compte<\/h1>\n<p>Magneticslots login est le point o\u00f9 vous passez de la partie publique de notre casino \u00e0 votre propre espace personnel sur la plateforme. Une fois connect\u00e9, Magneticslots devient plus personnel. Nous gardons cette \u00e9tape claire et famili\u00e8re, afin que vous puissiez revenir \u00e0 votre profil sans effort suppl\u00e9mentaire.<\/p>\n<p>De l\u2019acc\u00e8s quotidien aux v\u00e9rifications du compte qui viennent plus tard, l\u2019espace de connexion accompagne la partie de Magnetic Slots qui vous appartient. C\u2019est l\u2019\u00e9tape qui vous ram\u00e8ne \u00e0 votre compte chaque fois que vous voulez jouer, v\u00e9rifier vos informations ou continuer \u00e0 utiliser la plateforme.<\/p>\n<p><div class=\"banner-wrap\" aria-label=\"Banner\"><img src=\"https:\/\/magnetic-slots.net\/wp-content\/uploads\/2025\/11\/header-bg-1.webp\" class=\"w-100 d-none d-lg-block img-pc main-banner-img\" alt=\"MagneticSlots banner desktop\" fetchpriority=\"high\" decoding=\"async\"><img src=\"https:\/\/magnetic-slots.net\/wp-content\/uploads\/2025\/11\/MagneticSlots-mobile-banner.webp\" class=\"w-100 d-none d-md-block d-lg-none main-banner-img\" alt=\"MagneticSlots mobile banner\" fetchpriority=\"high\" decoding=\"async\"><img src=\"https:\/\/magnetic-slots.net\/wp-content\/uploads\/2025\/11\/MagneticSlots-mobile-banner.webp\" class=\"w-100 d-md-none\" alt=\"MagneticSlots mobile banner\" fetchpriority=\"high\" decoding=\"async\"><div class=\"banner-description\">\n<div class=\"banner-title\">Bonus de bienvenue<\/div>\n<p class=\"banner-header-title\">1500 \u20ac<\/p>\n<div class=\"banner-header-AdditionalText\">+ 250 Tours gratuits<\/div>\n<button data-item=\"homepage_banner_link\" class=\"goto m-button m-gradient-border m-button--primary m-button--large banner-button btn-orange\">\n            <div class=\"m-button-content\">\n                <span>Inscrivez-vous d\u00e8s maintenant<\/span>\n                <span><\/span>\n            <\/div>\n        <\/button>\n<\/div>\n<div class=\"WelcomePack\">\n<p><img loading=\"lazy\" decoding=\"async\" class=\"alignnone size-full wp-image-1337\" src=\"https:\/\/magnetic-slots.net\/wp-content\/uploads\/2025\/11\/welcome-crown.svg\" alt=\"crown\" width=\"25\" height=\"26\" \/><\/p>\n<div class=\"WelcomePack-Info\">Cashback hebdomadaire jusqu&rsquo;\u00e0 25 %<\/div>\n<p><img loading=\"lazy\" decoding=\"async\" class=\"alignnone size-full wp-image-1337\" src=\"https:\/\/magnetic-slots.net\/wp-content\/uploads\/2025\/11\/welcome-crown.svg\" alt=\"crown\" width=\"25\" height=\"26\" \/><\/p>\n<\/div>\n<\/div><div class=\"scrollable-content-wrap my-5\"><div class=\"scrollable-content-inner\"><h2>Comment utiliser Magneticslots login<\/h2>\n<p>Si vous souhaitez d\u00e9couvrir l&rsquo;univers des jeux en ligne avec plus de 6 000 titres, des bonus passionnants et des paiements s\u00e9curis\u00e9s, il vous suffit de suivre la proc\u00e9dure de connexion \u00e0 Magneticslots. Pour ce faire, les utilisateurs doivent cliquer sur le bouton \u00ab Connexion \u00bb de la page d&rsquo;accueil et saisir les informations personnelles fournies lors de leur inscription.<\/p>\n<p>Tout peut arriver, y compris oublier son mot de passe. Sur notre plateforme, nous avons une solution pour ce genre de situation. Dans le formulaire connexion Magneticslots, vous avez la possibilit\u00e9 de r\u00e9initialiser votre mot de passe et d&rsquo;en cr\u00e9er un nouveau en cliquant sur le lien \u00ab Mot de passe oubli\u00e9 ? \u00bb.<\/p>\n<p>Si vous ne parvenez pas \u00e0 acc\u00e9der \u00e0 votre compte sur Magneticslots Casino, veuillez contacter notre \u00e9quipe d&rsquo;assistance via le chat en direct ou par e-mail. Nos responsables examineront votre compte et vous proposeront une solution.<\/p>\n<h2>Magnetic Slots processus d&rsquo;inscription et de cr\u00e9ation de compte<\/h2>\n<p>Nous remercions tous nos nouveaux clients d&rsquo;avoir choisi Magneticslots Casino comme plateforme de jeu. Dans l&rsquo;application ou sur le site web, vous pouvez compl\u00e9ter le processus d&rsquo;inscription en moins de 3 minutes. Nous ne vous demanderons que les informations les plus importantes : votre adresse e-mail et votre mot de passe. Assurez-vous que votre mot de passe est suffisamment fort pour que personne d&rsquo;autre ne puisse acc\u00e9der \u00e0 votre compte Magneticslots.<\/p>\n<p>Suivez nos instructions pour un processus d&rsquo;inscription simple :<\/p>\n<ol>\n<li>Acc\u00e9dez \u00e0 la section d&rsquo;inscription en cliquant sur le bouton \u00ab S&rsquo;inscrire \u00bb dans le coin sup\u00e9rieur droit.<\/li>\n<li>Entrez votre adresse e-mail et cr\u00e9ez un mot de passe de plus de 6 caract\u00e8res.<\/li>\n<li>Confirmez votre \u00e2ge. Les r\u00e8gles du Magneticslots Casino vous permettent de vous inscrire uniquement si vous avez 18 ans ou plus.<\/li>\n<li>Acceptez les r\u00e8gles de notre site web. Vous trouverez les \u00ab Conditions g\u00e9n\u00e9rales \u00bb en bas de page du site web.<\/li>\n<li>Cliquez sur le bouton \u00ab S&rsquo;inscrire \u00bb pour confirmer votre inscription.<\/li>\n<\/ol>\n<h3>Param\u00e8tres et fonctionnalit\u00e9s du compte<\/h3>\n<p>Il n&rsquo;est pas n\u00e9cessaire de cr\u00e9er un compte sur Magneticslots, mais cela vous offre de nombreux avantages. Sans inscription, vous ne pouvez jouer qu&rsquo;\u00e0 certains jeux en mode d\u00e9mo. Mais si vous cr\u00e9ez un compte, vous b\u00e9n\u00e9ficiez de nombreuses fonctionnalit\u00e9s et outils suppl\u00e9mentaires.<\/p>\n<p>Dans votre compte Magneticslots Casino, vous pouvez modifier vos informations personnelles ou bancaires \u00e0 tout moment. Vous y trouverez \u00e9galement des outils pour jouer de mani\u00e8re responsable. De plus, vous pouvez \u00e0 tout moment consulter et analyser votre historique de jeu, vos bonus et vos transactions financi\u00e8res.<\/p>\n<p><img loading=\"lazy\" decoding=\"async\" class=\"alignnone size-full wp-image-2032\" src=\"https:\/\/magnetic-slots.net\/wp-content\/uploads\/2026\/04\/Nyxbets-Login.webp\" alt=\"Login\" width=\"1248\" height=\"536\" srcset=\"https:\/\/magnetic-slots.net\/wp-content\/uploads\/2026\/04\/Nyxbets-Login.webp 1248w, https:\/\/magnetic-slots.net\/wp-content\/uploads\/2026\/04\/Nyxbets-Login-300x129.webp 300w, https:\/\/magnetic-slots.net\/wp-content\/uploads\/2026\/04\/Nyxbets-Login-1024x440.webp 1024w, https:\/\/magnetic-slots.net\/wp-content\/uploads\/2026\/04\/Nyxbets-Login-768x330.webp 768w\" sizes=\"auto, (max-width: 1248px) 100vw, 1248px\" \/><\/p>\n<h2>Pourquoi vous devez v\u00e9rifier votre compte<\/h2>\n<p>Chez Magneticslots Casino, le processus de v\u00e9rification est une \u00e9tape importante pour garantir la s\u00e9curit\u00e9 de la plateforme et \u00e9viter toute fraude. Nous demandons \u00e0 tous nos clients, quelle que soit leur r\u00e9gion, de v\u00e9rifier leur identit\u00e9, leur \u00e2ge, leur adresse postale et la propri\u00e9t\u00e9 de leur compte de paiement. C&rsquo;est pourquoi il est essentiel de saisir vos informations personnelles et de paiement r\u00e9elles lors du processus d&rsquo;inscription.<\/p>\n<p>Le processus de v\u00e9rification a lieu avant le premier retrait de fonds. Vous devez t\u00e9l\u00e9charger des copies ou des photos de vos documents sur la plateforme Magneticslots et nos responsables les v\u00e9rifieront dans les 48 heures. Une fois que vous aurez re\u00e7u le feu vert, vous pourrez retirer vos gains sans plus attendre. Vous trouverez ci-dessous les principales informations concernant les documents.<\/p>\n<table>\n<tbody>\n<tr>\n<td>Ce que cela prouve<\/td>\n<td>Documents requis<\/td>\n<\/tr>\n<tr>\n<td>V\u00e9rification de l&rsquo;identit\u00e9 et de l&rsquo;\u00e2ge<\/td>\n<td>Pi\u00e8ce d&rsquo;identit\u00e9 d\u00e9livr\u00e9e par le gouvernement (passeport, carte d&rsquo;identit\u00e9 nationale, permis de conduire)<\/td>\n<\/tr>\n<tr>\n<td>Justificatif de domicile<\/td>\n<td>Facture de services publics, relev\u00e9 bancaire, avis d&rsquo;imposition ou correspondance officielle (datant de moins de 3 mois)<\/td>\n<\/tr>\n<tr>\n<td>Propri\u00e9t\u00e9 du moyen de paiement<\/td>\n<td>Capture d&rsquo;\u00e9cran ou relev\u00e9 du moyen de paiement utilis\u00e9 (carte bancaire, portefeuille \u00e9lectronique, confirmation du portefeuille cryptographique)<\/td>\n<\/tr>\n<\/tbody>\n<\/table>\n<h2>FAQ<\/h2>\n<h3>Comment puis-je me connecter \u00e0 mon compte Magneticslots Casino ?<\/h3>\n<p>Pour passer par le processus de connexion \u00e0 Magnetic Slots, vous devez entrer l&rsquo;adresse e-mail et le mot de passe que vous avez utilis\u00e9s lors de votre inscription. Aucune v\u00e9rification suppl\u00e9mentaire n&rsquo;est n\u00e9cessaire pendant ce processus.<\/p>\n<h3>Que dois-je faire si j&rsquo;oublie mon mot de passe ?<\/h3>\n<p>\u00c0 l&rsquo;\u00e9tape connexion \u00e0 Magneticslots, vous devez s\u00e9lectionner le lien \u00ab Mot de passe oubli\u00e9 ? \u00bb. Nous vous enverrons un lien de r\u00e9initialisation par e-mail afin que vous puissiez le mettre \u00e0 jour. Si vous n&rsquo;avez pas re\u00e7u notre e-mail, veuillez contacter l&rsquo;\u00e9quipe d&rsquo;assistance multilingue.<\/p>\n<h3>Puis-je modifier les informations de mon compte apr\u00e8s m&rsquo;\u00eatre inscrit ?<\/h3>\n<p>Dans les param\u00e8tres de votre compte, vous pouvez modifier toutes vos informations personnelles ou bancaires. Le processus est tr\u00e8s simple et ne prend que quelques minutes.<\/p>\n<h3>Mes informations personnelles sont-elles s\u00e9curis\u00e9es lorsque je me connecte \u00e0 Magnetic Slots ?<\/h3>\n<p>En tant que casino en ligne agr\u00e9\u00e9, chez Magneticslots, nous accordons la priorit\u00e9 \u00e0 la s\u00e9curit\u00e9 de nos clients. C&rsquo;est pourquoi toutes vos donn\u00e9es et transactions sont s\u00e9curis\u00e9es par un cryptage SSL innovant. Chaque d\u00e9tail de notre site web a \u00e9t\u00e9 con\u00e7u dans le respect du RGPD.<\/p>\n<\/div><\/div><\/p>\n","protected":false},"excerpt":{"rendered":"<p>Magneticslots connexion et cr\u00e9ation de compte Magneticslots login est le point o\u00f9 vous passez de la partie publique de notre casino \u00e0 votre propre espace personnel sur la plateforme. Une fois connect\u00e9, Magneticslots devient plus personnel. Nous gardons cette \u00e9tape claire et famili\u00e8re, afin que vous puissiez revenir \u00e0 votre profil sans effort suppl\u00e9mentaire. De [&hellip;]<\/p>\n","protected":false},"author":1,"featured_media":0,"parent":0,"menu_order":0,"comment_status":"closed","ping_status":"closed","template":"template-builder.php","meta":{"_acf_changed":false,"inline_featured_image":false,"footnotes":""},"class_list":["post-1474","page","type-page","status-publish","hentry"],"acf":[],"yoast_head":"<!-- This site is optimized with the Yoast SEO plugin v27.3 - https:\/\/yoast.com\/product\/yoast-seo-wordpress\/ -->\n<title>Magneticslots Login | Mot de passe oubli\u00e9 et acc\u00e8s au compte<\/title>\n<meta name=\"description\" content=\"Utilisez Magnetic Slots Login pour acc\u00e9der \u00e0 votre compte, r\u00e9initialiser votre mot de passe et revenir \u00e0 votre profil. Inscrivez-vous avec votre e-mail et votre mot de passe, terminez le processus d\u2019inscription et g\u00e9rez vos informations personnelles et de paiement sur la plateforme.\" \/>\n<meta name=\"robots\" content=\"index, follow, max-snippet:-1, max-image-preview:large, max-video-preview:-1\" \/>\n<link rel=\"canonical\" href=\"https:\/\/magnetic-slots.net\/fr\/connexion-et-inscription\/\" \/>\n<meta property=\"og:locale\" content=\"fr_FR\" \/>\n<meta property=\"og:type\" content=\"article\" \/>\n<meta property=\"og:title\" content=\"Magneticslots Login | Mot de passe oubli\u00e9 et acc\u00e8s au compte\" \/>\n<meta property=\"og:description\" content=\"Utilisez Magnetic Slots Login pour acc\u00e9der \u00e0 votre compte, r\u00e9initialiser votre mot de passe et revenir \u00e0 votre profil. Inscrivez-vous avec votre e-mail et votre mot de passe, terminez le processus d\u2019inscription et g\u00e9rez vos informations personnelles et de paiement sur la plateforme.\" \/>\n<meta property=\"og:url\" content=\"https:\/\/magnetic-slots.net\/fr\/connexion-et-inscription\/\" \/>\n<meta property=\"og:site_name\" content=\"magneticslots\" \/>\n<meta property=\"article:modified_time\" content=\"2026-04-01T09:14:52+00:00\" \/>\n<meta name=\"twitter:card\" content=\"summary_large_image\" \/>\n<meta name=\"twitter:label1\" content=\"Dur\u00e9e de lecture estim\u00e9e\" \/>\n\t<meta name=\"twitter:data1\" content=\"1 minute\" \/>\n<script type=\"application\/ld+json\" class=\"yoast-schema-graph\">{\"@context\":\"https:\\\/\\\/schema.org\",\"@graph\":[{\"@type\":\"WebPage\",\"@id\":\"https:\\\/\\\/magnetic-slots.net\\\/fr\\\/connexion-et-inscription\\\/\",\"url\":\"https:\\\/\\\/magnetic-slots.net\\\/fr\\\/connexion-et-inscription\\\/\",\"name\":\"Magneticslots Login | Mot de passe oubli\u00e9 et acc\u00e8s au compte\",\"isPartOf\":{\"@id\":\"https:\\\/\\\/magnetic-slots.net\\\/fr\\\/#website\"},\"datePublished\":\"2025-11-27T10:12:04+00:00\",\"dateModified\":\"2026-04-01T09:14:52+00:00\",\"description\":\"Utilisez Magnetic Slots Login pour acc\u00e9der \u00e0 votre compte, r\u00e9initialiser votre mot de passe et revenir \u00e0 votre profil. Inscrivez-vous avec votre e-mail et votre mot de passe, terminez le processus d\u2019inscription et g\u00e9rez vos informations personnelles et de paiement sur la plateforme.\",\"breadcrumb\":{\"@id\":\"https:\\\/\\\/magnetic-slots.net\\\/fr\\\/connexion-et-inscription\\\/#breadcrumb\"},\"inLanguage\":\"fr-FR\",\"potentialAction\":[{\"@type\":\"ReadAction\",\"target\":[\"https:\\\/\\\/magnetic-slots.net\\\/fr\\\/connexion-et-inscription\\\/\"]}]},{\"@type\":\"BreadcrumbList\",\"@id\":\"https:\\\/\\\/magnetic-slots.net\\\/fr\\\/connexion-et-inscription\\\/#breadcrumb\",\"itemListElement\":[{\"@type\":\"ListItem\",\"position\":1,\"name\":\"Magneticslots\",\"item\":\"https:\\\/\\\/magnetic-slots.net\\\/fr\\\/\"},{\"@type\":\"ListItem\",\"position\":2,\"name\":\"Connexion et inscription\"}]},{\"@type\":\"WebSite\",\"@id\":\"https:\\\/\\\/magnetic-slots.net\\\/fr\\\/#website\",\"url\":\"https:\\\/\\\/magnetic-slots.net\\\/fr\\\/\",\"name\":\"Magneticslots\",\"description\":\"\",\"publisher\":{\"@id\":\"https:\\\/\\\/magnetic-slots.net\\\/fr\\\/#organization\"},\"potentialAction\":[{\"@type\":\"SearchAction\",\"target\":{\"@type\":\"EntryPoint\",\"urlTemplate\":\"https:\\\/\\\/magnetic-slots.net\\\/fr\\\/?s={search_term_string}\"},\"query-input\":{\"@type\":\"PropertyValueSpecification\",\"valueRequired\":true,\"valueName\":\"search_term_string\"}}],\"inLanguage\":\"fr-FR\"},{\"@type\":\"Organization\",\"@id\":\"https:\\\/\\\/magnetic-slots.net\\\/fr\\\/#organization\",\"name\":\"Magneticslots\",\"url\":\"https:\\\/\\\/magnetic-slots.net\\\/fr\\\/\",\"logo\":{\"@type\":\"ImageObject\",\"inLanguage\":\"fr-FR\",\"@id\":\"https:\\\/\\\/magnetic-slots.net\\\/fr\\\/#\\\/schema\\\/logo\\\/image\\\/\",\"url\":\"https:\\\/\\\/magnetic-slots.net\\\/wp-content\\\/uploads\\\/2025\\\/11\\\/logo.svg\",\"contentUrl\":\"https:\\\/\\\/magnetic-slots.net\\\/wp-content\\\/uploads\\\/2025\\\/11\\\/logo.svg\",\"width\":160,\"height\":27,\"caption\":\"Magneticslots\"},\"image\":{\"@id\":\"https:\\\/\\\/magnetic-slots.net\\\/fr\\\/#\\\/schema\\\/logo\\\/image\\\/\"}}]}<\/script>\n<!-- \/ Yoast SEO plugin. -->","yoast_head_json":{"title":"Magneticslots Login | Mot de passe oubli\u00e9 et acc\u00e8s au compte","description":"Utilisez Magnetic Slots Login pour acc\u00e9der \u00e0 votre compte, r\u00e9initialiser votre mot de passe et revenir \u00e0 votre profil. Inscrivez-vous avec votre e-mail et votre mot de passe, terminez le processus d\u2019inscription et g\u00e9rez vos informations personnelles et de paiement sur la plateforme.","robots":{"index":"index","follow":"follow","max-snippet":"max-snippet:-1","max-image-preview":"max-image-preview:large","max-video-preview":"max-video-preview:-1"},"canonical":"https:\/\/magnetic-slots.net\/fr\/connexion-et-inscription\/","og_locale":"fr_FR","og_type":"article","og_title":"Magneticslots Login | Mot de passe oubli\u00e9 et acc\u00e8s au compte","og_description":"Utilisez Magnetic Slots Login pour acc\u00e9der \u00e0 votre compte, r\u00e9initialiser votre mot de passe et revenir \u00e0 votre profil. Inscrivez-vous avec votre e-mail et votre mot de passe, terminez le processus d\u2019inscription et g\u00e9rez vos informations personnelles et de paiement sur la plateforme.","og_url":"https:\/\/magnetic-slots.net\/fr\/connexion-et-inscription\/","og_site_name":"magneticslots","article_modified_time":"2026-04-01T09:14:52+00:00","twitter_card":"summary_large_image","twitter_misc":{"Dur\u00e9e de lecture estim\u00e9e":"1 minute"},"schema":{"@context":"https:\/\/schema.org","@graph":[{"@type":"WebPage","@id":"https:\/\/magnetic-slots.net\/fr\/connexion-et-inscription\/","url":"https:\/\/magnetic-slots.net\/fr\/connexion-et-inscription\/","name":"Magneticslots Login | Mot de passe oubli\u00e9 et acc\u00e8s au compte","isPartOf":{"@id":"https:\/\/magnetic-slots.net\/fr\/#website"},"datePublished":"2025-11-27T10:12:04+00:00","dateModified":"2026-04-01T09:14:52+00:00","description":"Utilisez Magnetic Slots Login pour acc\u00e9der \u00e0 votre compte, r\u00e9initialiser votre mot de passe et revenir \u00e0 votre profil. Inscrivez-vous avec votre e-mail et votre mot de passe, terminez le processus d\u2019inscription et g\u00e9rez vos informations personnelles et de paiement sur la plateforme.","breadcrumb":{"@id":"https:\/\/magnetic-slots.net\/fr\/connexion-et-inscription\/#breadcrumb"},"inLanguage":"fr-FR","potentialAction":[{"@type":"ReadAction","target":["https:\/\/magnetic-slots.net\/fr\/connexion-et-inscription\/"]}]},{"@type":"BreadcrumbList","@id":"https:\/\/magnetic-slots.net\/fr\/connexion-et-inscription\/#breadcrumb","itemListElement":[{"@type":"ListItem","position":1,"name":"Magneticslots","item":"https:\/\/magnetic-slots.net\/fr\/"},{"@type":"ListItem","position":2,"name":"Connexion et inscription"}]},{"@type":"WebSite","@id":"https:\/\/magnetic-slots.net\/fr\/#website","url":"https:\/\/magnetic-slots.net\/fr\/","name":"Magneticslots","description":"","publisher":{"@id":"https:\/\/magnetic-slots.net\/fr\/#organization"},"potentialAction":[{"@type":"SearchAction","target":{"@type":"EntryPoint","urlTemplate":"https:\/\/magnetic-slots.net\/fr\/?s={search_term_string}"},"query-input":{"@type":"PropertyValueSpecification","valueRequired":true,"valueName":"search_term_string"}}],"inLanguage":"fr-FR"},{"@type":"Organization","@id":"https:\/\/magnetic-slots.net\/fr\/#organization","name":"Magneticslots","url":"https:\/\/magnetic-slots.net\/fr\/","logo":{"@type":"ImageObject","inLanguage":"fr-FR","@id":"https:\/\/magnetic-slots.net\/fr\/#\/schema\/logo\/image\/","url":"https:\/\/magnetic-slots.net\/wp-content\/uploads\/2025\/11\/logo.svg","contentUrl":"https:\/\/magnetic-slots.net\/wp-content\/uploads\/2025\/11\/logo.svg","width":160,"height":27,"caption":"Magneticslots"},"image":{"@id":"https:\/\/magnetic-slots.net\/fr\/#\/schema\/logo\/image\/"}}]}},"_links":{"self":[{"href":"https:\/\/magnetic-slots.net\/fr\/wp-json\/wp\/v2\/pages\/1474","targetHints":{"allow":["GET"]}}],"collection":[{"href":"https:\/\/magnetic-slots.net\/fr\/wp-json\/wp\/v2\/pages"}],"about":[{"href":"https:\/\/magnetic-slots.net\/fr\/wp-json\/wp\/v2\/types\/page"}],"author":[{"embeddable":true,"href":"https:\/\/magnetic-slots.net\/fr\/wp-json\/wp\/v2\/users\/1"}],"replies":[{"embeddable":true,"href":"https:\/\/magnetic-slots.net\/fr\/wp-json\/wp\/v2\/comments?post=1474"}],"version-history":[{"count":5,"href":"https:\/\/magnetic-slots.net\/fr\/wp-json\/wp\/v2\/pages\/1474\/revisions"}],"predecessor-version":[{"id":2051,"href":"https:\/\/magnetic-slots.net\/fr\/wp-json\/wp\/v2\/pages\/1474\/revisions\/2051"}],"wp:attachment":[{"href":"https:\/\/magnetic-slots.net\/fr\/wp-json\/wp\/v2\/media?parent=1474"}],"curies":[{"name":"wp","href":"https:\/\/api.w.org\/{rel}","templated":true}]}}