{"id":1437,"date":"2025-11-27T10:04:31","date_gmt":"2025-11-27T10:04:31","guid":{"rendered":"https:\/\/magnetic-slots.net\/app\/"},"modified":"2026-04-01T10:39:05","modified_gmt":"2026-04-01T09:39:05","slug":"app","status":"publish","type":"page","link":"https:\/\/magnetic-slots.net\/it\/app\/","title":{"rendered":"App"},"content":{"rendered":"<h1>App Magneticslots<\/h1>\n<p>Magneticslots app \u00e8 una versione PWA del nostro casin\u00f2. Puoi aprirla nel browser, aggiungerla alla schermata iniziale e tenere Magneticslots a portata di mano senza passare da un negozio di applicazioni. Questo significa anche che non c\u2019\u00e8 una procedura di aggiornamento separata da gestire, perch\u00e9 le modifiche all\u2019app arrivano attraverso la piattaforma stessa man mano che il prodotto evolve. Il risultato \u00e8 un modo pi\u00f9 semplice per tenere Magnetic Slots a portata di mano sui dispositivi che i giocatori usano ogni giorno.<\/p>\n<div class=\"banner-wrap\" aria-label=\"Banner\"><img src=\"https:\/\/magnetic-slots.net\/wp-content\/uploads\/2025\/11\/header-bg-1.webp\" class=\"w-100 d-none d-lg-block img-pc main-banner-img\" alt=\"MagneticSlots banner desktop\" fetchpriority=\"high\" decoding=\"async\"><img src=\"https:\/\/magnetic-slots.net\/wp-content\/uploads\/2025\/11\/MagneticSlots-mobile-banner.webp\" class=\"w-100 d-none d-md-block d-lg-none main-banner-img\" alt=\"MagneticSlots mobile banner\" fetchpriority=\"high\" decoding=\"async\"><img src=\"https:\/\/magnetic-slots.net\/wp-content\/uploads\/2025\/11\/MagneticSlots-mobile-banner.webp\" class=\"w-100 d-md-none\" alt=\"MagneticSlots mobile banner\" fetchpriority=\"high\" decoding=\"async\"><div class=\"banner-description\">\n<div class=\"banner-title\">Bonus di benvenuto<\/div>\n<p class=\"banner-header-title\">1500 \u20ac<\/p>\n<div class=\"banner-header-AdditionalText\">+ 250 Giri gratuiti<\/div>\n<button data-item=\"homepage_banner_link\" class=\"goto m-button m-gradient-border m-button--primary m-button--large banner-button btn-orange\">\n            <div class=\"m-button-content\">\n                <span>Iscriviti ora<\/span>\n                <span><\/span>\n            <\/div>\n        <\/button>\n<\/div>\n<div class=\"WelcomePack\">\n<p><img loading=\"lazy\" decoding=\"async\" class=\"alignnone size-full wp-image-1337\" src=\"https:\/\/magnetic-slots.net\/wp-content\/uploads\/2025\/11\/welcome-crown.svg\" alt=\"crown\" width=\"25\" height=\"26\" \/><\/p>\n<div class=\"WelcomePack-Info\">Cashback settimanale fino al 25%<\/div>\n<p><img loading=\"lazy\" decoding=\"async\" class=\"alignnone size-full wp-image-1337\" src=\"https:\/\/magnetic-slots.net\/wp-content\/uploads\/2025\/11\/welcome-crown.svg\" alt=\"crown\" width=\"25\" height=\"26\" \/><\/p>\n<\/div>\n<\/div>\n<h2>Le migliori caratteristiche dell&#8217;app mobile Magneticslots<\/h2>\n<p>Oltre l&#8217;80% dei nostri giocatori preferisce utilizzare Magneticslots Casino dai propri smartphone e tablet. Ecco perch\u00e9 abbiamo sviluppato un software mobile dedicato che funziona perfettamente su qualsiasi dispositivo Android o iOS. Ora, la posizione della tua casa o del tuo PC non sar\u00e0 pi\u00f9 un limite.<\/p>\n<p>Nell&#8217;app Magneticslots troverete un design e una navigazione familiari. Gli utenti possono seguire le stesse procedure in modo semplice: registrazione, accesso e pagamenti. Che siate nuovi giocatori o giocatori abituali, non ha importanza per l&#8217;utilizzo del software mobile. Nella tabella sottostante potete familiarizzare con le funzionalit\u00e0 disponibili nell&#8217;app Magneticslots.<\/p>\n<table>\n<tbody>\n<tr>\n<td>Caratteristica<\/td>\n<td>Dettagli<\/td>\n<\/tr>\n<tr>\n<td>Variet\u00e0 di giochi<\/td>\n<td>Magnetic Slots d\u00e0 accesso alla libreria del casin\u00f2, che include oltre 6.000 slot online, giochi da tavolo, titoli con croupier dal vivo e giochi istantanei.<\/td>\n<\/tr>\n<tr>\n<td>Prestazioni mobili<\/td>\n<td>\u00c8 progettato per funzionare senza problemi sui moderni smartphone e tablet. Anche con connessioni Internet pi\u00f9 lente, offriamo tempi di caricamento rapidi e un&#8217;esperienza di gioco stabile.<\/td>\n<\/tr>\n<tr>\n<td>Accesso bonus<\/td>\n<td>Gli utenti possono richiedere bonus di benvenuto, promozioni settimanali, cashback e giri gratuiti direttamente tramite l&#8217;app, quindi non \u00e8 necessario utilizzare la versione desktop.<\/td>\n<\/tr>\n<tr>\n<td>Sicurezza<\/td>\n<td>Nel software mobile, utilizziamo la crittografia SSL per le tue informazioni personali e di pagamento e un processo di verifica. Inoltre, puoi abilitare la verifica a due fattori per proteggere ulteriormente il tuo account.<\/td>\n<\/tr>\n<tr>\n<td>Gestione dell&#8217;account<\/td>\n<td>Nel software mobile, i giocatori hanno la possibilit\u00e0 di modificare i propri dati personali, controllare la propria attivit\u00e0, utilizzare gli strumenti di gioco responsabile e impostare l&#8217;autenticazione a due fattori (2FA).<\/td>\n<\/tr>\n<tr>\n<td>Notifiche<\/td>\n<td>Riceverai notifiche push sul tuo dispositivo mobile relative a tutti gli aggiornamenti, i progressi e le novit\u00e0.<\/td>\n<\/tr>\n<tr>\n<td>Sincronizzazione multipiattaforma<\/td>\n<td>I tuoi saldi, la cronologia di gioco, i bonus e le preferenze vengono sincronizzati automaticamente su tutti i tuoi dispositivi, consentendoti di passare senza interruzioni dal telefono al tablet e al computer desktop.<\/td>\n<\/tr>\n<\/tbody>\n<\/table>\n<p><div style=\"clear: both\"><\/div><div class=\"d-flex justify-content-center\"><button data-item=\"decouvrez_link\" data-group=\"website_links\" class=\"goto fw-bold rounded-pill btn btn-orange\" aria-label=\"Scarica l&#039;app MagneticSlots\" >Scarica l&#039;app MagneticSlots<\/button><\/div><div class=\"scrollable-content-wrap my-5\"><div class=\"scrollable-content-inner\"><h2>Applicazione Magnetic Slots per il tuo Android<\/h2>\n<p>Indipendentemente dal modello di dispositivo Android che possiedi, puoi utilizzare l&#8217;app Magneticslots senza alcun problema. Offriamo diverse opzioni convenienti per utilizzare la nostra piattaforma: versione browser, icona di collegamento o app web progressiva. Per nessuna di esse \u00e8 necessario scaricare file Magneticslots APK sconosciuti.<\/p>\n<p>La versione browser \u00e8 disponibile su Google Chrome, Firefox e qualsiasi altro browser. Per un accesso pi\u00f9 rapido, \u00e8 possibile installare anche l&#8217;icona di collegamento. Ci\u00f2 significa che \u00e8 possibile accedere al nostro sito web cliccando sull&#8217;icona nella schermata iniziale.<\/p>\n<p>\u00c8 possibile installare l&#8217;app Magneticslots per Android dal nostro sito web. A causa delle restrizioni sui software di gioco d&#8217;azzardo, non \u00e8 possibile scaricarla dal Google Play Store. Seguite le nostre istruzioni qui sotto per una rapida installazione:<\/p>\n<ol>\n<li>Vai alla fine della pagina del sito web Magneticslots Casino.<\/li>\n<li>Clicca sul pulsante \u201cApp Casin\u00f2\u201d nel pi\u00e8 di pagina.<\/li>\n<li>Il processo di installazione inizier\u00e0 automaticamente e richieder\u00e0 non pi\u00f9 di 2 minuti con una connessione Internet stabile.<\/li>\n<li>Dopo aver completato l&#8217;installazione, l&#8217;icona apparir\u00e0 sulla schermata iniziale.<\/li>\n<\/ol>\n<p><img loading=\"lazy\" decoding=\"async\" src=\"https:\/\/magnetic-slots.net\/wp-content\/uploads\/2025\/11\/MagneticSlots-Android.webp\" alt=\"MagneticSlots Android\" width=\"1248\" height=\"536\" \/><\/p>\n<\/div><\/div><div style=\"clear: both\"><\/div><div class=\"d-flex justify-content-center\"><button data-item=\"decouvrez_link\" data-group=\"website_links\" class=\"goto fw-bold rounded-pill btn btn-orange\" aria-label=\"Scarica MagneticSlots\" >Scarica MagneticSlots<\/button><\/div><div class=\"scrollable-content-wrap my-5\"><div class=\"scrollable-content-inner\"><h2>App per iPhone e iPad<\/h2>\n<p>Gli utenti iOS possono anche godersi l&#8217;intera esperienza di gioco sui propri dispositivi mobili. Sono disponibili oltre 6.000 titoli nel software mobile Magneticslots Casino. Non perderai nulla perch\u00e9 il casin\u00f2 mobile rispecchia la versione desktop completa.<\/p>\n<p>L&#8217;app \u00e8 ottimizzata per i piccoli schermi di tutti i moderni dispositivi iOS, inclusi iPhone e iPad. \u00c8 possibile installare l&#8217;app Magneticslots seguendo il link riportato a pi\u00e8 di pagina del nostro sito web. Il processo richiede solo pochi minuti.<\/p>\n<p>\u00c8 sempre possibile utilizzare Magneticslots Casino su Safari o qualsiasi altro browser mobile. Per un accesso ancora pi\u00f9 rapido, \u00e8 possibile installare un&#8217;icona di collegamento. \u00c8 possibile farlo su qualsiasi browser moderno. Abbiamo creato delle istruzioni dettagliate su come farlo su Safari:<\/p>\n<ol>\n<li>Apri il nostro sito web nell&#8217;app Safari.<\/li>\n<li>Clicca sul pulsante \u201cCondividi\u201d nella parte inferiore dello schermo.<\/li>\n<li>Tra le opzioni disponibili, seleziona \u201cAggiungi alla schermata Home\u201d.<\/li>\n<li>Conferma la tua scelta cliccando sul pulsante \u201cAggiungi\u201d.<\/li>\n<\/ol>\n<p><img loading=\"lazy\" decoding=\"async\" src=\"https:\/\/magnetic-slots.net\/wp-content\/uploads\/2025\/11\/MagneticSlots-iOS.webp\" alt=\"MagneticSlots iOS\" width=\"1248\" height=\"536\" \/><\/p>\n<\/div><\/div><div style=\"clear: both\"><\/div><div class=\"d-flex justify-content-center\"><button data-item=\"decouvrez_link\" data-group=\"website_links\" class=\"goto fw-bold rounded-pill btn btn-orange\" aria-label=\"Scarica l&#039;app MagneticSlots\" >Scarica l&#039;app MagneticSlots<\/button><\/div><div class=\"scrollable-content-wrap my-5\"><div class=\"scrollable-content-inner\"><h2>Applicazione web per Windows o Mac<\/h2>\n<p>Per un&#8217;esperienza pi\u00f9 tradizionale con uno schermo grande, puoi sempre accedere a Magneticslots Casino dal tuo PC. Puoi utilizzare il nostro casin\u00f2 online con qualsiasi browser preferisci senza bisogno di software aggiuntivi. Gli utenti hanno accesso alla libreria completa dei giochi, ai pagamenti, ai bonus, all&#8217;assistenza clienti e molto altro ancora.<\/p>\n<p>L&#8217;interfaccia si adatta automaticamente alle diverse dimensioni dello schermo per garantire una navigazione intuitiva sia sui laptop che sui desktop. Qui puoi anche installare un&#8217;icona per la tua schermata iniziale.<\/p>\n<p><img loading=\"lazy\" decoding=\"async\" src=\"https:\/\/magnetic-slots.net\/wp-content\/uploads\/2025\/11\/MagneticSlots-Desktop.webp\" alt=\"MagneticSlots Desktop\" width=\"1248\" height=\"536\" \/><\/p>\n<\/div><\/div><div style=\"clear: both\"><\/div><div class=\"d-flex justify-content-center\"><button data-item=\"decouvrez_link\" data-group=\"website_links\" class=\"goto fw-bold rounded-pill btn btn-orange\" aria-label=\"Scarica MagneticSlots\" >Scarica MagneticSlots<\/button><\/div><div class=\"scrollable-content-wrap my-5\"><div class=\"scrollable-content-inner\"><h2>Domande frequenti<\/h2>\n<h3>L&#8217;app Magnetic Slots \u00e8 disponibile sia su Android che su iOS?<\/h3>\n<p>L&#8217;app Magneticslots \u00e8 disponibile per tutti i dispositivi Android e iOS moderni. Puoi installarla dal nostro sito web in pochi minuti.<\/p>\n<h3>Posso accedere agli stessi giochi sull&#8217;app e sulla versione desktop?<\/h3>\n<p>Offriamo la stessa collezione di giochi sia nel software mobile Magneticslots che nella versione desktop. Avrai accesso a oltre 6.000 titoli di diverse categorie e generi. Tutti si adattano perfettamente ai touchscreen, offrendo una meravigliosa esperienza di gioco.<\/p>\n<h3>Come posso aggiornare l&#8217;app Magneticslots all&#8217;ultima versione?<\/h3>\n<p>Il nostro software mobile Magneticslots Casino \u00e8 una progressiva applicazione web. Si aggiorna automaticamente, senza alcun intervento da parte tua. In caso di aggiornamenti importanti, ti chiederemo di installare la nuova versione dal nostro sito web Magnetic Slots Casino.<\/p>\n<h3>Cosa devo fare se l&#8217;applicazione non si carica o si blocca?<\/h3>\n<p>Se riscontri problemi con l&#8217;app Magneticslots, contatta il nostro team di assistenza disponibile 24 ore su 24, 7 giorni su 7. I nostri responsabili verificheranno rapidamente la situazione e troveranno una soluzione specifica per il tuo caso. Abbiamo due canali di contatto: live chat o e-mail.<\/p>\n<\/div><\/div><\/p>\n","protected":false},"excerpt":{"rendered":"<p>App Magneticslots Magneticslots app \u00e8 una versione PWA del nostro casin\u00f2. Puoi aprirla nel browser, aggiungerla alla schermata iniziale e tenere Magneticslots a portata di mano senza passare da un negozio di applicazioni. Questo significa anche che non c\u2019\u00e8 una procedura di aggiornamento separata da gestire, perch\u00e9 le modifiche all\u2019app arrivano attraverso la piattaforma stessa [&hellip;]<\/p>\n","protected":false},"author":1,"featured_media":0,"parent":0,"menu_order":0,"comment_status":"closed","ping_status":"closed","template":"template-builder.php","meta":{"_acf_changed":false,"inline_featured_image":false,"footnotes":""},"class_list":["post-1437","page","type-page","status-publish","hentry"],"acf":[],"yoast_head":"<!-- This site is optimized with the Yoast SEO plugin v27.3 - https:\/\/yoast.com\/product\/yoast-seo-wordpress\/ -->\n<title>Magneticslots App | PWA per Android, iPhone, iPad e Desktop<\/title>\n<meta name=\"description\" content=\"Installa Magnetic Slots App dal nostro sito web e tieni la PWA sulla schermata iniziale per un accesso pi\u00f9 rapido. Usala su Android, iPhone, iPad, Windows o Mac, salta un negozio di applicazioni, evita file APK sconosciuti e ricevi gli aggiornamenti automaticamente.\" \/>\n<meta name=\"robots\" content=\"index, follow, max-snippet:-1, max-image-preview:large, max-video-preview:-1\" \/>\n<link rel=\"canonical\" href=\"https:\/\/magnetic-slots.net\/it\/app\/\" \/>\n<meta property=\"og:locale\" content=\"it_IT\" \/>\n<meta property=\"og:type\" content=\"article\" \/>\n<meta property=\"og:title\" content=\"Magneticslots App | PWA per Android, iPhone, iPad e Desktop\" \/>\n<meta property=\"og:description\" content=\"Installa Magnetic Slots App dal nostro sito web e tieni la PWA sulla schermata iniziale per un accesso pi\u00f9 rapido. Usala su Android, iPhone, iPad, Windows o Mac, salta un negozio di applicazioni, evita file APK sconosciuti e ricevi gli aggiornamenti automaticamente.\" \/>\n<meta property=\"og:url\" content=\"https:\/\/magnetic-slots.net\/it\/app\/\" \/>\n<meta property=\"og:site_name\" content=\"magneticslots\" \/>\n<meta property=\"article:modified_time\" content=\"2026-04-01T09:39:05+00:00\" \/>\n<meta name=\"twitter:card\" content=\"summary_large_image\" \/>\n<meta name=\"twitter:label1\" content=\"Est. reading time\" \/>\n\t<meta name=\"twitter:data1\" content=\"2 minutes\" \/>\n<script type=\"application\/ld+json\" class=\"yoast-schema-graph\">{\"@context\":\"https:\\\/\\\/schema.org\",\"@graph\":[{\"@type\":\"WebPage\",\"@id\":\"https:\\\/\\\/magnetic-slots.net\\\/it\\\/app\\\/\",\"url\":\"https:\\\/\\\/magnetic-slots.net\\\/it\\\/app\\\/\",\"name\":\"Magneticslots App | PWA per Android, iPhone, iPad e Desktop\",\"isPartOf\":{\"@id\":\"https:\\\/\\\/magnetic-slots.net\\\/it\\\/#website\"},\"datePublished\":\"2025-11-27T10:04:31+00:00\",\"dateModified\":\"2026-04-01T09:39:05+00:00\",\"description\":\"Installa Magnetic Slots App dal nostro sito web e tieni la PWA sulla schermata iniziale per un accesso pi\u00f9 rapido. Usala su Android, iPhone, iPad, Windows o Mac, salta un negozio di applicazioni, evita file APK sconosciuti e ricevi gli aggiornamenti automaticamente.\",\"breadcrumb\":{\"@id\":\"https:\\\/\\\/magnetic-slots.net\\\/it\\\/app\\\/#breadcrumb\"},\"inLanguage\":\"it-IT\",\"potentialAction\":[{\"@type\":\"ReadAction\",\"target\":[\"https:\\\/\\\/magnetic-slots.net\\\/it\\\/app\\\/\"]}]},{\"@type\":\"BreadcrumbList\",\"@id\":\"https:\\\/\\\/magnetic-slots.net\\\/it\\\/app\\\/#breadcrumb\",\"itemListElement\":[{\"@type\":\"ListItem\",\"position\":1,\"name\":\"Magneticslots\",\"item\":\"https:\\\/\\\/magnetic-slots.net\\\/it\\\/\"},{\"@type\":\"ListItem\",\"position\":2,\"name\":\"App\"}]},{\"@type\":\"WebSite\",\"@id\":\"https:\\\/\\\/magnetic-slots.net\\\/it\\\/#website\",\"url\":\"https:\\\/\\\/magnetic-slots.net\\\/it\\\/\",\"name\":\"Magneticslots\",\"description\":\"\",\"publisher\":{\"@id\":\"https:\\\/\\\/magnetic-slots.net\\\/it\\\/#organization\"},\"potentialAction\":[{\"@type\":\"SearchAction\",\"target\":{\"@type\":\"EntryPoint\",\"urlTemplate\":\"https:\\\/\\\/magnetic-slots.net\\\/it\\\/?s={search_term_string}\"},\"query-input\":{\"@type\":\"PropertyValueSpecification\",\"valueRequired\":true,\"valueName\":\"search_term_string\"}}],\"inLanguage\":\"it-IT\"},{\"@type\":\"Organization\",\"@id\":\"https:\\\/\\\/magnetic-slots.net\\\/it\\\/#organization\",\"name\":\"Magneticslots\",\"url\":\"https:\\\/\\\/magnetic-slots.net\\\/it\\\/\",\"logo\":{\"@type\":\"ImageObject\",\"inLanguage\":\"it-IT\",\"@id\":\"https:\\\/\\\/magnetic-slots.net\\\/it\\\/#\\\/schema\\\/logo\\\/image\\\/\",\"url\":\"https:\\\/\\\/magnetic-slots.net\\\/wp-content\\\/uploads\\\/2025\\\/11\\\/logo.svg\",\"contentUrl\":\"https:\\\/\\\/magnetic-slots.net\\\/wp-content\\\/uploads\\\/2025\\\/11\\\/logo.svg\",\"width\":160,\"height\":27,\"caption\":\"Magneticslots\"},\"image\":{\"@id\":\"https:\\\/\\\/magnetic-slots.net\\\/it\\\/#\\\/schema\\\/logo\\\/image\\\/\"}}]}<\/script>\n<!-- \/ Yoast SEO plugin. -->","yoast_head_json":{"title":"Magneticslots App | PWA per Android, iPhone, iPad e Desktop","description":"Installa Magnetic Slots App dal nostro sito web e tieni la PWA sulla schermata iniziale per un accesso pi\u00f9 rapido. Usala su Android, iPhone, iPad, Windows o Mac, salta un negozio di applicazioni, evita file APK sconosciuti e ricevi gli aggiornamenti automaticamente.","robots":{"index":"index","follow":"follow","max-snippet":"max-snippet:-1","max-image-preview":"max-image-preview:large","max-video-preview":"max-video-preview:-1"},"canonical":"https:\/\/magnetic-slots.net\/it\/app\/","og_locale":"it_IT","og_type":"article","og_title":"Magneticslots App | PWA per Android, iPhone, iPad e Desktop","og_description":"Installa Magnetic Slots App dal nostro sito web e tieni la PWA sulla schermata iniziale per un accesso pi\u00f9 rapido. Usala su Android, iPhone, iPad, Windows o Mac, salta un negozio di applicazioni, evita file APK sconosciuti e ricevi gli aggiornamenti automaticamente.","og_url":"https:\/\/magnetic-slots.net\/it\/app\/","og_site_name":"magneticslots","article_modified_time":"2026-04-01T09:39:05+00:00","twitter_card":"summary_large_image","twitter_misc":{"Est. reading time":"2 minutes"},"schema":{"@context":"https:\/\/schema.org","@graph":[{"@type":"WebPage","@id":"https:\/\/magnetic-slots.net\/it\/app\/","url":"https:\/\/magnetic-slots.net\/it\/app\/","name":"Magneticslots App | PWA per Android, iPhone, iPad e Desktop","isPartOf":{"@id":"https:\/\/magnetic-slots.net\/it\/#website"},"datePublished":"2025-11-27T10:04:31+00:00","dateModified":"2026-04-01T09:39:05+00:00","description":"Installa Magnetic Slots App dal nostro sito web e tieni la PWA sulla schermata iniziale per un accesso pi\u00f9 rapido. Usala su Android, iPhone, iPad, Windows o Mac, salta un negozio di applicazioni, evita file APK sconosciuti e ricevi gli aggiornamenti automaticamente.","breadcrumb":{"@id":"https:\/\/magnetic-slots.net\/it\/app\/#breadcrumb"},"inLanguage":"it-IT","potentialAction":[{"@type":"ReadAction","target":["https:\/\/magnetic-slots.net\/it\/app\/"]}]},{"@type":"BreadcrumbList","@id":"https:\/\/magnetic-slots.net\/it\/app\/#breadcrumb","itemListElement":[{"@type":"ListItem","position":1,"name":"Magneticslots","item":"https:\/\/magnetic-slots.net\/it\/"},{"@type":"ListItem","position":2,"name":"App"}]},{"@type":"WebSite","@id":"https:\/\/magnetic-slots.net\/it\/#website","url":"https:\/\/magnetic-slots.net\/it\/","name":"Magneticslots","description":"","publisher":{"@id":"https:\/\/magnetic-slots.net\/it\/#organization"},"potentialAction":[{"@type":"SearchAction","target":{"@type":"EntryPoint","urlTemplate":"https:\/\/magnetic-slots.net\/it\/?s={search_term_string}"},"query-input":{"@type":"PropertyValueSpecification","valueRequired":true,"valueName":"search_term_string"}}],"inLanguage":"it-IT"},{"@type":"Organization","@id":"https:\/\/magnetic-slots.net\/it\/#organization","name":"Magneticslots","url":"https:\/\/magnetic-slots.net\/it\/","logo":{"@type":"ImageObject","inLanguage":"it-IT","@id":"https:\/\/magnetic-slots.net\/it\/#\/schema\/logo\/image\/","url":"https:\/\/magnetic-slots.net\/wp-content\/uploads\/2025\/11\/logo.svg","contentUrl":"https:\/\/magnetic-slots.net\/wp-content\/uploads\/2025\/11\/logo.svg","width":160,"height":27,"caption":"Magneticslots"},"image":{"@id":"https:\/\/magnetic-slots.net\/it\/#\/schema\/logo\/image\/"}}]}},"_links":{"self":[{"href":"https:\/\/magnetic-slots.net\/it\/wp-json\/wp\/v2\/pages\/1437","targetHints":{"allow":["GET"]}}],"collection":[{"href":"https:\/\/magnetic-slots.net\/it\/wp-json\/wp\/v2\/pages"}],"about":[{"href":"https:\/\/magnetic-slots.net\/it\/wp-json\/wp\/v2\/types\/page"}],"author":[{"embeddable":true,"href":"https:\/\/magnetic-slots.net\/it\/wp-json\/wp\/v2\/users\/1"}],"replies":[{"embeddable":true,"href":"https:\/\/magnetic-slots.net\/it\/wp-json\/wp\/v2\/comments?post=1437"}],"version-history":[{"count":4,"href":"https:\/\/magnetic-slots.net\/it\/wp-json\/wp\/v2\/pages\/1437\/revisions"}],"predecessor-version":[{"id":2072,"href":"https:\/\/magnetic-slots.net\/it\/wp-json\/wp\/v2\/pages\/1437\/revisions\/2072"}],"wp:attachment":[{"href":"https:\/\/magnetic-slots.net\/it\/wp-json\/wp\/v2\/media?parent=1437"}],"curies":[{"name":"wp","href":"https:\/\/api.w.org\/{rel}","templated":true}]}}