{"id":1477,"date":"2025-11-27T10:12:04","date_gmt":"2025-11-27T10:12:04","guid":{"rendered":"https:\/\/magnetic-slots.net\/login-and-registration\/"},"modified":"2026-04-01T10:40:05","modified_gmt":"2026-04-01T09:40:05","slug":"accesso-e-registrazione","status":"publish","type":"page","link":"https:\/\/magnetic-slots.net\/it\/accesso-e-registrazione\/","title":{"rendered":"Accesso e registrazione"},"content":{"rendered":"<h1>Magneticslots accesso e registrazione dell&#8217;account<\/h1>\n<p>Magneticslots login \u00e8 il punto in cui passi dalla parte pubblica del nostro casin\u00f2 al tuo spazio personale sulla piattaforma. Una volta effettuato l\u2019accesso, Magneticslots sembra pi\u00f9 personale. Manteniamo questo passaggio chiaro e familiare, cos\u00ec puoi tornare al tuo profilo senza sforzi aggiuntivi.<\/p>\n<p>Dall\u2019accesso quotidiano alle verifiche dell\u2019account che arrivano pi\u00f9 avanti, l\u2019area di accesso accompagna la parte di Magnetic Slots che ti riguarda. \u00c8 il passaggio che ti riporta al tuo account ogni volta che vuoi giocare, controllare i tuoi dati o continuare a usare la piattaforma.<\/p>\n<p><div class=\"banner-wrap\" aria-label=\"Banner\"><img src=\"https:\/\/magnetic-slots.net\/wp-content\/uploads\/2025\/11\/header-bg-1.webp\" class=\"w-100 d-none d-lg-block img-pc main-banner-img\" alt=\"MagneticSlots banner desktop\" fetchpriority=\"high\" decoding=\"async\"><img src=\"https:\/\/magnetic-slots.net\/wp-content\/uploads\/2025\/11\/MagneticSlots-mobile-banner.webp\" class=\"w-100 d-none d-md-block d-lg-none main-banner-img\" alt=\"MagneticSlots mobile banner\" fetchpriority=\"high\" decoding=\"async\"><img src=\"https:\/\/magnetic-slots.net\/wp-content\/uploads\/2025\/11\/MagneticSlots-mobile-banner.webp\" class=\"w-100 d-md-none\" alt=\"MagneticSlots mobile banner\" fetchpriority=\"high\" decoding=\"async\"><div class=\"banner-description\">\n<div class=\"banner-title\">Bonus di benvenuto<\/div>\n<p class=\"banner-header-title\">1500 \u20ac<\/p>\n<div class=\"banner-header-AdditionalText\">+ 250 Giri gratuiti<\/div>\n<button data-item=\"homepage_banner_link\" class=\"goto m-button m-gradient-border m-button--primary m-button--large banner-button btn-orange\">\n            <div class=\"m-button-content\">\n                <span>Iscriviti ora<\/span>\n                <span><\/span>\n            <\/div>\n        <\/button>\n<\/div>\n<div class=\"WelcomePack\">\n<p><img loading=\"lazy\" decoding=\"async\" class=\"alignnone size-full wp-image-1337\" src=\"https:\/\/magnetic-slots.net\/wp-content\/uploads\/2025\/11\/welcome-crown.svg\" alt=\"crown\" width=\"25\" height=\"26\" \/><\/p>\n<div class=\"WelcomePack-Info\">Cashback settimanale fino al 25%<\/div>\n<p><img loading=\"lazy\" decoding=\"async\" class=\"alignnone size-full wp-image-1337\" src=\"https:\/\/magnetic-slots.net\/wp-content\/uploads\/2025\/11\/welcome-crown.svg\" alt=\"crown\" width=\"25\" height=\"26\" \/><\/p>\n<\/div>\n<\/div><div class=\"scrollable-content-wrap my-5\"><div class=\"scrollable-content-inner\"><h2>Come utilizzare Magneticslots login<\/h2>\n<p>Se desideri accedere al mondo dei giochi online con oltre 6.000 titoli, bonus entusiasmanti e pagamenti sicuri, devi solo completare la procedura di login su Magneticslots. Gli utenti possono farlo cliccando sul pulsante \u201cAccedi\u201d nella pagina principale e inserendo le informazioni personali fornite al momento della registrazione.<\/p>\n<p>Pu\u00f2 capitare di dimenticare la password. Sulla nostra piattaforma abbiamo una soluzione per questo tipo di situazione. Nel modulo Magneticslots login \u00e8 possibile reimpostare la password e crearne una nuova cliccando sul link \u201cHai dimenticato la password?\u201d.<\/p>\n<p>Se non riesci ad accedere al tuo account su Magneticslots Casino, contatta il nostro team di assistenza tramite live chat o e-mail. I nostri responsabili esamineranno il tuo account e ti forniranno una soluzione.<\/p>\n<h2>Slot magnetiche procedura di registrazione e creazione dell&#8217;account<\/h2>\n<p>Ringraziamo tutti i nostri nuovi clienti per aver scelto Magneticslots Casino come piattaforma di gioco. Nell&#8217;app o sul sito web, \u00e8 possibile completare la procedura di registrazione in 3 minuti. Ti chiederemo solo le informazioni pi\u00f9 importanti: il tuo indirizzo e-mail e la password. Assicurati che la tua password sia sicura, in modo che nessun altro possa accedere al tuo account Magneticslots.<\/p>\n<p>Segui le nostre istruzioni per una procedura di registrazione semplice:<\/p>\n<ol>\n<li>Vai alla sezione registrazione cliccando sul pulsante \u201cRegistrati\u201d nell&#8217;angolo in alto a destra.<\/li>\n<li>Inserisci il tuo indirizzo e-mail e crea una password composta da pi\u00f9 di 6 caratteri.<\/li>\n<li>Conferma la tua et\u00e0. Le regole di Magneticslots Casino consentono la registrazione solo ai maggiori di 18 anni.<\/li>\n<li>Accetta le regole del nostro sito web. Puoi trovare i \u201cTermini e condizioni\u201d a pi\u00e8 di pagina del sito web.<\/li>\n<li>Clicca sul pulsante \u201cIscriviti\u201d per confermare la tua registrazione.<\/li>\n<\/ol>\n<h3>Impostazioni e funzioni dell&#8217;account<\/h3>\n<p>Non \u00e8 necessario creare un account su Magneticslots, ma farlo offre molti vantaggi alla tua esperienza. Senza registrazione, puoi giocare solo ad alcuni giochi in modalit\u00e0 demo. Ma se crei un account, ottieni molte funzionalit\u00e0 e strumenti aggiuntivi.<\/p>\n<p>Nell&#8217;account Magneticslots Casino puoi modificare in qualsiasi momento le tue informazioni personali o di pagamento. Qui troverai anche gli strumenti per giocare in modo responsabile. Inoltre, potrai sempre visualizzare e analizzare la tua cronologia di gioco, i bonus e la cronologia finanziaria.<\/p>\n<p><img loading=\"lazy\" decoding=\"async\" class=\"alignnone size-full wp-image-2035\" src=\"https:\/\/magnetic-slots.net\/wp-content\/uploads\/2026\/04\/Nyxbets-Login.webp\" alt=\"Login\" width=\"1248\" height=\"536\" srcset=\"https:\/\/magnetic-slots.net\/wp-content\/uploads\/2026\/04\/Nyxbets-Login.webp 1248w, https:\/\/magnetic-slots.net\/wp-content\/uploads\/2026\/04\/Nyxbets-Login-300x129.webp 300w, https:\/\/magnetic-slots.net\/wp-content\/uploads\/2026\/04\/Nyxbets-Login-1024x440.webp 1024w, https:\/\/magnetic-slots.net\/wp-content\/uploads\/2026\/04\/Nyxbets-Login-768x330.webp 768w\" sizes=\"auto, (max-width: 1248px) 100vw, 1248px\" \/><\/p>\n<h2>Perch\u00e9 \u00e8 necessario verificare il proprio account<\/h2>\n<p>Su Magneticslots Casino, il processo di verifica \u00e8 un passo importante per garantire la sicurezza della piattaforma ed evitare frodi. Chiediamo a tutti i nostri clienti, indipendentemente dalla regione di provenienza, di verificare la propria identit\u00e0, et\u00e0, indirizzo di residenza e titolarit\u00e0 del conto di pagamento. Ecco perch\u00e9 \u00e8 fondamentale inserire i propri dati personali e di pagamento reali durante il processo di registrazione.<\/p>\n<p>Il processo di verifica avviene prima del primo prelievo di fondi. \u00c8 necessario caricare copie o foto dei propri documenti sulla piattaforma Magneticslots e i nostri responsabili li controlleranno entro 48 ore. Dopo aver ricevuto il via libera, sar\u00e0 possibile incassare le vincite senza ulteriori ritardi. Di seguito sono riportate le informazioni principali relative ai documenti.<\/p>\n<table>\n<tbody>\n<tr>\n<td>Cosa dimostra<\/td>\n<td>Documenti richiesti<\/td>\n<\/tr>\n<tr>\n<td>Verifica dell&#8217;identit\u00e0 e dell&#8217;et\u00e0<\/td>\n<td>Documento di identit\u00e0 rilasciato dal governo (passaporto, carta d&#8217;identit\u00e0 nazionale, patente di guida)<\/td>\n<\/tr>\n<tr>\n<td>Prova di residenza<\/td>\n<td>Bolletta, estratto conto bancario, lettera fiscale o corrispondenza ufficiale (datata negli ultimi 3 mesi)<\/td>\n<\/tr>\n<tr>\n<td>Titolarit\u00e0 del metodo di pagamento<\/td>\n<td>Screenshot o dichiarazione del metodo di pagamento utilizzato (carta di credito, portafoglio elettronico, conferma del portafoglio crittografico)<\/td>\n<\/tr>\n<\/tbody>\n<\/table>\n<h2>Domande frequenti<\/h2>\n<h3>Come posso accedere al mio account Magneticslots Casino?<\/h3>\n<p>Per completare la procedura di accesso a Magnetic Slots, \u00e8 necessario inserire l&#8217;indirizzo e-mail e la password utilizzati al momento della registrazione. Durante questa procedura non \u00e8 richiesta alcuna verifica aggiuntiva.<\/p>\n<h3>Cosa devo fare se dimentico la mia password?<\/h3>\n<p>Nella fase Accesso a Magneticslots, devi selezionare il link \u201cHai dimenticato la password?\u201d. Ti invieremo un link di reimpostazione via e-mail in modo che tu possa aggiornarla. Se non hai ricevuto la nostra e-mail, contatta il team di assistenza multilingue.<\/p>\n<h3>Posso modificare i dettagli del mio account dopo la registrazione?<\/h3>\n<p>Nelle impostazioni del tuo account puoi modificare qualsiasi informazione personale o di pagamento. Il processo \u00e8 piuttosto semplice e richiede solo pochi minuti.<\/p>\n<h3>Le mie informazioni personali sono al sicuro quando accedo a Magnetic Slots?<\/h3>\n<p>In qualit\u00e0 di casin\u00f2 online autorizzato, noi di Magneticslots diamo la priorit\u00e0 alla sicurezza dei nostri clienti. Ecco perch\u00e9 tutti i tuoi dati e le tue transazioni sono protetti da un innovativo sistema di crittografia SSL. Ogni dettaglio del nostro sito web \u00e8 stato progettato nel rispetto del GDPR.<\/p>\n<\/div><\/div><\/p>\n","protected":false},"excerpt":{"rendered":"<p>Magneticslots accesso e registrazione dell&#8217;account Magneticslots login \u00e8 il punto in cui passi dalla parte pubblica del nostro casin\u00f2 al tuo spazio personale sulla piattaforma. Una volta effettuato l\u2019accesso, Magneticslots sembra pi\u00f9 personale. Manteniamo questo passaggio chiaro e familiare, cos\u00ec puoi tornare al tuo profilo senza sforzi aggiuntivi. Dall\u2019accesso quotidiano alle verifiche dell\u2019account che arrivano [&hellip;]<\/p>\n","protected":false},"author":1,"featured_media":0,"parent":0,"menu_order":0,"comment_status":"closed","ping_status":"closed","template":"template-builder.php","meta":{"_acf_changed":false,"inline_featured_image":false,"footnotes":""},"class_list":["post-1477","page","type-page","status-publish","hentry"],"acf":[],"yoast_head":"<!-- This site is optimized with the Yoast SEO plugin v27.3 - https:\/\/yoast.com\/product\/yoast-seo-wordpress\/ -->\n<title>Magneticslots Login | Reimposta password e accesso al conto<\/title>\n<meta name=\"description\" content=\"Usa Magnetic Slots Login per accedere al tuo conto, reimpostare la password e tornare al tuo profilo. Registrati con la tua email e password, completa la procedura di registrazione e gestisci i tuoi dati personali e di pagamento sulla piattaforma.\" \/>\n<meta name=\"robots\" content=\"index, follow, max-snippet:-1, max-image-preview:large, max-video-preview:-1\" \/>\n<link rel=\"canonical\" href=\"https:\/\/magnetic-slots.net\/it\/accesso-e-registrazione\/\" \/>\n<meta property=\"og:locale\" content=\"it_IT\" \/>\n<meta property=\"og:type\" content=\"article\" \/>\n<meta property=\"og:title\" content=\"Magneticslots Login | Reimposta password e accesso al conto\" \/>\n<meta property=\"og:description\" content=\"Usa Magnetic Slots Login per accedere al tuo conto, reimpostare la password e tornare al tuo profilo. Registrati con la tua email e password, completa la procedura di registrazione e gestisci i tuoi dati personali e di pagamento sulla piattaforma.\" \/>\n<meta property=\"og:url\" content=\"https:\/\/magnetic-slots.net\/it\/accesso-e-registrazione\/\" \/>\n<meta property=\"og:site_name\" content=\"magneticslots\" \/>\n<meta property=\"article:modified_time\" content=\"2026-04-01T09:40:05+00:00\" \/>\n<meta name=\"twitter:card\" content=\"summary_large_image\" \/>\n<meta name=\"twitter:label1\" content=\"Est. reading time\" \/>\n\t<meta name=\"twitter:data1\" content=\"1 minute\" \/>\n<script type=\"application\/ld+json\" class=\"yoast-schema-graph\">{\"@context\":\"https:\\\/\\\/schema.org\",\"@graph\":[{\"@type\":\"WebPage\",\"@id\":\"https:\\\/\\\/magnetic-slots.net\\\/it\\\/accesso-e-registrazione\\\/\",\"url\":\"https:\\\/\\\/magnetic-slots.net\\\/it\\\/accesso-e-registrazione\\\/\",\"name\":\"Magneticslots Login | Reimposta password e accesso al conto\",\"isPartOf\":{\"@id\":\"https:\\\/\\\/magnetic-slots.net\\\/it\\\/#website\"},\"datePublished\":\"2025-11-27T10:12:04+00:00\",\"dateModified\":\"2026-04-01T09:40:05+00:00\",\"description\":\"Usa Magnetic Slots Login per accedere al tuo conto, reimpostare la password e tornare al tuo profilo. Registrati con la tua email e password, completa la procedura di registrazione e gestisci i tuoi dati personali e di pagamento sulla piattaforma.\",\"breadcrumb\":{\"@id\":\"https:\\\/\\\/magnetic-slots.net\\\/it\\\/accesso-e-registrazione\\\/#breadcrumb\"},\"inLanguage\":\"it-IT\",\"potentialAction\":[{\"@type\":\"ReadAction\",\"target\":[\"https:\\\/\\\/magnetic-slots.net\\\/it\\\/accesso-e-registrazione\\\/\"]}]},{\"@type\":\"BreadcrumbList\",\"@id\":\"https:\\\/\\\/magnetic-slots.net\\\/it\\\/accesso-e-registrazione\\\/#breadcrumb\",\"itemListElement\":[{\"@type\":\"ListItem\",\"position\":1,\"name\":\"Magneticslots\",\"item\":\"https:\\\/\\\/magnetic-slots.net\\\/it\\\/\"},{\"@type\":\"ListItem\",\"position\":2,\"name\":\"Accesso e registrazione\"}]},{\"@type\":\"WebSite\",\"@id\":\"https:\\\/\\\/magnetic-slots.net\\\/it\\\/#website\",\"url\":\"https:\\\/\\\/magnetic-slots.net\\\/it\\\/\",\"name\":\"Magneticslots\",\"description\":\"\",\"publisher\":{\"@id\":\"https:\\\/\\\/magnetic-slots.net\\\/it\\\/#organization\"},\"potentialAction\":[{\"@type\":\"SearchAction\",\"target\":{\"@type\":\"EntryPoint\",\"urlTemplate\":\"https:\\\/\\\/magnetic-slots.net\\\/it\\\/?s={search_term_string}\"},\"query-input\":{\"@type\":\"PropertyValueSpecification\",\"valueRequired\":true,\"valueName\":\"search_term_string\"}}],\"inLanguage\":\"it-IT\"},{\"@type\":\"Organization\",\"@id\":\"https:\\\/\\\/magnetic-slots.net\\\/it\\\/#organization\",\"name\":\"Magneticslots\",\"url\":\"https:\\\/\\\/magnetic-slots.net\\\/it\\\/\",\"logo\":{\"@type\":\"ImageObject\",\"inLanguage\":\"it-IT\",\"@id\":\"https:\\\/\\\/magnetic-slots.net\\\/it\\\/#\\\/schema\\\/logo\\\/image\\\/\",\"url\":\"https:\\\/\\\/magnetic-slots.net\\\/wp-content\\\/uploads\\\/2025\\\/11\\\/logo.svg\",\"contentUrl\":\"https:\\\/\\\/magnetic-slots.net\\\/wp-content\\\/uploads\\\/2025\\\/11\\\/logo.svg\",\"width\":160,\"height\":27,\"caption\":\"Magneticslots\"},\"image\":{\"@id\":\"https:\\\/\\\/magnetic-slots.net\\\/it\\\/#\\\/schema\\\/logo\\\/image\\\/\"}}]}<\/script>\n<!-- \/ Yoast SEO plugin. -->","yoast_head_json":{"title":"Magneticslots Login | Reimposta password e accesso al conto","description":"Usa Magnetic Slots Login per accedere al tuo conto, reimpostare la password e tornare al tuo profilo. Registrati con la tua email e password, completa la procedura di registrazione e gestisci i tuoi dati personali e di pagamento sulla piattaforma.","robots":{"index":"index","follow":"follow","max-snippet":"max-snippet:-1","max-image-preview":"max-image-preview:large","max-video-preview":"max-video-preview:-1"},"canonical":"https:\/\/magnetic-slots.net\/it\/accesso-e-registrazione\/","og_locale":"it_IT","og_type":"article","og_title":"Magneticslots Login | Reimposta password e accesso al conto","og_description":"Usa Magnetic Slots Login per accedere al tuo conto, reimpostare la password e tornare al tuo profilo. Registrati con la tua email e password, completa la procedura di registrazione e gestisci i tuoi dati personali e di pagamento sulla piattaforma.","og_url":"https:\/\/magnetic-slots.net\/it\/accesso-e-registrazione\/","og_site_name":"magneticslots","article_modified_time":"2026-04-01T09:40:05+00:00","twitter_card":"summary_large_image","twitter_misc":{"Est. reading time":"1 minute"},"schema":{"@context":"https:\/\/schema.org","@graph":[{"@type":"WebPage","@id":"https:\/\/magnetic-slots.net\/it\/accesso-e-registrazione\/","url":"https:\/\/magnetic-slots.net\/it\/accesso-e-registrazione\/","name":"Magneticslots Login | Reimposta password e accesso al conto","isPartOf":{"@id":"https:\/\/magnetic-slots.net\/it\/#website"},"datePublished":"2025-11-27T10:12:04+00:00","dateModified":"2026-04-01T09:40:05+00:00","description":"Usa Magnetic Slots Login per accedere al tuo conto, reimpostare la password e tornare al tuo profilo. Registrati con la tua email e password, completa la procedura di registrazione e gestisci i tuoi dati personali e di pagamento sulla piattaforma.","breadcrumb":{"@id":"https:\/\/magnetic-slots.net\/it\/accesso-e-registrazione\/#breadcrumb"},"inLanguage":"it-IT","potentialAction":[{"@type":"ReadAction","target":["https:\/\/magnetic-slots.net\/it\/accesso-e-registrazione\/"]}]},{"@type":"BreadcrumbList","@id":"https:\/\/magnetic-slots.net\/it\/accesso-e-registrazione\/#breadcrumb","itemListElement":[{"@type":"ListItem","position":1,"name":"Magneticslots","item":"https:\/\/magnetic-slots.net\/it\/"},{"@type":"ListItem","position":2,"name":"Accesso e registrazione"}]},{"@type":"WebSite","@id":"https:\/\/magnetic-slots.net\/it\/#website","url":"https:\/\/magnetic-slots.net\/it\/","name":"Magneticslots","description":"","publisher":{"@id":"https:\/\/magnetic-slots.net\/it\/#organization"},"potentialAction":[{"@type":"SearchAction","target":{"@type":"EntryPoint","urlTemplate":"https:\/\/magnetic-slots.net\/it\/?s={search_term_string}"},"query-input":{"@type":"PropertyValueSpecification","valueRequired":true,"valueName":"search_term_string"}}],"inLanguage":"it-IT"},{"@type":"Organization","@id":"https:\/\/magnetic-slots.net\/it\/#organization","name":"Magneticslots","url":"https:\/\/magnetic-slots.net\/it\/","logo":{"@type":"ImageObject","inLanguage":"it-IT","@id":"https:\/\/magnetic-slots.net\/it\/#\/schema\/logo\/image\/","url":"https:\/\/magnetic-slots.net\/wp-content\/uploads\/2025\/11\/logo.svg","contentUrl":"https:\/\/magnetic-slots.net\/wp-content\/uploads\/2025\/11\/logo.svg","width":160,"height":27,"caption":"Magneticslots"},"image":{"@id":"https:\/\/magnetic-slots.net\/it\/#\/schema\/logo\/image\/"}}]}},"_links":{"self":[{"href":"https:\/\/magnetic-slots.net\/it\/wp-json\/wp\/v2\/pages\/1477","targetHints":{"allow":["GET"]}}],"collection":[{"href":"https:\/\/magnetic-slots.net\/it\/wp-json\/wp\/v2\/pages"}],"about":[{"href":"https:\/\/magnetic-slots.net\/it\/wp-json\/wp\/v2\/types\/page"}],"author":[{"embeddable":true,"href":"https:\/\/magnetic-slots.net\/it\/wp-json\/wp\/v2\/users\/1"}],"replies":[{"embeddable":true,"href":"https:\/\/magnetic-slots.net\/it\/wp-json\/wp\/v2\/comments?post=1477"}],"version-history":[{"count":4,"href":"https:\/\/magnetic-slots.net\/it\/wp-json\/wp\/v2\/pages\/1477\/revisions"}],"predecessor-version":[{"id":2073,"href":"https:\/\/magnetic-slots.net\/it\/wp-json\/wp\/v2\/pages\/1477\/revisions\/2073"}],"wp:attachment":[{"href":"https:\/\/magnetic-slots.net\/it\/wp-json\/wp\/v2\/media?parent=1477"}],"curies":[{"name":"wp","href":"https:\/\/api.w.org\/{rel}","templated":true}]}}