{"id":1439,"date":"2025-11-27T10:04:31","date_gmt":"2025-11-27T10:04:31","guid":{"rendered":"https:\/\/magnetic-slots.net\/app\/"},"modified":"2026-04-01T11:07:25","modified_gmt":"2026-04-01T10:07:25","slug":"aplikacja","status":"publish","type":"page","link":"https:\/\/magnetic-slots.net\/pl\/aplikacja\/","title":{"rendered":"Aplikacja"},"content":{"rendered":"<h1>Aplikacja kasyna Magneticslots<\/h1>\n<p>Magneticslots app to wersja PWA naszego kasyna. Mo\u017cesz otworzy\u0107 j\u0105 w przegl\u0105darce, doda\u0107 do ekranu g\u0142\u00f3wnego i mie\u0107 Magneticslots pod r\u0119k\u0105 bez przechodzenia przez sklep z aplikacjami. Oznacza to r\u00f3wnie\u017c, \u017ce nie ma osobnego procesu aktualizacji, kt\u00f3rym trzeba zarz\u0105dza\u0107, poniewa\u017c zmiany w aplikacji pojawiaj\u0105 si\u0119 za po\u015brednictwem samej platformy wraz z rozwojem produktu. To prostszy spos\u00f3b, by mie\u0107 Magnetic Slots w zasi\u0119gu na urz\u0105dzeniach, z kt\u00f3rych gracze korzystaj\u0105 ka\u017cdego dnia.<\/p>\n<div class=\"banner-wrap\" aria-label=\"Banner\"><img src=\"https:\/\/magnetic-slots.net\/wp-content\/uploads\/2025\/11\/header-bg-1.webp\" class=\"w-100 d-none d-lg-block img-pc main-banner-img\" alt=\"MagneticSlots banner desktop\" fetchpriority=\"high\" decoding=\"async\"><img src=\"https:\/\/magnetic-slots.net\/wp-content\/uploads\/2025\/11\/MagneticSlots-mobile-banner.webp\" class=\"w-100 d-none d-md-block d-lg-none main-banner-img\" alt=\"MagneticSlots mobile banner\" fetchpriority=\"high\" decoding=\"async\"><img src=\"https:\/\/magnetic-slots.net\/wp-content\/uploads\/2025\/11\/MagneticSlots-mobile-banner.webp\" class=\"w-100 d-md-none\" alt=\"MagneticSlots mobile banner\" fetchpriority=\"high\" decoding=\"async\"><div class=\"banner-description\">\n<div class=\"banner-title\">Bonusy powitalne<\/div>\n<p class=\"banner-header-title\">1500 \u20ac<\/p>\n<div class=\"banner-header-AdditionalText\">+ 250 Darmowe spiny<\/div>\n<button data-item=\"homepage_banner_link\" class=\"goto m-button m-gradient-border m-button--primary m-button--large banner-button btn-orange\">\n            <div class=\"m-button-content\">\n                <span>Zarejestruj si\u0119 teraz<\/span>\n                <span><\/span>\n            <\/div>\n        <\/button>\n<\/div>\n<div class=\"WelcomePack\">\n<p><img loading=\"lazy\" decoding=\"async\" class=\"alignnone size-full wp-image-1337\" src=\"https:\/\/magnetic-slots.net\/wp-content\/uploads\/2025\/11\/welcome-crown.svg\" alt=\"crown\" width=\"25\" height=\"26\" \/><\/p>\n<div class=\"WelcomePack-Info\">Cotygodniowy zwrot got\u00f3wki do 25%<\/div>\n<p><img loading=\"lazy\" decoding=\"async\" class=\"alignnone size-full wp-image-1337\" src=\"https:\/\/magnetic-slots.net\/wp-content\/uploads\/2025\/11\/welcome-crown.svg\" alt=\"crown\" width=\"25\" height=\"26\" \/><\/p>\n<\/div>\n<\/div>\n<h2>Najlepsze funkcje aplikacji mobilnej Magneticslots<\/h2>\n<p>Ponad 80% naszych graczy woli korzysta\u0107 z Magneticslots Casino na swoich smartfonach i tabletach. Dlatego stworzyli\u015bmy specjalne oprogramowanie mobilne, kt\u00f3re dzia\u0142a p\u0142ynnie na ka\u017cdym urz\u0105dzeniu z systemem Android lub iOS. Teraz lokalizacja Twojego domu lub komputera nie b\u0119dzie ju\u017c Ci\u0119 ogranicza\u0107.<\/p>\n<p>W aplikacji Magneticslots zobaczysz znany Ci wygl\u0105d i nawigacj\u0119. U\u017cytkownicy mog\u0105 w prosty spos\u00f3b przej\u015b\u0107 przez te same procedury: rejestracj\u0119, logowanie i p\u0142atno\u015bci. Nie ma znaczenia, czy jeste\u015b nowym graczem, czy sta\u0142ym bywalcem \u2013 nie ma to wp\u0142ywu na korzystanie z oprogramowania mobilnego. W poni\u017cszej tabeli mo\u017cesz zapozna\u0107 si\u0119 z funkcjami dost\u0119pnymi w aplikacji Magneticslots.<\/p>\n<table>\n<tbody>\n<tr>\n<td>Funkcja<\/td>\n<td>Szczeg\u00f3\u0142y<\/td>\n<\/tr>\n<tr>\n<td>R\u00f3\u017cnorodno\u015b\u0107 gier<\/td>\n<td>Magnetic Slots zapewnia dost\u0119p do biblioteki kasyna, zawieraj\u0105cej ponad 6.000 automat\u00f3w online, gier sto\u0142owych, gier z krupierem na \u017cywo i gier b\u0142yskawicznych.<\/td>\n<\/tr>\n<tr>\n<td>Wydajno\u015b\u0107 urz\u0105dze\u0144 mobilnych<\/td>\n<td>Zosta\u0142a zaprojektowana tak, aby dzia\u0142a\u0107 p\u0142ynnie na nowoczesnych smartfonach i tabletach. Nawet przy wolniejszym po\u0142\u0105czeniu internetowym zapewniamy szybkie \u0142adowanie i stabiln\u0105 rozgrywk\u0119.<\/td>\n<\/tr>\n<tr>\n<td>Dodatkowy dost\u0119p<\/td>\n<td>U\u017cytkownicy mog\u0105 ubiega\u0107 si\u0119 o bonusy powitalne, cotygodniowe promocje, zwrot got\u00f3wki i darmowe spiny bezpo\u015brednio przez aplikacj\u0119, wi\u0119c nie ma potrzeby korzystania z wersji na komputery stacjonarne.<\/td>\n<\/tr>\n<tr>\n<td>Bezpiecze\u0144stwo<\/td>\n<td>W oprogramowaniu mobilnym stosujemy szyfrowanie SSL dla danych osobowych i informacji dotycz\u0105cych p\u0142atno\u015bci oraz proces weryfikacji. Dodatkowo mo\u017cna w\u0142\u0105czy\u0107 weryfikacj\u0119 dwusk\u0142adnikow\u0105, aby zapewni\u0107 dodatkow\u0105 ochron\u0119 konta.<\/td>\n<\/tr>\n<tr>\n<td>Zarz\u0105dzanie kontem<\/td>\n<td>W oprogramowaniu mobilnym gracze maj\u0105 mo\u017cliwo\u015b\u0107 zmiany swoich danych osobowych, sprawdzenia swojej aktywno\u015bci, korzystania z narz\u0119dzi odpowiedzialnej gry oraz skonfigurowania uwierzytelniania dwusk\u0142adnikowego (2FA).<\/td>\n<\/tr>\n<tr>\n<td>Powiadomienia<\/td>\n<td>Na urz\u0105dzeniu mobilnym b\u0119dziesz otrzymywa\u0107 powiadomienia push dotycz\u0105ce wszystkich aktualizacji, post\u0119p\u00f3w i nowo\u015bci.<\/td>\n<\/tr>\n<tr>\n<td>Synchronizacja mi\u0119dzy platformami<\/td>\n<td>Twoje salda, historia gry, bonusy i preferencje s\u0105 automatycznie synchronizowane mi\u0119dzy urz\u0105dzeniami, co pozwala na p\u0142ynne prze\u0142\u0105czanie si\u0119 mi\u0119dzy telefonem, tabletem i komputerem stacjonarnym.<\/td>\n<\/tr>\n<\/tbody>\n<\/table>\n<p><div style=\"clear: both\"><\/div><div class=\"d-flex justify-content-center\"><button data-item=\"decouvrez_link\" data-group=\"website_links\" class=\"goto fw-bold rounded-pill btn btn-orange\" aria-label=\"Pobierz aplikacj\u0119 MagneticSlots\" >Pobierz aplikacj\u0119 MagneticSlots<\/button><\/div><div class=\"scrollable-content-wrap my-5\"><div class=\"scrollable-content-inner\"><h2>Aplikacja Magnetic Slots dla systemu Android<\/h2>\n<p>Bez wzgl\u0119du na to, jakie urz\u0105dzenie z systemem Android posiadasz, mo\u017cesz bez problemu korzysta\u0107 z aplikacji Magneticslots. Oferujemy kilka wygodnych opcji korzystania z naszej platformy: wersj\u0119 przegl\u0105darkow\u0105, ikon\u0119 skr\u00f3tu lub progresywn\u0105 aplikacj\u0119 internetow\u0105. W \u017cadnym z tych przypadk\u00f3w nie musisz pobiera\u0107 \u017cadnych nieznanych plik\u00f3w Magneticslots APK.<\/p>\n<p>Wersja przegl\u0105darkowa jest dost\u0119pna w Google Chrome, Firefox i innych przegl\u0105darkach. Aby uzyska\u0107 szybszy dost\u0119p, mo\u017cna dodatkowo zainstalowa\u0107 ikon\u0119 skr\u00f3tu. Oznacza to, \u017ce mo\u017cna przej\u015b\u0107 do naszej strony internetowej, klikaj\u0105c ikon\u0119 na ekranie g\u0142\u00f3wnym.<\/p>\n<p>Aplikacj\u0119 Magneticslots dla systemu Android mo\u017cna zainstalowa\u0107 z naszej strony internetowej. Ze wzgl\u0119du na ograniczenia dotycz\u0105ce oprogramowania hazardowego nie mo\u017cna jej pobra\u0107 ze sklepu Google Play. Aby szybko zainstalowa\u0107 aplikacj\u0119, post\u0119puj zgodnie z poni\u017cszymi instrukcjami:<\/p>\n<ol>\n<li>Przejd\u017a na koniec strony internetowej Magneticslots Casino.<\/li>\n<li>Kliknij przycisk \u201eAplikacja kasyna\u201d w stopce strony.<\/li>\n<li>Proces instalacji rozpocznie si\u0119 automatycznie i nie potrwa d\u0142u\u017cej ni\u017c 2 minuty przy stabilnym po\u0142\u0105czeniu internetowym.<\/li>\n<li>Po pomy\u015blnym zako\u0144czeniu instalacji ikona pojawi si\u0119 na ekranie g\u0142\u00f3wnym.<\/li>\n<\/ol>\n<p><img loading=\"lazy\" decoding=\"async\" src=\"https:\/\/magnetic-slots.net\/wp-content\/uploads\/2025\/11\/MagneticSlots-Android.webp\" alt=\"MagneticSlots Android\" width=\"1248\" height=\"536\" \/><\/p>\n<\/div><\/div><div style=\"clear: both\"><\/div><div class=\"d-flex justify-content-center\"><button data-item=\"decouvrez_link\" data-group=\"website_links\" class=\"goto fw-bold rounded-pill btn btn-orange\" aria-label=\"Pobierz MagneticSlots\" >Pobierz MagneticSlots<\/button><\/div><div class=\"scrollable-content-wrap my-5\"><div class=\"scrollable-content-inner\"><h2>Aplikacja na iPhone&#8217;a i iPada<\/h2>\n<p>U\u017cytkownicy systemu iOS r\u00f3wnie\u017c mog\u0105 cieszy\u0107 si\u0119 pe\u0142ni\u0105 wra\u017ce\u0144 hazardowych na swoich urz\u0105dzeniach mobilnych. W oprogramowaniu mobilnym Magneticslots Casino dost\u0119pnych jest ponad 6.000 tytu\u0142\u00f3w. Nie stracisz nic, poniewa\u017c kasyno mobilne jest lustrzanym odbiciem pe\u0142nej wersji na komputery stacjonarne.<\/p>\n<p>Aplikacja jest zoptymalizowana pod k\u0105tem ma\u0142ych ekran\u00f3w wszystkich nowoczesnych urz\u0105dze\u0144 z systemem iOS, w tym iPhone&#8217;\u00f3w i iPad\u00f3w. Aplikacj\u0119 Magneticslots mo\u017cna zainstalowa\u0107, klikaj\u0105c link znajduj\u0105cy si\u0119 w stopce naszej strony internetowej. Proces ten zajmuje tylko kilka minut.<\/p>\n<p>Zawsze istnieje mo\u017cliwo\u015b\u0107 korzystania z Magneticslots Casino w przegl\u0105darce Safari lub innej przegl\u0105darce mobilnej. Aby uzyska\u0107 jeszcze szybszy dost\u0119p, mo\u017cna zainstalowa\u0107 ikon\u0119 skr\u00f3tu. Mo\u017cna to zrobi\u0107 w ka\u017cdej nowoczesnej przegl\u0105darce. Opracowali\u015bmy instrukcj\u0119 krok po kroku, jak to zrobi\u0107 w przegl\u0105darce Safari:<\/p>\n<ol>\n<li>Otw\u00f3rz nasz\u0105 stron\u0119 internetow\u0105 w aplikacji Safari.<\/li>\n<li>Kliknij przycisk \u201eUdost\u0119pnij\u201d na dole ekranu.<\/li>\n<li>Z dost\u0119pnych opcji wybierz \u201eDodaj do ekranu g\u0142\u00f3wnego\u201d.<\/li>\n<li>Potwierd\u017a sw\u00f3j wyb\u00f3r, klikaj\u0105c przycisk \u201eDodaj\u201d.<\/li>\n<\/ol>\n<p><img loading=\"lazy\" decoding=\"async\" src=\"https:\/\/magnetic-slots.net\/wp-content\/uploads\/2025\/11\/MagneticSlots-iOS.webp\" alt=\"MagneticSlots iOS\" width=\"1248\" height=\"536\" \/><\/p>\n<\/div><\/div><div style=\"clear: both\"><\/div><div class=\"d-flex justify-content-center\"><button data-item=\"decouvrez_link\" data-group=\"website_links\" class=\"goto fw-bold rounded-pill btn btn-orange\" aria-label=\"Pobierz aplikacj\u0119 MagneticSlots\" >Pobierz aplikacj\u0119 MagneticSlots<\/button><\/div><div class=\"scrollable-content-wrap my-5\"><div class=\"scrollable-content-inner\"><h2>Aplikacja internetowa dla systemu Windows lub Mac<\/h2>\n<p>Aby uzyska\u0107 bardziej tradycyjne wra\u017cenia z gry na du\u017cym ekranie, zawsze mo\u017cesz uzyska\u0107 dost\u0119p do Magneticslots Casino na swoim komputerze. Z naszego kasyna online mo\u017cna korzysta\u0107 w dowolnej przegl\u0105darce bez konieczno\u015bci instalowania dodatkowego oprogramowania. U\u017cytkownicy uzyskuj\u0105 dost\u0119p do pe\u0142nej biblioteki gier, p\u0142atno\u015bci, bonus\u00f3w, obs\u0142ugi klienta i wielu innych funkcji.<\/p>\n<p>Interfejs automatycznie dostosowuje si\u0119 do r\u00f3\u017cnych rozmiar\u00f3w ekranu, aby zapewni\u0107 prost\u0105 nawigacj\u0119 zar\u00f3wno na laptopach, jak i komputerach stacjonarnych. Mo\u017cesz r\u00f3wnie\u017c zainstalowa\u0107 tutaj ikon\u0119 na ekranie g\u0142\u00f3wnym.<\/p>\n<p><img loading=\"lazy\" decoding=\"async\" src=\"https:\/\/magnetic-slots.net\/wp-content\/uploads\/2025\/11\/MagneticSlots-Desktop.webp\" alt=\"MagneticSlots Desktop\" width=\"1248\" height=\"536\" \/><\/p>\n<\/div><\/div><div style=\"clear: both\"><\/div><div class=\"d-flex justify-content-center\"><button data-item=\"decouvrez_link\" data-group=\"website_links\" class=\"goto fw-bold rounded-pill btn btn-orange\" aria-label=\"Pobierz MagneticSlots\" >Pobierz MagneticSlots<\/button><\/div><div class=\"scrollable-content-wrap my-5\"><div class=\"scrollable-content-inner\"><h2>Cz\u0119sto zadawane pytania<\/h2>\n<h3>Czy aplikacja Magnetic Slots jest dost\u0119pna zar\u00f3wno na Androida, jak i iOS?<\/h3>\n<p>Aplikacja Magneticslots jest dost\u0119pna na wszystkie nowoczesne urz\u0105dzenia z systemem Android i iOS. Mo\u017cna j\u0105 zainstalowa\u0107 z naszej strony internetowej w ci\u0105gu kilku minut.<\/p>\n<h3>Czy w aplikacji mam dost\u0119p do tych samych gier, co w wersji na komputery?<\/h3>\n<p>Oferujemy t\u0119 sam\u0105 kolekcj\u0119 gier zar\u00f3wno w oprogramowaniu mobilnym Magneticslots, jak i w wersji na komputery stacjonarne. Uzyskujesz dost\u0119p do ponad 6.000 tytu\u0142\u00f3w z r\u00f3\u017cnych kategorii i gatunk\u00f3w. Wszystkie s\u0105 doskonale dostosowane do ekran\u00f3w dotykowych, zapewniaj\u0105c wspania\u0142e wra\u017cenia z gry.<\/p>\n<h3>Jak zaktualizowa\u0107 aplikacj\u0119 Magneticslots do najnowszej wersji?<\/h3>\n<p>Nasze oprogramowanie mobilne Magneticslots Casino tworzymy jako progresywn\u0105 aplikacj\u0119 internetow\u0105. Aktualizuje si\u0119 ona automatycznie, bez konieczno\u015bci wykonywania dodatkowych czynno\u015bci przez u\u017cytkownika. W przypadku wi\u0119kszych aktualizacji poprosimy Ci\u0119 o zainstalowanie nowej wersji z naszej strony internetowej Magnetic Slots Casino.<\/p>\n<h3>Co nale\u017cy zrobi\u0107, je\u015bli aplikacja nie \u0142aduje si\u0119 lub ulega awarii?<\/h3>\n<p>Je\u015bli napotkasz jakiekolwiek problemy z aplikacj\u0105 Magneticslots, skontaktuj si\u0119 z naszym zespo\u0142em pomocy technicznej dost\u0119pnym przez ca\u0142\u0105 dob\u0119 support team. Nasi mened\u017cerowie szybko sprawdz\u0105 sytuacj\u0119 i znajd\u0105 rozwi\u0105zanie dla Twojego konkretnego przypadku. Oferujemy dwa kana\u0142y kontaktu: czat na \u017cywo lub e-mail.<\/p>\n<\/div><\/div><\/p>\n","protected":false},"excerpt":{"rendered":"<p>Aplikacja kasyna Magneticslots Magneticslots app to wersja PWA naszego kasyna. Mo\u017cesz otworzy\u0107 j\u0105 w przegl\u0105darce, doda\u0107 do ekranu g\u0142\u00f3wnego i mie\u0107 Magneticslots pod r\u0119k\u0105 bez przechodzenia przez sklep z aplikacjami. Oznacza to r\u00f3wnie\u017c, \u017ce nie ma osobnego procesu aktualizacji, kt\u00f3rym trzeba zarz\u0105dza\u0107, poniewa\u017c zmiany w aplikacji pojawiaj\u0105 si\u0119 za po\u015brednictwem samej platformy wraz z rozwojem [&hellip;]<\/p>\n","protected":false},"author":1,"featured_media":0,"parent":0,"menu_order":0,"comment_status":"closed","ping_status":"closed","template":"template-builder.php","meta":{"_acf_changed":false,"inline_featured_image":false,"footnotes":""},"class_list":["post-1439","page","type-page","status-publish","hentry"],"acf":[],"yoast_head":"<!-- This site is optimized with the Yoast SEO plugin v27.3 - https:\/\/yoast.com\/product\/yoast-seo-wordpress\/ -->\n<title>Magneticslots App | PWA na Androida, iPhone&#039;a, iPada i komputer<\/title>\n<meta name=\"description\" content=\"Zainstaluj Magnetic Slots App z naszej strony i trzymaj PWA na ekranie g\u0142\u00f3wnym, aby mie\u0107 szybszy dost\u0119p. U\u017cywaj jej na Androidzie, iPhonie, iPadzie, Windowsie lub Macu, pomi\u0144 sklep z aplikacjami, unikaj nieznanych plik\u00f3w APK i otrzymuj aktualizacje automatycznie.\" \/>\n<meta name=\"robots\" content=\"index, follow, max-snippet:-1, max-image-preview:large, max-video-preview:-1\" \/>\n<link rel=\"canonical\" href=\"https:\/\/magnetic-slots.net\/pl\/aplikacja\/\" \/>\n<meta property=\"og:locale\" content=\"pl_PL\" \/>\n<meta property=\"og:type\" content=\"article\" \/>\n<meta property=\"og:title\" content=\"Magneticslots App | PWA na Androida, iPhone&#039;a, iPada i komputer\" \/>\n<meta property=\"og:description\" content=\"Zainstaluj Magnetic Slots App z naszej strony i trzymaj PWA na ekranie g\u0142\u00f3wnym, aby mie\u0107 szybszy dost\u0119p. U\u017cywaj jej na Androidzie, iPhonie, iPadzie, Windowsie lub Macu, pomi\u0144 sklep z aplikacjami, unikaj nieznanych plik\u00f3w APK i otrzymuj aktualizacje automatycznie.\" \/>\n<meta property=\"og:url\" content=\"https:\/\/magnetic-slots.net\/pl\/aplikacja\/\" \/>\n<meta property=\"og:site_name\" content=\"magneticslots\" \/>\n<meta property=\"article:modified_time\" content=\"2026-04-01T10:07:25+00:00\" \/>\n<meta name=\"twitter:card\" content=\"summary_large_image\" \/>\n<meta name=\"twitter:label1\" content=\"Est. reading time\" \/>\n\t<meta name=\"twitter:data1\" content=\"2 minutes\" \/>\n<script type=\"application\/ld+json\" class=\"yoast-schema-graph\">{\"@context\":\"https:\\\/\\\/schema.org\",\"@graph\":[{\"@type\":\"WebPage\",\"@id\":\"https:\\\/\\\/magnetic-slots.net\\\/pl\\\/aplikacja\\\/\",\"url\":\"https:\\\/\\\/magnetic-slots.net\\\/pl\\\/aplikacja\\\/\",\"name\":\"Magneticslots App | PWA na Androida, iPhone'a, iPada i komputer\",\"isPartOf\":{\"@id\":\"https:\\\/\\\/magnetic-slots.net\\\/pl\\\/#website\"},\"datePublished\":\"2025-11-27T10:04:31+00:00\",\"dateModified\":\"2026-04-01T10:07:25+00:00\",\"description\":\"Zainstaluj Magnetic Slots App z naszej strony i trzymaj PWA na ekranie g\u0142\u00f3wnym, aby mie\u0107 szybszy dost\u0119p. U\u017cywaj jej na Androidzie, iPhonie, iPadzie, Windowsie lub Macu, pomi\u0144 sklep z aplikacjami, unikaj nieznanych plik\u00f3w APK i otrzymuj aktualizacje automatycznie.\",\"breadcrumb\":{\"@id\":\"https:\\\/\\\/magnetic-slots.net\\\/pl\\\/aplikacja\\\/#breadcrumb\"},\"inLanguage\":\"pl-PL\",\"potentialAction\":[{\"@type\":\"ReadAction\",\"target\":[\"https:\\\/\\\/magnetic-slots.net\\\/pl\\\/aplikacja\\\/\"]}]},{\"@type\":\"BreadcrumbList\",\"@id\":\"https:\\\/\\\/magnetic-slots.net\\\/pl\\\/aplikacja\\\/#breadcrumb\",\"itemListElement\":[{\"@type\":\"ListItem\",\"position\":1,\"name\":\"Magneticslots\",\"item\":\"https:\\\/\\\/magnetic-slots.net\\\/pl\\\/\"},{\"@type\":\"ListItem\",\"position\":2,\"name\":\"Aplikacja\"}]},{\"@type\":\"WebSite\",\"@id\":\"https:\\\/\\\/magnetic-slots.net\\\/pl\\\/#website\",\"url\":\"https:\\\/\\\/magnetic-slots.net\\\/pl\\\/\",\"name\":\"Magneticslots\",\"description\":\"\",\"publisher\":{\"@id\":\"https:\\\/\\\/magnetic-slots.net\\\/pl\\\/#organization\"},\"potentialAction\":[{\"@type\":\"SearchAction\",\"target\":{\"@type\":\"EntryPoint\",\"urlTemplate\":\"https:\\\/\\\/magnetic-slots.net\\\/pl\\\/?s={search_term_string}\"},\"query-input\":{\"@type\":\"PropertyValueSpecification\",\"valueRequired\":true,\"valueName\":\"search_term_string\"}}],\"inLanguage\":\"pl-PL\"},{\"@type\":\"Organization\",\"@id\":\"https:\\\/\\\/magnetic-slots.net\\\/pl\\\/#organization\",\"name\":\"Magneticslots\",\"url\":\"https:\\\/\\\/magnetic-slots.net\\\/pl\\\/\",\"logo\":{\"@type\":\"ImageObject\",\"inLanguage\":\"pl-PL\",\"@id\":\"https:\\\/\\\/magnetic-slots.net\\\/pl\\\/#\\\/schema\\\/logo\\\/image\\\/\",\"url\":\"https:\\\/\\\/magnetic-slots.net\\\/wp-content\\\/uploads\\\/2025\\\/11\\\/logo.svg\",\"contentUrl\":\"https:\\\/\\\/magnetic-slots.net\\\/wp-content\\\/uploads\\\/2025\\\/11\\\/logo.svg\",\"width\":160,\"height\":27,\"caption\":\"Magneticslots\"},\"image\":{\"@id\":\"https:\\\/\\\/magnetic-slots.net\\\/pl\\\/#\\\/schema\\\/logo\\\/image\\\/\"}}]}<\/script>\n<!-- \/ Yoast SEO plugin. -->","yoast_head_json":{"title":"Magneticslots App | PWA na Androida, iPhone'a, iPada i komputer","description":"Zainstaluj Magnetic Slots App z naszej strony i trzymaj PWA na ekranie g\u0142\u00f3wnym, aby mie\u0107 szybszy dost\u0119p. U\u017cywaj jej na Androidzie, iPhonie, iPadzie, Windowsie lub Macu, pomi\u0144 sklep z aplikacjami, unikaj nieznanych plik\u00f3w APK i otrzymuj aktualizacje automatycznie.","robots":{"index":"index","follow":"follow","max-snippet":"max-snippet:-1","max-image-preview":"max-image-preview:large","max-video-preview":"max-video-preview:-1"},"canonical":"https:\/\/magnetic-slots.net\/pl\/aplikacja\/","og_locale":"pl_PL","og_type":"article","og_title":"Magneticslots App | PWA na Androida, iPhone'a, iPada i komputer","og_description":"Zainstaluj Magnetic Slots App z naszej strony i trzymaj PWA na ekranie g\u0142\u00f3wnym, aby mie\u0107 szybszy dost\u0119p. U\u017cywaj jej na Androidzie, iPhonie, iPadzie, Windowsie lub Macu, pomi\u0144 sklep z aplikacjami, unikaj nieznanych plik\u00f3w APK i otrzymuj aktualizacje automatycznie.","og_url":"https:\/\/magnetic-slots.net\/pl\/aplikacja\/","og_site_name":"magneticslots","article_modified_time":"2026-04-01T10:07:25+00:00","twitter_card":"summary_large_image","twitter_misc":{"Est. reading time":"2 minutes"},"schema":{"@context":"https:\/\/schema.org","@graph":[{"@type":"WebPage","@id":"https:\/\/magnetic-slots.net\/pl\/aplikacja\/","url":"https:\/\/magnetic-slots.net\/pl\/aplikacja\/","name":"Magneticslots App | PWA na Androida, iPhone'a, iPada i komputer","isPartOf":{"@id":"https:\/\/magnetic-slots.net\/pl\/#website"},"datePublished":"2025-11-27T10:04:31+00:00","dateModified":"2026-04-01T10:07:25+00:00","description":"Zainstaluj Magnetic Slots App z naszej strony i trzymaj PWA na ekranie g\u0142\u00f3wnym, aby mie\u0107 szybszy dost\u0119p. U\u017cywaj jej na Androidzie, iPhonie, iPadzie, Windowsie lub Macu, pomi\u0144 sklep z aplikacjami, unikaj nieznanych plik\u00f3w APK i otrzymuj aktualizacje automatycznie.","breadcrumb":{"@id":"https:\/\/magnetic-slots.net\/pl\/aplikacja\/#breadcrumb"},"inLanguage":"pl-PL","potentialAction":[{"@type":"ReadAction","target":["https:\/\/magnetic-slots.net\/pl\/aplikacja\/"]}]},{"@type":"BreadcrumbList","@id":"https:\/\/magnetic-slots.net\/pl\/aplikacja\/#breadcrumb","itemListElement":[{"@type":"ListItem","position":1,"name":"Magneticslots","item":"https:\/\/magnetic-slots.net\/pl\/"},{"@type":"ListItem","position":2,"name":"Aplikacja"}]},{"@type":"WebSite","@id":"https:\/\/magnetic-slots.net\/pl\/#website","url":"https:\/\/magnetic-slots.net\/pl\/","name":"Magneticslots","description":"","publisher":{"@id":"https:\/\/magnetic-slots.net\/pl\/#organization"},"potentialAction":[{"@type":"SearchAction","target":{"@type":"EntryPoint","urlTemplate":"https:\/\/magnetic-slots.net\/pl\/?s={search_term_string}"},"query-input":{"@type":"PropertyValueSpecification","valueRequired":true,"valueName":"search_term_string"}}],"inLanguage":"pl-PL"},{"@type":"Organization","@id":"https:\/\/magnetic-slots.net\/pl\/#organization","name":"Magneticslots","url":"https:\/\/magnetic-slots.net\/pl\/","logo":{"@type":"ImageObject","inLanguage":"pl-PL","@id":"https:\/\/magnetic-slots.net\/pl\/#\/schema\/logo\/image\/","url":"https:\/\/magnetic-slots.net\/wp-content\/uploads\/2025\/11\/logo.svg","contentUrl":"https:\/\/magnetic-slots.net\/wp-content\/uploads\/2025\/11\/logo.svg","width":160,"height":27,"caption":"Magneticslots"},"image":{"@id":"https:\/\/magnetic-slots.net\/pl\/#\/schema\/logo\/image\/"}}]}},"_links":{"self":[{"href":"https:\/\/magnetic-slots.net\/pl\/wp-json\/wp\/v2\/pages\/1439","targetHints":{"allow":["GET"]}}],"collection":[{"href":"https:\/\/magnetic-slots.net\/pl\/wp-json\/wp\/v2\/pages"}],"about":[{"href":"https:\/\/magnetic-slots.net\/pl\/wp-json\/wp\/v2\/types\/page"}],"author":[{"embeddable":true,"href":"https:\/\/magnetic-slots.net\/pl\/wp-json\/wp\/v2\/users\/1"}],"replies":[{"embeddable":true,"href":"https:\/\/magnetic-slots.net\/pl\/wp-json\/wp\/v2\/comments?post=1439"}],"version-history":[{"count":4,"href":"https:\/\/magnetic-slots.net\/pl\/wp-json\/wp\/v2\/pages\/1439\/revisions"}],"predecessor-version":[{"id":2081,"href":"https:\/\/magnetic-slots.net\/pl\/wp-json\/wp\/v2\/pages\/1439\/revisions\/2081"}],"wp:attachment":[{"href":"https:\/\/magnetic-slots.net\/pl\/wp-json\/wp\/v2\/media?parent=1439"}],"curies":[{"name":"wp","href":"https:\/\/api.w.org\/{rel}","templated":true}]}}