{"id":1478,"date":"2025-11-27T10:12:04","date_gmt":"2025-11-27T10:12:04","guid":{"rendered":"https:\/\/magnetic-slots.net\/login-and-registration\/"},"modified":"2026-04-01T11:09:24","modified_gmt":"2026-04-01T10:09:24","slug":"logowanie-i-rejestracja","status":"publish","type":"page","link":"https:\/\/magnetic-slots.net\/pl\/logowanie-i-rejestracja\/","title":{"rendered":"Logowanie i Rejestracja"},"content":{"rendered":"<h1>Magneticslots logowanie i rejestracja konta<\/h1>\n<p>Magneticslots login to punkt, w kt\u00f3rym przechodzisz z publicznej cz\u0119\u015bci naszego kasyna do w\u0142asnej przestrzeni u\u017cytkownika na platformie. Gdy si\u0119 zalogujesz, Magneticslots staje si\u0119 bardziej osobiste. Utrzymujemy ten krok w jasnej i znajomej formie, dzi\u0119ki czemu mo\u017cesz wr\u00f3ci\u0107 do swojego profilu bez dodatkowego wysi\u0142ku.<\/p>\n<p>Od codziennego dost\u0119pu po p\u00f3\u017aniejsze weryfikacje konta, obszar logowania obejmuje t\u0119 cz\u0119\u015b\u0107 Magnetic Slots, kt\u00f3ra nale\u017cy do ciebie. To ten krok prowadzi ci\u0119 z powrotem do twojego konta zawsze wtedy, gdy chcesz gra\u0107, sprawdzi\u0107 swoje dane lub dalej korzysta\u0107 z platformy.<\/p>\n<p><div class=\"banner-wrap\" aria-label=\"Banner\"><img src=\"https:\/\/magnetic-slots.net\/wp-content\/uploads\/2025\/11\/header-bg-1.webp\" class=\"w-100 d-none d-lg-block img-pc main-banner-img\" alt=\"MagneticSlots banner desktop\" fetchpriority=\"high\" decoding=\"async\"><img src=\"https:\/\/magnetic-slots.net\/wp-content\/uploads\/2025\/11\/MagneticSlots-mobile-banner.webp\" class=\"w-100 d-none d-md-block d-lg-none main-banner-img\" alt=\"MagneticSlots mobile banner\" fetchpriority=\"high\" decoding=\"async\"><img src=\"https:\/\/magnetic-slots.net\/wp-content\/uploads\/2025\/11\/MagneticSlots-mobile-banner.webp\" class=\"w-100 d-md-none\" alt=\"MagneticSlots mobile banner\" fetchpriority=\"high\" decoding=\"async\"><div class=\"banner-description\">\n<div class=\"banner-title\">Bonusy powitalne<\/div>\n<p class=\"banner-header-title\">1500 \u20ac<\/p>\n<div class=\"banner-header-AdditionalText\">+ 250 Darmowe spiny<\/div>\n<button data-item=\"homepage_banner_link\" class=\"goto m-button m-gradient-border m-button--primary m-button--large banner-button btn-orange\">\n            <div class=\"m-button-content\">\n                <span>Zarejestruj si\u0119 teraz<\/span>\n                <span><\/span>\n            <\/div>\n        <\/button>\n<\/div>\n<div class=\"WelcomePack\">\n<p><img loading=\"lazy\" decoding=\"async\" class=\"alignnone size-full wp-image-1337\" src=\"https:\/\/magnetic-slots.net\/wp-content\/uploads\/2025\/11\/welcome-crown.svg\" alt=\"crown\" width=\"25\" height=\"26\" \/><\/p>\n<div class=\"WelcomePack-Info\">Cotygodniowy zwrot got\u00f3wki do 25%<\/div>\n<p><img loading=\"lazy\" decoding=\"async\" class=\"alignnone size-full wp-image-1337\" src=\"https:\/\/magnetic-slots.net\/wp-content\/uploads\/2025\/11\/welcome-crown.svg\" alt=\"crown\" width=\"25\" height=\"26\" \/><\/p>\n<\/div>\n<\/div><div class=\"scrollable-content-wrap my-5\"><div class=\"scrollable-content-inner\"><h2>Jak korzysta\u0107 z Magneticslots login<\/h2>\n<p>Je\u015bli chcesz otworzy\u0107 \u015bwiat gier online z ponad 6.000 tytu\u0142\u00f3w, ekscytuj\u0105cymi bonusami i bezpiecznymi p\u0142atno\u015bciami, wystarczy przej\u015b\u0107 przez proces logowania do Magneticslots. U\u017cytkownicy mog\u0105 to zrobi\u0107, klikaj\u0105c przycisk \u201eZaloguj si\u0119\u201d na stronie g\u0142\u00f3wnej i wprowadzaj\u0105c dane osobowe podane podczas rejestracji.<\/p>\n<p>Ka\u017cda sytuacja mo\u017ce si\u0119 zdarzy\u0107, w tym zapomnienie has\u0142a. Na naszej platformie mamy rozwi\u0105zanie dla takiej sytuacji. W formularzu Magneticslots login masz mo\u017cliwo\u015b\u0107 zresetowania has\u0142a i utworzenia nowego, klikaj\u0105c link \u201eNie pami\u0119tasz has\u0142a?\u201d.<\/p>\n<p>Je\u015bli nie mo\u017cesz uzyska\u0107 dost\u0119pu do swojego konta w Magneticslots Casino, skontaktuj si\u0119 z naszym zespo\u0142em pomocy technicznej za po\u015brednictwem czatu na \u017cywo lub poczty elektronicznej. Nasi mened\u017cerowie sprawdz\u0105 Twoje konto i zaproponuj\u0105 rozwi\u0105zanie.<\/p>\n<h2>Magnetic Slots proces rejestracji i tworzenia konta<\/h2>\n<p>Dzi\u0119kujemy wszystkim nowym klientom za wybranie Magneticslots Casino jako platformy do gry. W aplikacji lub na stronie internetowej mo\u017cna zako\u0144czy\u0107 proces rejestracji w ci\u0105gu 3 minut. Poprosimy Ci\u0119 tylko o podanie najwa\u017cniejszych informacji: adresu e-mail i has\u0142a. Upewnij si\u0119, \u017ce Twoje has\u0142o jest silne, aby nikt inny nie mia\u0142 dost\u0119pu do Twojego konta Magneticslots.<\/p>\n<p>Post\u0119puj zgodnie z naszymi instrukcjami, aby przej\u015b\u0107 prosty proces rejestracji:<\/p>\n<ol>\n<li>Przejd\u017a do sekcji rejestracji, klikaj\u0105c przycisk \u201eZarejestruj si\u0119\u201d w prawym g\u00f3rnym rogu.<\/li>\n<li>Wpisz sw\u00f3j adres e-mail i utw\u00f3rz has\u0142o sk\u0142adaj\u0105ce si\u0119 z co najmniej 6 znak\u00f3w.<\/li>\n<li>Potwierd\u017a sw\u00f3j wiek. Zasady Magneticslots Casino pozwalaj\u0105 na rejestracj\u0119 tylko osobom, kt\u00f3re uko\u0144czy\u0142y 18 lat.<\/li>\n<li>Zaakceptuj zasady naszej strony internetowej. Warunki u\u017cytkowania znajdziesz w stopce strony internetowej.<\/li>\n<li>Kliknij przycisk \u201eZarejestruj si\u0119\u201d, aby potwierdzi\u0107 rejestracj\u0119.<\/li>\n<\/ol>\n<h3>Ustawienia konta i funkcje<\/h3>\n<p>Za\u0142o\u017cenie konta w serwisie Magneticslots nie jest konieczne, ale zapewnia wiele korzy\u015bci. Bez rejestracji mo\u017cna gra\u0107 tylko w niekt\u00f3re gry w trybie demo. Jednak po utworzeniu konta uzyskuje si\u0119 dost\u0119p do wielu dodatkowych funkcji i narz\u0119dzi.<\/p>\n<p>Na koncie Magneticslots Casino mo\u017cesz w dowolnym momencie zmieni\u0107 swoje dane osobowe lub informacje dotycz\u0105ce p\u0142atno\u015bci. Znajdziesz tam r\u00f3wnie\u017c narz\u0119dzia umo\u017cliwiaj\u0105ce odpowiedzialn\u0105 gr\u0119. Ponadto zawsze mo\u017cesz przegl\u0105da\u0107 i analizowa\u0107 swoj\u0105 histori\u0119 gier, bonus\u00f3w i transakcji finansowych.<\/p>\n<p><img loading=\"lazy\" decoding=\"async\" class=\"alignnone size-full wp-image-2036\" src=\"https:\/\/magnetic-slots.net\/wp-content\/uploads\/2026\/04\/Nyxbets-Login.webp\" alt=\"Login\" width=\"1248\" height=\"536\" srcset=\"https:\/\/magnetic-slots.net\/wp-content\/uploads\/2026\/04\/Nyxbets-Login.webp 1248w, https:\/\/magnetic-slots.net\/wp-content\/uploads\/2026\/04\/Nyxbets-Login-300x129.webp 300w, https:\/\/magnetic-slots.net\/wp-content\/uploads\/2026\/04\/Nyxbets-Login-1024x440.webp 1024w, https:\/\/magnetic-slots.net\/wp-content\/uploads\/2026\/04\/Nyxbets-Login-768x330.webp 768w\" sizes=\"auto, (max-width: 1248px) 100vw, 1248px\" \/><\/p>\n<h2>Dlaczego musisz zweryfikowa\u0107 swoje konto<\/h2>\n<p>W kasynie Magneticslots proces weryfikacji jest wa\u017cnym krokiem w celu zapewnienia bezpiecze\u0144stwa platformy i unikni\u0119cia oszustw. Prosimy wszystkich naszych klient\u00f3w, niezale\u017cnie od regionu, o weryfikacj\u0119 to\u017csamo\u015bci, wieku, adresu zamieszkania i w\u0142asno\u015bci konta p\u0142atniczego. Dlatego podczas rejestracji nale\u017cy poda\u0107 prawdziwe dane osobowe i informacje dotycz\u0105ce p\u0142atno\u015bci.<\/p>\n<p>Proces weryfikacji odbywa si\u0119 przed pierwsz\u0105 wyp\u0142at\u0105 \u015brodk\u00f3w. Musisz przes\u0142a\u0107 kopie lub zdj\u0119cia swoich dokument\u00f3w na platform\u0119 Magneticslots, a nasi mened\u017cerowie sprawdz\u0105 je w ci\u0105gu 48 godzin. Po otrzymaniu zielonego \u015bwiat\u0142a mo\u017cesz wyp\u0142aci\u0107 wygrane bez dalszych op\u00f3\u017anie\u0144. Poni\u017cej znajdziesz najwa\u017cniejsze informacje dotycz\u0105ce dokument\u00f3w.<\/p>\n<table>\n<tbody>\n<tr>\n<td>Co to dowodzi<\/td>\n<td>Wymagane dokumenty<\/td>\n<\/tr>\n<tr>\n<td>Weryfikacja to\u017csamo\u015bci i wieku<\/td>\n<td>Dokument to\u017csamo\u015bci wydany przez rz\u0105d (paszport, dow\u00f3d osobisty, prawo jazdy)<\/td>\n<\/tr>\n<tr>\n<td>Potwierdzenie adresu<\/td>\n<td>Rachunek za media, wyci\u0105g bankowy, pismo podatkowe lub oficjalna korespondencja (z dat\u0105 nie starsz\u0105 ni\u017c 3 miesi\u0105ce)<\/td>\n<\/tr>\n<tr>\n<td>W\u0142asno\u015b\u0107 metody p\u0142atno\u015bci<\/td>\n<td>Zrzut ekranu lub potwierdzenie u\u017cytej metody p\u0142atno\u015bci (karta bankowa, portfel elektroniczny, potwierdzenie portfela kryptowalutowego)<\/td>\n<\/tr>\n<\/tbody>\n<\/table>\n<h2>Cz\u0119sto zadawane pytania<\/h2>\n<h3>Jak zalogowa\u0107 si\u0119 na swoje konto w kasynie Magneticslots Casino?<\/h3>\n<p>Aby przej\u015b\u0107 przez proces logowania do Magnetic Slots, nale\u017cy wprowadzi\u0107 adres e-mail i has\u0142o u\u017cyte podczas rejestracji. Podczas tego procesu nie jest wymagana \u017cadna dodatkowa weryfikacja.<\/p>\n<h3>Co zrobi\u0107, je\u015bli zapomnia\u0142em has\u0142a?<\/h3>\n<p>W kroku logowanie do Magneticslots nale\u017cy wybra\u0107 link \u201eNie pami\u0119tasz has\u0142a?\u201d. Wy\u015blemy Ci link resetuj\u0105cy has\u0142o na adres e-mail, aby\u015b m\u00f3g\u0142 je zaktualizowa\u0107. Je\u015bli nie otrzyma\u0142e\u015b naszej wiadomo\u015bci e-mail, skontaktuj si\u0119 z zespo\u0142em wieloj\u0119zycznej pomocy technicznej.<\/p>\n<h3>Czy mog\u0119 zmieni\u0107 dane mojego konta po rejestracji?<\/h3>\n<p>W ustawieniach konta mo\u017cesz zmieni\u0107 dowolne dane osobowe lub informacje dotycz\u0105ce p\u0142atno\u015bci. Proces ten jest do\u015b\u0107 prosty i zajmuje nie wi\u0119cej ni\u017c kilka minut.<\/p>\n<h3>Czy moje dane osobowe s\u0105 bezpieczne, gdy loguj\u0119 si\u0119 do serwisu Magnetic Slots?<\/h3>\n<p>Jako licencjonowane kasyno online, w Magneticslots priorytetowo traktujemy bezpiecze\u0144stwo naszych klient\u00f3w. Dlatego wszystkie dane i transakcje s\u0105 zabezpieczone za pomoc\u0105 innowacyjnego szyfrowania SSL. Ka\u017cdy szczeg\u00f3\u0142 naszej strony internetowej zosta\u0142 zaprojektowany z my\u015bl\u0105 o zgodno\u015bci z RODO.<\/p>\n<\/div><\/div><\/p>\n","protected":false},"excerpt":{"rendered":"<p>Magneticslots logowanie i rejestracja konta Magneticslots login to punkt, w kt\u00f3rym przechodzisz z publicznej cz\u0119\u015bci naszego kasyna do w\u0142asnej przestrzeni u\u017cytkownika na platformie. Gdy si\u0119 zalogujesz, Magneticslots staje si\u0119 bardziej osobiste. Utrzymujemy ten krok w jasnej i znajomej formie, dzi\u0119ki czemu mo\u017cesz wr\u00f3ci\u0107 do swojego profilu bez dodatkowego wysi\u0142ku. Od codziennego dost\u0119pu po p\u00f3\u017aniejsze weryfikacje [&hellip;]<\/p>\n","protected":false},"author":1,"featured_media":0,"parent":0,"menu_order":0,"comment_status":"closed","ping_status":"closed","template":"template-builder.php","meta":{"_acf_changed":false,"inline_featured_image":false,"footnotes":""},"class_list":["post-1478","page","type-page","status-publish","hentry"],"acf":[],"yoast_head":"<!-- This site is optimized with the Yoast SEO plugin v27.3 - https:\/\/yoast.com\/product\/yoast-seo-wordpress\/ -->\n<title>Magneticslots Login | Reset has\u0142a i dost\u0119p do konta<\/title>\n<meta name=\"description\" content=\"U\u017cyj Magnetic Slots Login, aby uzyska\u0107 dost\u0119p do konta, zresetowa\u0107 has\u0142o i wr\u00f3ci\u0107 do swojego profilu. Zarejestruj si\u0119 za pomoc\u0105 adresu e-mail i has\u0142a, doko\u0144cz proces rejestracji i zarz\u0105dzaj swoimi danymi osobowymi oraz danymi p\u0142atno\u015bci na platformie.\" \/>\n<meta name=\"robots\" content=\"index, follow, max-snippet:-1, max-image-preview:large, max-video-preview:-1\" \/>\n<link rel=\"canonical\" href=\"https:\/\/magnetic-slots.net\/pl\/logowanie-i-rejestracja\/\" \/>\n<meta property=\"og:locale\" content=\"pl_PL\" \/>\n<meta property=\"og:type\" content=\"article\" \/>\n<meta property=\"og:title\" content=\"Magneticslots Login | Reset has\u0142a i dost\u0119p do konta\" \/>\n<meta property=\"og:description\" content=\"U\u017cyj Magnetic Slots Login, aby uzyska\u0107 dost\u0119p do konta, zresetowa\u0107 has\u0142o i wr\u00f3ci\u0107 do swojego profilu. Zarejestruj si\u0119 za pomoc\u0105 adresu e-mail i has\u0142a, doko\u0144cz proces rejestracji i zarz\u0105dzaj swoimi danymi osobowymi oraz danymi p\u0142atno\u015bci na platformie.\" \/>\n<meta property=\"og:url\" content=\"https:\/\/magnetic-slots.net\/pl\/logowanie-i-rejestracja\/\" \/>\n<meta property=\"og:site_name\" content=\"magneticslots\" \/>\n<meta property=\"article:modified_time\" content=\"2026-04-01T10:09:24+00:00\" \/>\n<meta name=\"twitter:card\" content=\"summary_large_image\" \/>\n<meta name=\"twitter:label1\" content=\"Est. reading time\" \/>\n\t<meta name=\"twitter:data1\" content=\"1 minute\" \/>\n<script type=\"application\/ld+json\" class=\"yoast-schema-graph\">{\"@context\":\"https:\\\/\\\/schema.org\",\"@graph\":[{\"@type\":\"WebPage\",\"@id\":\"https:\\\/\\\/magnetic-slots.net\\\/pl\\\/logowanie-i-rejestracja\\\/\",\"url\":\"https:\\\/\\\/magnetic-slots.net\\\/pl\\\/logowanie-i-rejestracja\\\/\",\"name\":\"Magneticslots Login | Reset has\u0142a i dost\u0119p do konta\",\"isPartOf\":{\"@id\":\"https:\\\/\\\/magnetic-slots.net\\\/pl\\\/#website\"},\"datePublished\":\"2025-11-27T10:12:04+00:00\",\"dateModified\":\"2026-04-01T10:09:24+00:00\",\"description\":\"U\u017cyj Magnetic Slots Login, aby uzyska\u0107 dost\u0119p do konta, zresetowa\u0107 has\u0142o i wr\u00f3ci\u0107 do swojego profilu. Zarejestruj si\u0119 za pomoc\u0105 adresu e-mail i has\u0142a, doko\u0144cz proces rejestracji i zarz\u0105dzaj swoimi danymi osobowymi oraz danymi p\u0142atno\u015bci na platformie.\",\"breadcrumb\":{\"@id\":\"https:\\\/\\\/magnetic-slots.net\\\/pl\\\/logowanie-i-rejestracja\\\/#breadcrumb\"},\"inLanguage\":\"pl-PL\",\"potentialAction\":[{\"@type\":\"ReadAction\",\"target\":[\"https:\\\/\\\/magnetic-slots.net\\\/pl\\\/logowanie-i-rejestracja\\\/\"]}]},{\"@type\":\"BreadcrumbList\",\"@id\":\"https:\\\/\\\/magnetic-slots.net\\\/pl\\\/logowanie-i-rejestracja\\\/#breadcrumb\",\"itemListElement\":[{\"@type\":\"ListItem\",\"position\":1,\"name\":\"Magneticslots\",\"item\":\"https:\\\/\\\/magnetic-slots.net\\\/pl\\\/\"},{\"@type\":\"ListItem\",\"position\":2,\"name\":\"Logowanie i Rejestracja\"}]},{\"@type\":\"WebSite\",\"@id\":\"https:\\\/\\\/magnetic-slots.net\\\/pl\\\/#website\",\"url\":\"https:\\\/\\\/magnetic-slots.net\\\/pl\\\/\",\"name\":\"Magneticslots\",\"description\":\"\",\"publisher\":{\"@id\":\"https:\\\/\\\/magnetic-slots.net\\\/pl\\\/#organization\"},\"potentialAction\":[{\"@type\":\"SearchAction\",\"target\":{\"@type\":\"EntryPoint\",\"urlTemplate\":\"https:\\\/\\\/magnetic-slots.net\\\/pl\\\/?s={search_term_string}\"},\"query-input\":{\"@type\":\"PropertyValueSpecification\",\"valueRequired\":true,\"valueName\":\"search_term_string\"}}],\"inLanguage\":\"pl-PL\"},{\"@type\":\"Organization\",\"@id\":\"https:\\\/\\\/magnetic-slots.net\\\/pl\\\/#organization\",\"name\":\"Magneticslots\",\"url\":\"https:\\\/\\\/magnetic-slots.net\\\/pl\\\/\",\"logo\":{\"@type\":\"ImageObject\",\"inLanguage\":\"pl-PL\",\"@id\":\"https:\\\/\\\/magnetic-slots.net\\\/pl\\\/#\\\/schema\\\/logo\\\/image\\\/\",\"url\":\"https:\\\/\\\/magnetic-slots.net\\\/wp-content\\\/uploads\\\/2025\\\/11\\\/logo.svg\",\"contentUrl\":\"https:\\\/\\\/magnetic-slots.net\\\/wp-content\\\/uploads\\\/2025\\\/11\\\/logo.svg\",\"width\":160,\"height\":27,\"caption\":\"Magneticslots\"},\"image\":{\"@id\":\"https:\\\/\\\/magnetic-slots.net\\\/pl\\\/#\\\/schema\\\/logo\\\/image\\\/\"}}]}<\/script>\n<!-- \/ Yoast SEO plugin. -->","yoast_head_json":{"title":"Magneticslots Login | Reset has\u0142a i dost\u0119p do konta","description":"U\u017cyj Magnetic Slots Login, aby uzyska\u0107 dost\u0119p do konta, zresetowa\u0107 has\u0142o i wr\u00f3ci\u0107 do swojego profilu. Zarejestruj si\u0119 za pomoc\u0105 adresu e-mail i has\u0142a, doko\u0144cz proces rejestracji i zarz\u0105dzaj swoimi danymi osobowymi oraz danymi p\u0142atno\u015bci na platformie.","robots":{"index":"index","follow":"follow","max-snippet":"max-snippet:-1","max-image-preview":"max-image-preview:large","max-video-preview":"max-video-preview:-1"},"canonical":"https:\/\/magnetic-slots.net\/pl\/logowanie-i-rejestracja\/","og_locale":"pl_PL","og_type":"article","og_title":"Magneticslots Login | Reset has\u0142a i dost\u0119p do konta","og_description":"U\u017cyj Magnetic Slots Login, aby uzyska\u0107 dost\u0119p do konta, zresetowa\u0107 has\u0142o i wr\u00f3ci\u0107 do swojego profilu. Zarejestruj si\u0119 za pomoc\u0105 adresu e-mail i has\u0142a, doko\u0144cz proces rejestracji i zarz\u0105dzaj swoimi danymi osobowymi oraz danymi p\u0142atno\u015bci na platformie.","og_url":"https:\/\/magnetic-slots.net\/pl\/logowanie-i-rejestracja\/","og_site_name":"magneticslots","article_modified_time":"2026-04-01T10:09:24+00:00","twitter_card":"summary_large_image","twitter_misc":{"Est. reading time":"1 minute"},"schema":{"@context":"https:\/\/schema.org","@graph":[{"@type":"WebPage","@id":"https:\/\/magnetic-slots.net\/pl\/logowanie-i-rejestracja\/","url":"https:\/\/magnetic-slots.net\/pl\/logowanie-i-rejestracja\/","name":"Magneticslots Login | Reset has\u0142a i dost\u0119p do konta","isPartOf":{"@id":"https:\/\/magnetic-slots.net\/pl\/#website"},"datePublished":"2025-11-27T10:12:04+00:00","dateModified":"2026-04-01T10:09:24+00:00","description":"U\u017cyj Magnetic Slots Login, aby uzyska\u0107 dost\u0119p do konta, zresetowa\u0107 has\u0142o i wr\u00f3ci\u0107 do swojego profilu. Zarejestruj si\u0119 za pomoc\u0105 adresu e-mail i has\u0142a, doko\u0144cz proces rejestracji i zarz\u0105dzaj swoimi danymi osobowymi oraz danymi p\u0142atno\u015bci na platformie.","breadcrumb":{"@id":"https:\/\/magnetic-slots.net\/pl\/logowanie-i-rejestracja\/#breadcrumb"},"inLanguage":"pl-PL","potentialAction":[{"@type":"ReadAction","target":["https:\/\/magnetic-slots.net\/pl\/logowanie-i-rejestracja\/"]}]},{"@type":"BreadcrumbList","@id":"https:\/\/magnetic-slots.net\/pl\/logowanie-i-rejestracja\/#breadcrumb","itemListElement":[{"@type":"ListItem","position":1,"name":"Magneticslots","item":"https:\/\/magnetic-slots.net\/pl\/"},{"@type":"ListItem","position":2,"name":"Logowanie i Rejestracja"}]},{"@type":"WebSite","@id":"https:\/\/magnetic-slots.net\/pl\/#website","url":"https:\/\/magnetic-slots.net\/pl\/","name":"Magneticslots","description":"","publisher":{"@id":"https:\/\/magnetic-slots.net\/pl\/#organization"},"potentialAction":[{"@type":"SearchAction","target":{"@type":"EntryPoint","urlTemplate":"https:\/\/magnetic-slots.net\/pl\/?s={search_term_string}"},"query-input":{"@type":"PropertyValueSpecification","valueRequired":true,"valueName":"search_term_string"}}],"inLanguage":"pl-PL"},{"@type":"Organization","@id":"https:\/\/magnetic-slots.net\/pl\/#organization","name":"Magneticslots","url":"https:\/\/magnetic-slots.net\/pl\/","logo":{"@type":"ImageObject","inLanguage":"pl-PL","@id":"https:\/\/magnetic-slots.net\/pl\/#\/schema\/logo\/image\/","url":"https:\/\/magnetic-slots.net\/wp-content\/uploads\/2025\/11\/logo.svg","contentUrl":"https:\/\/magnetic-slots.net\/wp-content\/uploads\/2025\/11\/logo.svg","width":160,"height":27,"caption":"Magneticslots"},"image":{"@id":"https:\/\/magnetic-slots.net\/pl\/#\/schema\/logo\/image\/"}}]}},"_links":{"self":[{"href":"https:\/\/magnetic-slots.net\/pl\/wp-json\/wp\/v2\/pages\/1478","targetHints":{"allow":["GET"]}}],"collection":[{"href":"https:\/\/magnetic-slots.net\/pl\/wp-json\/wp\/v2\/pages"}],"about":[{"href":"https:\/\/magnetic-slots.net\/pl\/wp-json\/wp\/v2\/types\/page"}],"author":[{"embeddable":true,"href":"https:\/\/magnetic-slots.net\/pl\/wp-json\/wp\/v2\/users\/1"}],"replies":[{"embeddable":true,"href":"https:\/\/magnetic-slots.net\/pl\/wp-json\/wp\/v2\/comments?post=1478"}],"version-history":[{"count":4,"href":"https:\/\/magnetic-slots.net\/pl\/wp-json\/wp\/v2\/pages\/1478\/revisions"}],"predecessor-version":[{"id":2083,"href":"https:\/\/magnetic-slots.net\/pl\/wp-json\/wp\/v2\/pages\/1478\/revisions\/2083"}],"wp:attachment":[{"href":"https:\/\/magnetic-slots.net\/pl\/wp-json\/wp\/v2\/media?parent=1478"}],"curies":[{"name":"wp","href":"https:\/\/api.w.org\/{rel}","templated":true}]}}